{"id":1550,"date":"2024-05-22T06:04:01","date_gmt":"2024-05-22T06:04:01","guid":{"rendered":"https:\/\/www.smartinternationaltrade.com\/?page_id=1550"},"modified":"2025-03-24T21:37:23","modified_gmt":"2025-03-24T18:37:23","slug":"bilisim-teknolojileri","status":"publish","type":"page","link":"https:\/\/smartinternationaltrade.com\/de\/hizmetlerimiz\/bilisim-teknolojileri\/","title":{"rendered":"Informationstechnologie"},"content":{"rendered":"<div data-elementor-type=\"wp-page\" data-elementor-id=\"1550\" class=\"elementor elementor-1550\" data-elementor-post-type=\"page\">\n\t\t\t\t<div class=\"elementor-element elementor-element-a897316 e-con-full e-flex e-con e-parent\" data-id=\"a897316\" data-element_type=\"container\" data-e-type=\"container\" data-settings=\"{&quot;background_background&quot;:&quot;classic&quot;}\">\n\t\t<div class=\"elementor-element elementor-element-8dca323 e-con-full e-flex e-con e-child\" data-id=\"8dca323\" data-element_type=\"container\" data-e-type=\"container\">\n\t\t\t\t<\/div>\n\t\t\t\t<\/div>\n\t\t<div class=\"elementor-element elementor-element-d3972e2 e-flex e-con-boxed e-con e-parent\" data-id=\"d3972e2\" data-element_type=\"container\" data-e-type=\"container\">\n\t\t\t\t\t<div class=\"e-con-inner\">\n\t\t<div class=\"elementor-element elementor-element-e2b460f e-con-full e-flex e-con e-child\" data-id=\"e2b460f\" data-element_type=\"container\" data-e-type=\"container\">\n\t\t<div class=\"elementor-element elementor-element-1dfaba5 e-con-full e-flex e-con e-child\" data-id=\"1dfaba5\" data-element_type=\"container\" data-e-type=\"container\">\n\t\t<div class=\"elementor-element elementor-element-4eaae76 e-con-full e-flex e-con e-child\" data-id=\"4eaae76\" data-element_type=\"container\" data-e-type=\"container\">\n\t\t\t\t<div class=\"elementor-element elementor-element-7c5b265 elementor-widget elementor-widget-image\" data-id=\"7c5b265\" data-element_type=\"widget\" data-e-type=\"widget\" data-widget_type=\"image.default\">\n\t\t\t\t<div class=\"elementor-widget-container\">\n\t\t\t\t\t\t\t\t\t\t\t\t\t\t\t<img fetchpriority=\"high\" decoding=\"async\" width=\"500\" height=\"334\" src=\"https:\/\/smartinternationaltrade.com\/wp-content\/uploads\/2024\/05\/bt-teknolojileri.webp\" class=\"attachment-full size-full wp-image-1566\" alt=\"\" srcset=\"https:\/\/smartinternationaltrade.com\/wp-content\/uploads\/2024\/05\/bt-teknolojileri.webp 500w, https:\/\/smartinternationaltrade.com\/wp-content\/uploads\/2024\/05\/bt-teknolojileri-300x200.webp 300w, https:\/\/smartinternationaltrade.com\/wp-content\/uploads\/2024\/05\/bt-teknolojileri-18x12.webp 18w\" sizes=\"(max-width: 500px) 100vw, 500px\" \/>\t\t\t\t\t\t\t\t\t\t\t\t\t\t\t<\/div>\n\t\t\t\t<\/div>\n\t\t\t\t<\/div>\n\t\t<div class=\"elementor-element elementor-element-62f6faa e-con-full e-flex e-con e-child\" data-id=\"62f6faa\" data-element_type=\"container\" data-e-type=\"container\">\n\t\t\t\t<div class=\"elementor-element elementor-element-77f050d elementor-widget elementor-widget-heading\" data-id=\"77f050d\" data-element_type=\"widget\" data-e-type=\"widget\" data-widget_type=\"heading.default\">\n\t\t\t\t<div class=\"elementor-widget-container\">\n\t\t\t\t\t<h5 class=\"elementor-heading-title elementor-size-default\">SMART INTERNATIONAL TRADE<\/h5>\t\t\t\t<\/div>\n\t\t\t\t<\/div>\n\t\t\t\t<div class=\"elementor-element elementor-element-216b306 elementor-widget elementor-widget-heading\" data-id=\"216b306\" data-element_type=\"widget\" data-e-type=\"widget\" data-widget_type=\"heading.default\">\n\t\t\t\t<div class=\"elementor-widget-container\">\n\t\t\t\t\t<h2 class=\"elementor-heading-title elementor-size-default\">INFORMATIONSTECHNOLOGIEN\n<br>\nCYBER-SICHERHEIT<\/h2>\t\t\t\t<\/div>\n\t\t\t\t<\/div>\n\t\t\t\t<\/div>\n\t\t\t\t<\/div>\n\t\t\t\t<\/div>\n\t\t\t\t\t<\/div>\n\t\t\t\t<\/div>\n\t\t<div class=\"elementor-element elementor-element-d40623c e-flex e-con-boxed e-con e-parent\" data-id=\"d40623c\" data-element_type=\"container\" data-e-type=\"container\">\n\t\t\t\t\t<div class=\"e-con-inner\">\n\t\t<div class=\"elementor-element elementor-element-354fdb8 e-con-full e-flex e-con e-child\" data-id=\"354fdb8\" data-element_type=\"container\" data-e-type=\"container\">\n\t\t<div class=\"elementor-element elementor-element-7de3d93 e-con-full e-flex e-con e-child\" data-id=\"7de3d93\" data-element_type=\"container\" data-e-type=\"container\">\n\t\t<div class=\"elementor-element elementor-element-5d0791e e-con-full e-flex e-con e-child\" data-id=\"5d0791e\" data-element_type=\"container\" data-e-type=\"container\">\n\t\t\t\t<div class=\"elementor-element elementor-element-134ba65 elementor-widget elementor-widget-text-editor\" data-id=\"134ba65\" data-element_type=\"widget\" data-e-type=\"widget\" data-widget_type=\"text-editor.default\">\n\t\t\t\t<div class=\"elementor-widget-container\">\n\t\t\t\t\t\t\t\t\t<p>Der Begriff Informationstechnologie (IT) bezieht sich auf die Technologien, die f\u00fcr die Erfassung, Verarbeitung, Speicherung und \u00dcbertragung von Informationen und Daten verwendet werden. Diese Technologien spielen in allen Bereichen der modernen Welt eine entscheidende Rolle und werden in einer Vielzahl von Anwendungen eingesetzt, von Unternehmen bis hin zum t\u00e4glichen Leben. Zu den Schl\u00fcsselkomponenten der IT geh\u00f6ren Computer, Software, Netzwerke und Datenspeicherl\u00f6sungen.<\/p><p>Bei der Cybersicherheit handelt es sich um eine Reihe von technologischen und organisatorischen Ma\u00dfnahmen, die darauf abzielen, digitale Daten, Systeme und Netze vor unbefugtem Zugriff, Angriffen und Sch\u00e4den zu sch\u00fctzen. Mit der weit verbreiteten Nutzung des Internets hat die Bedeutung der Cybersicherheit noch zugenommen.<\/p><p><strong>Die Bedeutung der Cybersicherheit<\/strong><\/p><p>Viele kritische Informationen, von pers\u00f6nlichen Daten bis zu Finanzinformationen, von Staatsgeheimnissen bis zu Unternehmensinformationen, sind in der digitalen Umgebung gespeichert. Der Schutz dieser Informationen ist sowohl f\u00fcr die individuelle als auch f\u00fcr die gesellschaftliche Sicherheit unerl\u00e4sslich. Cyberangriffe k\u00f6nnen zu finanziellen Verlusten, Rufsch\u00e4digung und Betriebsst\u00f6rungen f\u00fchren.<\/p>\t\t\t\t\t\t\t\t<\/div>\n\t\t\t\t<\/div>\n\t\t\t\t<\/div>\n\t\t<div class=\"elementor-element elementor-element-7246767 e-con-full e-flex e-con e-child\" data-id=\"7246767\" data-element_type=\"container\" data-e-type=\"container\">\n\t\t\t\t<div class=\"elementor-element elementor-element-e41fed6 elementor-widget elementor-widget-image\" data-id=\"e41fed6\" data-element_type=\"widget\" data-e-type=\"widget\" data-widget_type=\"image.default\">\n\t\t\t\t<div class=\"elementor-widget-container\">\n\t\t\t\t\t\t\t\t\t\t\t\t\t\t\t\t<a href=\"https:\/\/smartinternationaltrade.com\/wp-content\/uploads\/2024\/05\/smart-bt-products.pdf\">\n\t\t\t\t\t\t\t<img decoding=\"async\" width=\"1811\" height=\"2560\" src=\"https:\/\/smartinternationaltrade.com\/wp-content\/uploads\/2024\/05\/bt-pro-thumb-scaled.webp\" class=\"elementor-animation-grow attachment-full size-full wp-image-1574\" alt=\"\" srcset=\"https:\/\/smartinternationaltrade.com\/wp-content\/uploads\/2024\/05\/bt-pro-thumb-scaled.webp 1811w, https:\/\/smartinternationaltrade.com\/wp-content\/uploads\/2024\/05\/bt-pro-thumb-212x300.webp 212w, https:\/\/smartinternationaltrade.com\/wp-content\/uploads\/2024\/05\/bt-pro-thumb-724x1024.webp 724w, https:\/\/smartinternationaltrade.com\/wp-content\/uploads\/2024\/05\/bt-pro-thumb-768x1086.webp 768w, https:\/\/smartinternationaltrade.com\/wp-content\/uploads\/2024\/05\/bt-pro-thumb-1086x1536.webp 1086w, https:\/\/smartinternationaltrade.com\/wp-content\/uploads\/2024\/05\/bt-pro-thumb-1448x2048.webp 1448w, https:\/\/smartinternationaltrade.com\/wp-content\/uploads\/2024\/05\/bt-pro-thumb-8x12.webp 8w, https:\/\/smartinternationaltrade.com\/wp-content\/uploads\/2024\/05\/bt-pro-thumb-700x990.webp 700w\" sizes=\"(max-width: 1811px) 100vw, 1811px\" \/>\t\t\t\t\t\t\t\t<\/a>\n\t\t\t\t\t\t\t\t\t\t\t\t\t\t\t<\/div>\n\t\t\t\t<\/div>\n\t\t\t\t<div class=\"elementor-element elementor-element-da4e15b elementor-align-justify elementor-widget__width-initial elementor-widget-mobile__width-inherit elementor-widget elementor-widget-button\" data-id=\"da4e15b\" data-element_type=\"widget\" data-e-type=\"widget\" data-widget_type=\"button.default\">\n\t\t\t\t<div class=\"elementor-widget-container\">\n\t\t\t\t\t\t\t\t\t<div class=\"elementor-button-wrapper\">\n\t\t\t\t\t<a class=\"elementor-button elementor-button-link elementor-size-sm elementor-animation-grow\" href=\"https:\/\/smartinternationaltrade.com\/wp-content\/uploads\/2024\/05\/smart-bt-products.pdf\">\n\t\t\t\t\t\t<span class=\"elementor-button-content-wrapper\">\n\t\t\t\t\t\t<span class=\"elementor-button-icon\">\n\t\t\t\t<i aria-hidden=\"true\" class=\"fas fa-external-link-alt\"><\/i>\t\t\t<\/span>\n\t\t\t\t\t\t\t\t\t<span class=\"elementor-button-text\">Katalog zur Cybersicherheit<\/span>\n\t\t\t\t\t<\/span>\n\t\t\t\t\t<\/a>\n\t\t\t\t<\/div>\n\t\t\t\t\t\t\t\t<\/div>\n\t\t\t\t<\/div>\n\t\t\t\t<\/div>\n\t\t\t\t<\/div>\n\t\t\t\t<\/div>\n\t\t\t\t\t<\/div>\n\t\t\t\t<\/div>\n\t\t\t\t<\/div>","protected":false},"excerpt":{"rendered":"<p>SMART INTERNATIONAL TRADE B\u0130L\u0130\u015e\u0130M TEKNOLOJ\u0130LER\u0130 S\u0130BER G\u00dcVENL\u0130K Bili\u015fim Teknolojileri (BT), bilgi ve verilerin toplanmas\u0131, i\u015flenmesi, depolanmas\u0131 ve iletilmesi i\u00e7in kullan\u0131lan teknolojileri ifade eder. Bu teknolojiler, modern d\u00fcnyan\u0131n her alan\u0131nda kritik bir rol oynamaktad\u0131r ve i\u015fletmelerden g\u00fcnl\u00fck ya\u015fama kadar geni\u015f bir yelpazede uygulanmaktad\u0131r. BT\u2019nin temel bile\u015fenleri aras\u0131nda bilgisayarlar, yaz\u0131l\u0131mlar, a\u011flar ve veri depolama \u00e7\u00f6z\u00fcmleri yer al\u0131r. [&hellip;]<\/p>\n","protected":false},"author":1,"featured_media":0,"parent":135,"menu_order":0,"comment_status":"closed","ping_status":"closed","template":"","meta":{"footnotes":""},"class_list":["post-1550","page","type-page","status-publish","hentry"],"_links":{"self":[{"href":"https:\/\/smartinternationaltrade.com\/de\/wp-json\/wp\/v2\/pages\/1550","targetHints":{"allow":["GET"]}}],"collection":[{"href":"https:\/\/smartinternationaltrade.com\/de\/wp-json\/wp\/v2\/pages"}],"about":[{"href":"https:\/\/smartinternationaltrade.com\/de\/wp-json\/wp\/v2\/types\/page"}],"author":[{"embeddable":true,"href":"https:\/\/smartinternationaltrade.com\/de\/wp-json\/wp\/v2\/users\/1"}],"replies":[{"embeddable":true,"href":"https:\/\/smartinternationaltrade.com\/de\/wp-json\/wp\/v2\/comments?post=1550"}],"version-history":[{"count":31,"href":"https:\/\/smartinternationaltrade.com\/de\/wp-json\/wp\/v2\/pages\/1550\/revisions"}],"predecessor-version":[{"id":1816,"href":"https:\/\/smartinternationaltrade.com\/de\/wp-json\/wp\/v2\/pages\/1550\/revisions\/1816"}],"up":[{"embeddable":true,"href":"https:\/\/smartinternationaltrade.com\/de\/wp-json\/wp\/v2\/pages\/135"}],"wp:attachment":[{"href":"https:\/\/smartinternationaltrade.com\/de\/wp-json\/wp\/v2\/media?parent=1550"}],"curies":[{"name":"wp","href":"https:\/\/api.w.org\/{rel}","templated":true}]}}