{"id":182,"date":"2020-09-22T15:38:13","date_gmt":"2020-09-22T15:38:13","guid":{"rendered":"https:\/\/bridge400.qodeinteractive.com\/?page_id=182"},"modified":"2025-07-26T13:01:23","modified_gmt":"2025-07-26T10:01:23","slug":"hakkimizda","status":"publish","type":"page","link":"https:\/\/smartinternationaltrade.com\/de\/hakkimizda\/","title":{"rendered":"\u00dcber Uns"},"content":{"rendered":"<div data-elementor-type=\"wp-page\" data-elementor-id=\"182\" class=\"elementor elementor-182\" data-elementor-post-type=\"page\">\n\t\t\t\t<div class=\"elementor-element elementor-element-00e2a1e e-con-full e-flex e-con e-parent\" data-id=\"00e2a1e\" data-element_type=\"container\" data-e-type=\"container\" data-settings=\"{&quot;background_background&quot;:&quot;classic&quot;}\">\n\t\t<div class=\"elementor-element elementor-element-6ae4181 e-con-full e-flex e-con e-child\" data-id=\"6ae4181\" data-element_type=\"container\" data-e-type=\"container\">\n\t\t\t\t<\/div>\n\t\t\t\t<\/div>\n\t\t<div class=\"elementor-element elementor-element-06c57d7 e-flex e-con-boxed e-con e-parent\" data-id=\"06c57d7\" data-element_type=\"container\" data-e-type=\"container\">\n\t\t\t\t\t<div class=\"e-con-inner\">\n\t\t<div class=\"elementor-element elementor-element-c717fa9 e-con-full e-flex e-con e-child\" data-id=\"c717fa9\" data-element_type=\"container\" data-e-type=\"container\">\n\t\t<div class=\"elementor-element elementor-element-7e553f7 e-con-full e-flex e-con e-child\" data-id=\"7e553f7\" data-element_type=\"container\" data-e-type=\"container\">\n\t\t<div class=\"elementor-element elementor-element-3d36a90 e-con-full e-flex e-con e-child\" data-id=\"3d36a90\" data-element_type=\"container\" data-e-type=\"container\">\n\t\t\t\t<div class=\"elementor-element elementor-element-16f5b8a elementor-widget elementor-widget-image\" data-id=\"16f5b8a\" data-element_type=\"widget\" data-e-type=\"widget\" data-widget_type=\"image.default\">\n\t\t\t\t<div class=\"elementor-widget-container\">\n\t\t\t\t\t\t\t\t\t\t\t\t\t\t\t<img fetchpriority=\"high\" decoding=\"async\" width=\"500\" height=\"300\" src=\"https:\/\/smartinternationaltrade.com\/wp-content\/uploads\/2023\/03\/1-about.jpg\" class=\"attachment-full size-full wp-image-873\" alt=\"\" srcset=\"https:\/\/smartinternationaltrade.com\/wp-content\/uploads\/2023\/03\/1-about.jpg 500w, https:\/\/smartinternationaltrade.com\/wp-content\/uploads\/2023\/03\/1-about-300x180.jpg 300w\" sizes=\"(max-width: 500px) 100vw, 500px\" \/>\t\t\t\t\t\t\t\t\t\t\t\t\t\t\t<\/div>\n\t\t\t\t<\/div>\n\t\t\t\t<\/div>\n\t\t<div class=\"elementor-element elementor-element-e4ba5d9 e-con-full e-flex e-con e-child\" data-id=\"e4ba5d9\" data-element_type=\"container\" data-e-type=\"container\">\n\t\t\t\t<div class=\"elementor-element elementor-element-04504be elementor-widget elementor-widget-heading\" data-id=\"04504be\" data-element_type=\"widget\" data-e-type=\"widget\" data-widget_type=\"heading.default\">\n\t\t\t\t<div class=\"elementor-widget-container\">\n\t\t\t\t\t<h5 class=\"elementor-heading-title elementor-size-default\">Unser Gesch\u00e4ft ist internationaler Handel<\/h5>\t\t\t\t<\/div>\n\t\t\t\t<\/div>\n\t\t\t\t<div class=\"elementor-element elementor-element-8f1920d elementor-widget elementor-widget-heading\" data-id=\"8f1920d\" data-element_type=\"widget\" data-e-type=\"widget\" data-widget_type=\"heading.default\">\n\t\t\t\t<div class=\"elementor-widget-container\">\n\t\t\t\t\t<h2 class=\"elementor-heading-title elementor-size-default\">Die genaueste Adresse der Zuverl\u00e4ssigkeit und Qualit\u00e4t in der Versorgung!<\/h2>\t\t\t\t<\/div>\n\t\t\t\t<\/div>\n\t\t\t\t<\/div>\n\t\t\t\t<\/div>\n\t\t\t\t<\/div>\n\t\t\t\t\t<\/div>\n\t\t\t\t<\/div>\n\t\t<div class=\"elementor-element elementor-element-c2f3f69 e-flex e-con-boxed e-con e-parent\" data-id=\"c2f3f69\" data-element_type=\"container\" data-e-type=\"container\">\n\t\t\t\t\t<div class=\"e-con-inner\">\n\t\t<div class=\"elementor-element elementor-element-35fe72f e-con-full e-flex e-con e-child\" data-id=\"35fe72f\" data-element_type=\"container\" data-e-type=\"container\">\n\t\t\t\t<div class=\"elementor-element elementor-element-18bb11d elementor-widget elementor-widget-heading\" data-id=\"18bb11d\" data-element_type=\"widget\" data-e-type=\"widget\" data-widget_type=\"heading.default\">\n\t\t\t\t<div class=\"elementor-widget-container\">\n\t\t\t\t\t<h2 class=\"elementor-heading-title elementor-size-default\">\u00dcber Uns<\/h2>\t\t\t\t<\/div>\n\t\t\t\t<\/div>\n\t\t\t\t<div class=\"elementor-element elementor-element-a827190 elementor-widget elementor-widget-text-editor\" data-id=\"a827190\" data-element_type=\"widget\" data-e-type=\"widget\" data-widget_type=\"text-editor.default\">\n\t\t\t\t<div class=\"elementor-widget-container\">\n\t\t\t\t\t\t\t\t\t<p>Smart International Trade als Textil, Medizin, Bergbau, Landwirtschaft und Lebensmittel, Verpackung in verschiedenen Regionen der Welt, In den speziellen Design-Sektoren bieten wir das richtige Produkt, Qualit\u00e4t, die g\u00fcnstigsten Kosten und Versorgung mit unserer starken Logistik im Einklang mit den Anforderungen unserer Kunden. Gleichzeitig arbeiten wir mit spezialisierten Herstellern in bestimmten Branchen zusammen und beliefern unsere Kunden in verschiedenen Regionen der Welt und im Land.<\/p><p>In dieser Richtung, zusammen mit der Garantie f\u00fcr unsere in- und ausl\u00e4ndischen Partner, bieten wir alle erforderlichen Dienstleistungen mit unseren erfahrenen und kompetenten Mitarbeitern im internationalen Handel. (Zuverl\u00e4ssigkeit, Marktforschung, genaue Produktversorgung, gew\u00fcnschte Qualit\u00e4tsstandards, starke Logistik und optimale Kosten)<\/p><p>Wie bei all unserer bisherigen Arbeit sind wir stolz darauf, allen unseren Partnern weiterhin einen hervorragenden Service in der Preis\/Leistung-Gleichung zu bieten.<\/p>\t\t\t\t\t\t\t\t<\/div>\n\t\t\t\t<\/div>\n\t\t\t\t<\/div>\n\t\t\t\t\t<\/div>\n\t\t\t\t<\/div>\n\t\t<div class=\"elementor-element elementor-element-3fcf8b0 e-flex e-con-boxed e-con e-parent\" data-id=\"3fcf8b0\" data-element_type=\"container\" data-e-type=\"container\">\n\t\t\t\t\t<div class=\"e-con-inner\">\n\t\t<div class=\"elementor-element elementor-element-9e93116 e-con-full e-flex e-con e-child\" data-id=\"9e93116\" data-element_type=\"container\" data-e-type=\"container\">\n\t\t\t\t<div class=\"elementor-element elementor-element-9941127 elementor-widget elementor-widget-heading\" data-id=\"9941127\" data-element_type=\"widget\" data-e-type=\"widget\" data-widget_type=\"heading.default\">\n\t\t\t\t<div class=\"elementor-widget-container\">\n\t\t\t\t\t<h2 class=\"elementor-heading-title elementor-size-default\">Internationalen Handel<\/h2>\t\t\t\t<\/div>\n\t\t\t\t<\/div>\n\t\t\t\t<div class=\"elementor-element elementor-element-eba0651 elementor-widget elementor-widget-text-editor\" data-id=\"eba0651\" data-element_type=\"widget\" data-e-type=\"widget\" data-widget_type=\"text-editor.default\">\n\t\t\t\t<div class=\"elementor-widget-container\">\n\t\t\t\t\t\t\t\t\t<p>Internationaler Handel ist ein Austausch von Waren oder Dienstleistungen zwischen mindestens zwei verschiedenen L\u00e4ndern. \u00c4nderungen k\u00f6nnen Import oder Export sein. Import bezieht sich auf eine Ware oder Dienstleistung, die in das Inland gebracht wird. Export bezieht sich auf eine Ware oder Dienstleistung, die in ein fremdes Land verkauft wird.<\/p><p>Internationaler Handel ist eine Methode der wirtschaftlichen Interaktion zwischen internationalen Verm\u00f6genswerten und ist ein Beispiel f\u00fcr wirtschaftliche Verbindung. Andere Formen der wirtschaftlichen Konnektivit\u00e4t sind (1) ausl\u00e4ndische Finanzinvestitionen, (2) multinationale Unternehmen und (3) ausl\u00e4ndische Mitarbeiter. Das Wachstum dieser Formen der wirtschaftlichen Vernetzung wird als Globalisierung bezeichnet.<\/p><p><strong>Warum findet internationaler Handel statt?<\/strong><\/p><p>Internationaler Handel tritt auf, weil ein Land einen komparativen Vorteil in der Produktion einer bestimmten Ware oder Dienstleistung hat, insbesondere wenn die Opportunit\u00e4tskosten f\u00fcr die Herstellung dieser Ware oder Dienstleistung f\u00fcr dieses Land niedriger sind als f\u00fcr jedes andere Land. Wenn ein Land sich entscheidet, nicht mit anderen L\u00e4ndern zu handeln, gilt es als autark.<\/p><p>\u0130ki \u00fclkeli bir model d\u00fc\u015f\u00fcn\u00fcrsek, her iki \u00fclke de uzmanla\u015fma ve ticaretten kazan\u00e7 sa\u011flayabilir. Uzmanla\u015fma ve ticaret, her \u00fclkenin kar\u015f\u0131la\u015ft\u0131rmal\u0131 \u00fcst\u00fcnl\u00fc\u011fe sahip oldu\u011fu \u00fcr\u00fcn\u00fc \u00fcretmesine ve ard\u0131ndan ticaret yapmas\u0131na ve nihayetinde her iki maldan da daha fazla t\u00fcketmesine izin verecektir. Dolay\u0131s\u0131yla ticaretten elde edilen kazan\u00e7lar vard\u0131r.<\/p><p><strong>Quellen des Vergleichsvorteils<\/strong><\/p><p><strong>1.Internationale Unterschiede im Klima<\/strong><\/p><p>Internationale Klimaunterschiede spielen im internationalen Handel eine wichtige Rolle - beispielsweise exportieren tropische L\u00e4nder Produkte wie Kaffee und Zucker. Im Gegensatz dazu exportieren L\u00e4nder in gem\u00e4\u00dfigteren Regionen Weizen oder Mais. Der Handel wird auch von Unterschieden in Jahreszeiten und Geographie beeinflusst.<\/p><p><strong>2.Unterschiede in der Faktor Ausr\u00fcstung<\/strong><\/p><p>Unterschiede in der Faktorenausstattung bedeuten, dass einige L\u00e4nder in Bezug auf Land, Arbeit, Kapital und Humankapital ressourcenreicher sind als andere. Nach dem Heckscher-Ohlin-Modell hat ein Land einen komparativen Vorteil in der Produktion, wenn Ressourcen im Land reichlich vorhanden sind; zum Beispiel hat Kanada einen komparativen Vorteil in der Forstwirtschaft. Sie wird vor allem dadurch angetrieben, dass die Opportunit\u00e4tskosten f\u00fcr ein Land, das reich an verwandten Ressourcen ist, geringer sind.<\/p><p><strong>3.Unterschiede in der Technologie<\/strong><\/p><p>Die Unterschiede in der Technologie sind am deutlichsten in den \u00fcberlegenen Produktionsprozessen in verschiedenen L\u00e4ndern zu sehen. Denken Sie zum Beispiel an Japan in den 1970er Jahren - ein Land, das nicht extrem ressourcenreich ist, aber einen komparativen Vorteil in der Automobilproduktion hat. Die Japaner sind in der Lage, mehr Leistung als jedes andere Land mit einem gegebenen Input zu produzieren, und dies h\u00e4ngt von \u00fcberlegener japanischer Technologie ab.<\/p><p><strong>Beispiele f\u00fcr die internationale Handelspolitik<\/strong><\/p><p>Die meisten \u00d6konomen bevorzugen Freihandelsabkommen wegen ihres Potenzials, von Handel und komparativen Vorteilen zu profitieren. Denn diese \u00d6konomen glauben, dass staatliche Eingriffe die Effizienz der M\u00e4rkte verringern werden. Dennoch f\u00fchren viele Regierungen protektionistische Ma\u00dfnahmen durch, um inl\u00e4ndische Produzenten vor ausl\u00e4ndischen Produzenten zu sch\u00fctzen. Es gibt zwei wichtige protektionistische Politiken.<\/p><p><strong>1.die Tarife<\/strong><\/p><p>Ein Tarif ist eine Verbrauchssteuer, die beim Verkauf importierter Waren entrichtet wird. Z\u00f6lle werden verh\u00e4ngt, um Importe abzuschrecken und inl\u00e4ndische Hersteller zu sch\u00fctzen, und sind eine Quelle f\u00fcr staatliche Einnahmen.<\/p><p>Ein Tarif erh\u00f6ht den Preis, den die inl\u00e4ndischen Hersteller erhalten, und den Preis, den die inl\u00e4ndischen Verbraucher zahlen. Z\u00f6lle verursachen Gewichtsverluste, weil einige f\u00fcr beide Seiten vorteilhafte Gesch\u00e4fte nicht durchgef\u00fchrt werden und weil die Ressourcen einer Wirtschaft in ineffizienter Produktion verschwendet werden, erh\u00f6hen sie die Ineffizienz.<\/p><p><strong>2.Import Quoten<\/strong><\/p><p>Die Einfuhrquote bezieht sich auf eine gesetzliche Begrenzung der Menge an Waren, die innerhalb eines Landes eingef\u00fchrt werden k\u00f6nnen. In der Regel werden Importquoten \u00fcber Lizenzvertr\u00e4ge verwaltet. Ein Einfuhrkontingent f\u00fchrt zu einem \u00e4hnlichen Ergebnis wie ein Tarif, aber anstatt Steuereinnahmen zu generieren, erh\u00e4lt der Lizenznehmer eine Quotenrente.<\/p><p><strong>Argumente f\u00fcr eine protektionistische Handelspolitik<\/strong><\/p><p>drei Hauptargumente f\u00fcr eine protektionistische Handelspolitik:<\/p><p>Nationale Sicherheit<\/p><p>Schaffung<\/p><p>Schutz der Baby Industrie<\/p><p>Im Allgemeinen f\u00fchren Z\u00f6lle oder Einfuhrquoten zu Gewinnen f\u00fcr die Erzeuger und Verlusten f\u00fcr die Verbraucher. Daher ist die Umsetzung von Z\u00f6llen oder Importquoten oft auf den politischen Einfluss der Produzenten zur\u00fcckzuf\u00fchren.<\/p>\t\t\t\t\t\t\t\t<\/div>\n\t\t\t\t<\/div>\n\t\t\t\t<\/div>\n\t\t\t\t\t<\/div>\n\t\t\t\t<\/div>\n\t\t\t\t<\/div>","protected":false},"excerpt":{"rendered":"<p>\u0130\u015fimiz Uluslararas\u0131 Ticaret Tedarikte G\u00fcvenilirli\u011fin ve Kalitenin En Do\u011fru Adresi Hakk\u0131m\u0131zda Smart Uluslararas\u0131 Ticaret olarak d\u00fcnyan\u0131n \u00e7e\u015fitli b\u00f6lgelerine Tekstil, Medikal, Madencilik, Tar\u0131m ve G\u0131da, Ambalaj, \u00d6zel Tasar\u0131m sekt\u00f6rlerinde m\u00fc\u015fterilerimizin talepleri do\u011frultusunda do\u011fru \u00fcr\u00fcn, kalite standard\u0131, en uygun maliyetler ve g\u00fc\u00e7l\u00fc lojisti\u011fimiz ile tedarik sa\u011flamaktay\u0131z. Ayn\u0131 zamanda spesifik sekt\u00f6rlerde alan\u0131nda uzman \u00fcreticiler ile partnerlik yaparak d\u00fcnyan\u0131n [&hellip;]<\/p>\n","protected":false},"author":1,"featured_media":0,"parent":0,"menu_order":0,"comment_status":"closed","ping_status":"closed","template":"","meta":{"footnotes":""},"class_list":["post-182","page","type-page","status-publish","hentry"],"_links":{"self":[{"href":"https:\/\/smartinternationaltrade.com\/de\/wp-json\/wp\/v2\/pages\/182","targetHints":{"allow":["GET"]}}],"collection":[{"href":"https:\/\/smartinternationaltrade.com\/de\/wp-json\/wp\/v2\/pages"}],"about":[{"href":"https:\/\/smartinternationaltrade.com\/de\/wp-json\/wp\/v2\/types\/page"}],"author":[{"embeddable":true,"href":"https:\/\/smartinternationaltrade.com\/de\/wp-json\/wp\/v2\/users\/1"}],"replies":[{"embeddable":true,"href":"https:\/\/smartinternationaltrade.com\/de\/wp-json\/wp\/v2\/comments?post=182"}],"version-history":[{"count":103,"href":"https:\/\/smartinternationaltrade.com\/de\/wp-json\/wp\/v2\/pages\/182\/revisions"}],"predecessor-version":[{"id":1851,"href":"https:\/\/smartinternationaltrade.com\/de\/wp-json\/wp\/v2\/pages\/182\/revisions\/1851"}],"wp:attachment":[{"href":"https:\/\/smartinternationaltrade.com\/de\/wp-json\/wp\/v2\/media?parent=182"}],"curies":[{"name":"wp","href":"https:\/\/api.w.org\/{rel}","templated":true}]}}