{"id":1204,"date":"2023-03-18T08:54:36","date_gmt":"2023-03-18T08:54:36","guid":{"rendered":"https:\/\/www.smartinternationaltrade.com\/?page_id=1204"},"modified":"2025-03-24T21:18:53","modified_gmt":"2025-03-24T18:18:53","slug":"medical-trolley-bnz-4","status":"publish","type":"page","link":"https:\/\/smartinternationaltrade.com\/en\/hizmetlerimiz\/medikal\/medical-trolley-bnz-4\/","title":{"rendered":"Medical Trolley BNZ 4"},"content":{"rendered":"<div data-elementor-type=\"wp-page\" data-elementor-id=\"1204\" class=\"elementor elementor-1204\" data-elementor-post-type=\"page\">\n\t\t\t\t<div class=\"elementor-element elementor-element-4cf181a e-flex e-con-boxed e-con e-parent\" data-id=\"4cf181a\" data-element_type=\"container\" data-e-type=\"container\">\n\t\t\t\t\t<div class=\"e-con-inner\">\n\t\t<div class=\"elementor-element elementor-element-c59b5e4 e-con-full e-flex e-con e-child\" data-id=\"c59b5e4\" data-element_type=\"container\" data-e-type=\"container\">\n\t\t<div class=\"elementor-element elementor-element-0093e31 e-con-full e-flex e-con e-child\" data-id=\"0093e31\" data-element_type=\"container\" data-e-type=\"container\">\n\t\t<div class=\"elementor-element elementor-element-d35cc42 e-con-full e-flex e-con e-child\" data-id=\"d35cc42\" data-element_type=\"container\" data-e-type=\"container\">\n\t\t\t\t<div class=\"elementor-element elementor-element-2c96da4 elementor-widget elementor-widget-image\" data-id=\"2c96da4\" data-element_type=\"widget\" data-e-type=\"widget\" data-widget_type=\"image.default\">\n\t\t\t\t<div class=\"elementor-widget-container\">\n\t\t\t\t\t\t\t\t\t\t\t\t\t\t\t<img fetchpriority=\"high\" decoding=\"async\" width=\"330\" height=\"538\" src=\"https:\/\/smartinternationaltrade.com\/wp-content\/uploads\/2023\/03\/4.jpg\" class=\"attachment-full size-full wp-image-1085\" alt=\"\" srcset=\"https:\/\/smartinternationaltrade.com\/wp-content\/uploads\/2023\/03\/4.jpg 330w, https:\/\/smartinternationaltrade.com\/wp-content\/uploads\/2023\/03\/4-184x300.jpg 184w\" sizes=\"(max-width: 330px) 100vw, 330px\" \/>\t\t\t\t\t\t\t\t\t\t\t\t\t\t\t<\/div>\n\t\t\t\t<\/div>\n\t\t\t\t<\/div>\n\t\t<div class=\"elementor-element elementor-element-b6ecb58 e-con-full e-flex e-con e-child\" data-id=\"b6ecb58\" data-element_type=\"container\" data-e-type=\"container\">\n\t\t\t\t<div class=\"elementor-element elementor-element-18a9321 elementor-widget elementor-widget-heading\" data-id=\"18a9321\" data-element_type=\"widget\" data-e-type=\"widget\" data-widget_type=\"heading.default\">\n\t\t\t\t<div class=\"elementor-widget-container\">\n\t\t\t\t\t<h5 class=\"elementor-heading-title elementor-size-default\">SMART INTERNATIONAL TRADE<\/h5>\t\t\t\t<\/div>\n\t\t\t\t<\/div>\n\t\t\t\t<div class=\"elementor-element elementor-element-4ddaaf8 elementor-widget elementor-widget-text-editor\" data-id=\"4ddaaf8\" data-element_type=\"widget\" data-e-type=\"widget\" data-widget_type=\"text-editor.default\">\n\t\t\t\t<div class=\"elementor-widget-container\">\n\t\t\t\t\t\t\t\t\t<p>Solutions for Laparoscopy with excellent balance and stability<\/p><p>We provide a variety of solutions and options to the professionals with its innovative and modular design.<\/p><p>It stays durable to corrosion for many years owing to its 2mm electro galvanized steel body and electrostatic powder coating.<\/p><p>Easily adaptable modular system for a variety of health needs and conditions.<\/p><p>A wide option of accessories<\/p><p>Possibility of shelf and drawer configuration<\/p><p>A spacious support column for cables<\/p><p>Unique load capacity up to 300 kg.<\/p><p>We carry responsibility<\/p>\t\t\t\t\t\t\t\t<\/div>\n\t\t\t\t<\/div>\n\t\t\t\t<\/div>\n\t\t\t\t<\/div>\n\t\t\t\t<\/div>\n\t\t\t\t\t<\/div>\n\t\t\t\t<\/div>\n\t\t<div class=\"elementor-element elementor-element-fb92cde e-flex e-con-boxed e-con e-parent\" data-id=\"fb92cde\" data-element_type=\"container\" data-e-type=\"container\">\n\t\t\t\t\t<div class=\"e-con-inner\">\n\t\t<div class=\"elementor-element elementor-element-0965716 e-con-full e-flex e-con e-child\" data-id=\"0965716\" data-element_type=\"container\" data-e-type=\"container\">\n\t\t\t\t<div class=\"elementor-element elementor-element-f754120 elementor-widget elementor-widget-heading\" data-id=\"f754120\" data-element_type=\"widget\" data-e-type=\"widget\" data-widget_type=\"heading.default\">\n\t\t\t\t<div class=\"elementor-widget-container\">\n\t\t\t\t\t<h2 class=\"elementor-heading-title elementor-size-default\">Gallery<\/h2>\t\t\t\t<\/div>\n\t\t\t\t<\/div>\n\t\t\t\t<div class=\"elementor-element elementor-element-7bc5ae1 elementor-widget elementor-widget-gallery\" data-id=\"7bc5ae1\" data-element_type=\"widget\" data-e-type=\"widget\" data-settings=\"{&quot;columns&quot;:3,&quot;aspect_ratio&quot;:&quot;9:16&quot;,&quot;image_hover_animation&quot;:&quot;grow&quot;,&quot;gallery_layout&quot;:&quot;grid&quot;,&quot;columns_tablet&quot;:2,&quot;columns_mobile&quot;:1,&quot;gap&quot;:{&quot;unit&quot;:&quot;px&quot;,&quot;size&quot;:10,&quot;sizes&quot;:[]},&quot;gap_tablet&quot;:{&quot;unit&quot;:&quot;px&quot;,&quot;size&quot;:10,&quot;sizes&quot;:[]},&quot;gap_mobile&quot;:{&quot;unit&quot;:&quot;px&quot;,&quot;size&quot;:10,&quot;sizes&quot;:[]},&quot;link_to&quot;:&quot;file&quot;,&quot;overlay_background&quot;:&quot;yes&quot;,&quot;content_hover_animation&quot;:&quot;fade-in&quot;}\" data-widget_type=\"gallery.default\">\n\t\t\t\t<div class=\"elementor-widget-container\">\n\t\t\t\t\t\t\t<div class=\"elementor-gallery__container\">\n\t\t\t\t\t\t\t<a class=\"e-gallery-item elementor-gallery-item elementor-animated-content\" href=\"https:\/\/smartinternationaltrade.com\/wp-content\/uploads\/2023\/03\/4-gallery-11.jpg\" data-elementor-open-lightbox=\"yes\" data-elementor-lightbox-slideshow=\"7bc5ae1\" data-elementor-lightbox-title=\"4-gallery-11\" data-e-action-hash=\"#elementor-action%3Aaction%3Dlightbox%26settings%3DeyJpZCI6MTIxOCwidXJsIjoiaHR0cHM6XC9cL3NtYXJ0aW50ZXJuYXRpb25hbHRyYWRlLmNvbVwvd3AtY29udGVudFwvdXBsb2Fkc1wvMjAyM1wvMDNcLzQtZ2FsbGVyeS0xMS5qcGciLCJzbGlkZXNob3ciOiI3YmM1YWUxIn0%3D\">\n\t\t\t\t\t<div class=\"e-gallery-image elementor-gallery-item__image\" data-thumbnail=\"https:\/\/smartinternationaltrade.com\/wp-content\/uploads\/elementor\/thumbs\/4-gallery-11-q3p8uclufuiclffrbsrot4nqv8jub5eykqlys3t0ei.jpg\" data-width=\"150\" data-height=\"225\" aria-label=\"\" role=\"img\" ><\/div>\n\t\t\t\t\t\t\t\t\t\t\t<div class=\"elementor-gallery-item__overlay\"><\/div>\n\t\t\t\t\t\t\t\t\t\t\t\t\t\t<\/a>\n\t\t\t\t\t\t\t<a class=\"e-gallery-item elementor-gallery-item elementor-animated-content\" href=\"https:\/\/smartinternationaltrade.com\/wp-content\/uploads\/2023\/03\/4-gallery-10.jpg\" data-elementor-open-lightbox=\"yes\" data-elementor-lightbox-slideshow=\"7bc5ae1\" data-elementor-lightbox-title=\"4-gallery-10\" data-e-action-hash=\"#elementor-action%3Aaction%3Dlightbox%26settings%3DeyJpZCI6MTIxNywidXJsIjoiaHR0cHM6XC9cL3NtYXJ0aW50ZXJuYXRpb25hbHRyYWRlLmNvbVwvd3AtY29udGVudFwvdXBsb2Fkc1wvMjAyM1wvMDNcLzQtZ2FsbGVyeS0xMC5qcGciLCJzbGlkZXNob3ciOiI3YmM1YWUxIn0%3D\">\n\t\t\t\t\t<div class=\"e-gallery-image elementor-gallery-item__image\" data-thumbnail=\"https:\/\/smartinternationaltrade.com\/wp-content\/uploads\/elementor\/thumbs\/4-gallery-10-q3p8uaq626fry7ihmryfo54togt3vr7hwhaztjvsqy.jpg\" data-width=\"150\" data-height=\"225\" aria-label=\"\" role=\"img\" ><\/div>\n\t\t\t\t\t\t\t\t\t\t\t<div class=\"elementor-gallery-item__overlay\"><\/div>\n\t\t\t\t\t\t\t\t\t\t\t\t\t\t<\/a>\n\t\t\t\t\t\t\t<a class=\"e-gallery-item elementor-gallery-item elementor-animated-content\" href=\"https:\/\/smartinternationaltrade.com\/wp-content\/uploads\/2023\/03\/4-gallery-9.jpg\" data-elementor-open-lightbox=\"yes\" data-elementor-lightbox-slideshow=\"7bc5ae1\" data-elementor-lightbox-title=\"4-gallery-9\" data-e-action-hash=\"#elementor-action%3Aaction%3Dlightbox%26settings%3DeyJpZCI6MTIxNiwidXJsIjoiaHR0cHM6XC9cL3NtYXJ0aW50ZXJuYXRpb25hbHRyYWRlLmNvbVwvd3AtY29udGVudFwvdXBsb2Fkc1wvMjAyM1wvMDNcLzQtZ2FsbGVyeS05LmpwZyIsInNsaWRlc2hvdyI6IjdiYzVhZTEifQ%3D%3D\">\n\t\t\t\t\t<div class=\"e-gallery-image elementor-gallery-item__image\" data-thumbnail=\"https:\/\/smartinternationaltrade.com\/wp-content\/uploads\/elementor\/thumbs\/4-gallery-9-q3p8u6ytauamnrny8qbxe62zaxbn0yskjyp1wg1dfu.jpg\" data-width=\"150\" data-height=\"225\" aria-label=\"\" role=\"img\" ><\/div>\n\t\t\t\t\t\t\t\t\t\t\t<div class=\"elementor-gallery-item__overlay\"><\/div>\n\t\t\t\t\t\t\t\t\t\t\t\t\t\t<\/a>\n\t\t\t\t\t\t\t<a class=\"e-gallery-item elementor-gallery-item elementor-animated-content\" href=\"https:\/\/smartinternationaltrade.com\/wp-content\/uploads\/2023\/03\/4-gallery-8.jpg\" data-elementor-open-lightbox=\"yes\" data-elementor-lightbox-slideshow=\"7bc5ae1\" data-elementor-lightbox-title=\"4-gallery-8\" data-e-action-hash=\"#elementor-action%3Aaction%3Dlightbox%26settings%3DeyJpZCI6MTIxNSwidXJsIjoiaHR0cHM6XC9cL3NtYXJ0aW50ZXJuYXRpb25hbHRyYWRlLmNvbVwvd3AtY29udGVudFwvdXBsb2Fkc1wvMjAyM1wvMDNcLzQtZ2FsbGVyeS04LmpwZyIsInNsaWRlc2hvdyI6IjdiYzVhZTEifQ%3D%3D\">\n\t\t\t\t\t<div class=\"e-gallery-image elementor-gallery-item__image\" data-thumbnail=\"https:\/\/smartinternationaltrade.com\/wp-content\/uploads\/elementor\/thumbs\/4-gallery-8-q3p8u534x6820jqojpio96k245kwlkl3vpe2xw45sa.jpg\" data-width=\"150\" data-height=\"225\" aria-label=\"\" role=\"img\" ><\/div>\n\t\t\t\t\t\t\t\t\t\t\t<div class=\"elementor-gallery-item__overlay\"><\/div>\n\t\t\t\t\t\t\t\t\t\t\t\t\t\t<\/a>\n\t\t\t\t\t\t\t<a class=\"e-gallery-item elementor-gallery-item elementor-animated-content\" href=\"https:\/\/smartinternationaltrade.com\/wp-content\/uploads\/2023\/03\/4-gallery-7.jpg\" data-elementor-open-lightbox=\"yes\" data-elementor-lightbox-slideshow=\"7bc5ae1\" data-elementor-lightbox-title=\"4-gallery-7\" data-e-action-hash=\"#elementor-action%3Aaction%3Dlightbox%26settings%3DeyJpZCI6MTIxNCwidXJsIjoiaHR0cHM6XC9cL3NtYXJ0aW50ZXJuYXRpb25hbHRyYWRlLmNvbVwvd3AtY29udGVudFwvdXBsb2Fkc1wvMjAyM1wvMDNcLzQtZ2FsbGVyeS03LmpwZyIsInNsaWRlc2hvdyI6IjdiYzVhZTEifQ%3D%3D\">\n\t\t\t\t\t<div class=\"e-gallery-image elementor-gallery-item__image\" data-thumbnail=\"https:\/\/smartinternationaltrade.com\/wp-content\/uploads\/elementor\/thumbs\/4-gallery-7-q3p8u37gji5hdbteuopf4714xdu666dn7g33zc6y4q.jpg\" data-width=\"150\" data-height=\"225\" aria-label=\"\" role=\"img\" ><\/div>\n\t\t\t\t\t\t\t\t\t\t\t<div class=\"elementor-gallery-item__overlay\"><\/div>\n\t\t\t\t\t\t\t\t\t\t\t\t\t\t<\/a>\n\t\t\t\t\t\t\t<a class=\"e-gallery-item elementor-gallery-item elementor-animated-content\" href=\"https:\/\/smartinternationaltrade.com\/wp-content\/uploads\/2023\/03\/4-gallery-6.jpg\" data-elementor-open-lightbox=\"yes\" data-elementor-lightbox-slideshow=\"7bc5ae1\" data-elementor-lightbox-title=\"4-gallery-6\" data-e-action-hash=\"#elementor-action%3Aaction%3Dlightbox%26settings%3DeyJpZCI6MTIxMywidXJsIjoiaHR0cHM6XC9cL3NtYXJ0aW50ZXJuYXRpb25hbHRyYWRlLmNvbVwvd3AtY29udGVudFwvdXBsb2Fkc1wvMjAyM1wvMDNcLzQtZ2FsbGVyeS02LmpwZyIsInNsaWRlc2hvdyI6IjdiYzVhZTEifQ%3D%3D\">\n\t\t\t\t\t<div class=\"e-gallery-image elementor-gallery-item__image\" data-thumbnail=\"https:\/\/smartinternationaltrade.com\/wp-content\/uploads\/elementor\/thumbs\/4-gallery-6-q3p8u1bs5u2wq3w55nw5z7i7qm3fqs66j6s50s9qh6.jpg\" data-width=\"150\" data-height=\"225\" aria-label=\"\" role=\"img\" ><\/div>\n\t\t\t\t\t\t\t\t\t\t\t<div class=\"elementor-gallery-item__overlay\"><\/div>\n\t\t\t\t\t\t\t\t\t\t\t\t\t\t<\/a>\n\t\t\t\t\t\t\t<a class=\"e-gallery-item elementor-gallery-item elementor-animated-content\" href=\"https:\/\/smartinternationaltrade.com\/wp-content\/uploads\/2023\/03\/4-gallery-5.jpg\" data-elementor-open-lightbox=\"yes\" data-elementor-lightbox-slideshow=\"7bc5ae1\" data-elementor-lightbox-title=\"4-gallery-5\" data-e-action-hash=\"#elementor-action%3Aaction%3Dlightbox%26settings%3DeyJpZCI6MTIxMiwidXJsIjoiaHR0cHM6XC9cL3NtYXJ0aW50ZXJuYXRpb25hbHRyYWRlLmNvbVwvd3AtY29udGVudFwvdXBsb2Fkc1wvMjAyM1wvMDNcLzQtZ2FsbGVyeS01LmpwZyIsInNsaWRlc2hvdyI6IjdiYzVhZTEifQ%3D%3D\">\n\t\t\t\t\t<div class=\"e-gallery-image elementor-gallery-item__image\" data-thumbnail=\"https:\/\/smartinternationaltrade.com\/wp-content\/uploads\/elementor\/thumbs\/4-gallery-5-q3p8tzg3s60c2vyvgn2wu7zajucpbdypuxh628citm.jpg\" data-width=\"150\" data-height=\"225\" aria-label=\"\" role=\"img\" ><\/div>\n\t\t\t\t\t\t\t\t\t\t\t<div class=\"elementor-gallery-item__overlay\"><\/div>\n\t\t\t\t\t\t\t\t\t\t\t\t\t\t<\/a>\n\t\t\t\t\t\t\t<a class=\"e-gallery-item elementor-gallery-item elementor-animated-content\" href=\"https:\/\/smartinternationaltrade.com\/wp-content\/uploads\/2023\/03\/4-gallery-4.jpg\" data-elementor-open-lightbox=\"yes\" data-elementor-lightbox-slideshow=\"7bc5ae1\" data-elementor-lightbox-title=\"4-gallery-4\" data-e-action-hash=\"#elementor-action%3Aaction%3Dlightbox%26settings%3DeyJpZCI6MTIxMSwidXJsIjoiaHR0cHM6XC9cL3NtYXJ0aW50ZXJuYXRpb25hbHRyYWRlLmNvbVwvd3AtY29udGVudFwvdXBsb2Fkc1wvMjAyM1wvMDNcLzQtZ2FsbGVyeS00LmpwZyIsInNsaWRlc2hvdyI6IjdiYzVhZTEifQ%3D%3D\">\n\t\t\t\t\t<div class=\"e-gallery-image elementor-gallery-item__image\" data-thumbnail=\"https:\/\/smartinternationaltrade.com\/wp-content\/uploads\/elementor\/thumbs\/4-gallery-4-q3p8tvor0tv6sg4c2lgek8xg6av8gljsiev854i3ii.jpg\" data-width=\"150\" data-height=\"225\" aria-label=\"\" role=\"img\" ><\/div>\n\t\t\t\t\t\t\t\t\t\t\t<div class=\"elementor-gallery-item__overlay\"><\/div>\n\t\t\t\t\t\t\t\t\t\t\t\t\t\t<\/a>\n\t\t\t\t\t\t\t<a class=\"e-gallery-item elementor-gallery-item elementor-animated-content\" href=\"https:\/\/smartinternationaltrade.com\/wp-content\/uploads\/2023\/03\/4-gallery-3.jpg\" data-elementor-open-lightbox=\"yes\" data-elementor-lightbox-slideshow=\"7bc5ae1\" data-elementor-lightbox-title=\"4-gallery-3\" data-e-action-hash=\"#elementor-action%3Aaction%3Dlightbox%26settings%3DeyJpZCI6MTIxMCwidXJsIjoiaHR0cHM6XC9cL3NtYXJ0aW50ZXJuYXRpb25hbHRyYWRlLmNvbVwvd3AtY29udGVudFwvdXBsb2Fkc1wvMjAyM1wvMDNcLzQtZ2FsbGVyeS0zLmpwZyIsInNsaWRlc2hvdyI6IjdiYzVhZTEifQ%3D%3D\">\n\t\t\t\t\t<div class=\"e-gallery-image elementor-gallery-item__image\" data-thumbnail=\"https:\/\/smartinternationaltrade.com\/wp-content\/uploads\/elementor\/thumbs\/4-gallery-3-q3p8ttt2n5sm5872dkn5f9eizj4i17cbu5k96kkvuy.jpg\" data-width=\"150\" data-height=\"225\" aria-label=\"\" role=\"img\" ><\/div>\n\t\t\t\t\t\t\t\t\t\t\t<div class=\"elementor-gallery-item__overlay\"><\/div>\n\t\t\t\t\t\t\t\t\t\t\t\t\t\t<\/a>\n\t\t\t\t\t\t\t<a class=\"e-gallery-item elementor-gallery-item elementor-animated-content\" href=\"https:\/\/smartinternationaltrade.com\/wp-content\/uploads\/2023\/03\/4-gallery-2.jpg\" data-elementor-open-lightbox=\"yes\" data-elementor-lightbox-slideshow=\"7bc5ae1\" data-elementor-lightbox-title=\"4-gallery-2\" data-e-action-hash=\"#elementor-action%3Aaction%3Dlightbox%26settings%3DeyJpZCI6MTIwOSwidXJsIjoiaHR0cHM6XC9cL3NtYXJ0aW50ZXJuYXRpb25hbHRyYWRlLmNvbVwvd3AtY29udGVudFwvdXBsb2Fkc1wvMjAyM1wvMDNcLzQtZ2FsbGVyeS0yLmpwZyIsInNsaWRlc2hvdyI6IjdiYzVhZTEifQ%3D%3D\">\n\t\t\t\t\t<div class=\"e-gallery-image elementor-gallery-item__image\" data-thumbnail=\"https:\/\/smartinternationaltrade.com\/wp-content\/uploads\/elementor\/thumbs\/4-gallery-2-q3p8trxe9hq1i09sojtwa9vlsrdrlt4v5w9a80no7e.jpg\" data-width=\"150\" data-height=\"225\" aria-label=\"\" role=\"img\" ><\/div>\n\t\t\t\t\t\t\t\t\t\t\t<div class=\"elementor-gallery-item__overlay\"><\/div>\n\t\t\t\t\t\t\t\t\t\t\t\t\t\t<\/a>\n\t\t\t\t\t\t\t<a class=\"e-gallery-item elementor-gallery-item elementor-animated-content\" href=\"https:\/\/smartinternationaltrade.com\/wp-content\/uploads\/2023\/03\/4-gallery-1.jpg\" data-elementor-open-lightbox=\"yes\" data-elementor-lightbox-slideshow=\"7bc5ae1\" data-elementor-lightbox-title=\"4-gallery-1\" data-e-action-hash=\"#elementor-action%3Aaction%3Dlightbox%26settings%3DeyJpZCI6MTIwOCwidXJsIjoiaHR0cHM6XC9cL3NtYXJ0aW50ZXJuYXRpb25hbHRyYWRlLmNvbVwvd3AtY29udGVudFwvdXBsb2Fkc1wvMjAyM1wvMDNcLzQtZ2FsbGVyeS0xLmpwZyIsInNsaWRlc2hvdyI6IjdiYzVhZTEifQ%3D%3D\">\n\t\t\t\t\t<div class=\"e-gallery-image elementor-gallery-item__image\" data-thumbnail=\"https:\/\/smartinternationaltrade.com\/wp-content\/uploads\/elementor\/thumbs\/4-gallery-1-q3p8tq1pvtnguscizj0n5acolzn16exehmyb9gqgju.jpg\" data-width=\"150\" data-height=\"225\" aria-label=\"\" role=\"img\" ><\/div>\n\t\t\t\t\t\t\t\t\t\t\t<div class=\"elementor-gallery-item__overlay\"><\/div>\n\t\t\t\t\t\t\t\t\t\t\t\t\t\t<\/a>\n\t\t\t\t\t<\/div>\n\t\t\t\t\t<\/div>\n\t\t\t\t<\/div>\n\t\t\t\t<\/div>\n\t\t<div class=\"elementor-element elementor-element-e05696f e-con-full e-flex e-con e-child\" data-id=\"e05696f\" data-element_type=\"container\" data-e-type=\"container\">\n\t\t\t\t<div class=\"elementor-element elementor-element-b8b65c6 elementor-widget elementor-widget-heading\" data-id=\"b8b65c6\" data-element_type=\"widget\" data-e-type=\"widget\" data-widget_type=\"heading.default\">\n\t\t\t\t<div class=\"elementor-widget-container\">\n\t\t\t\t\t<h2 class=\"elementor-heading-title elementor-size-default\">Technical Details<\/h2>\t\t\t\t<\/div>\n\t\t\t\t<\/div>\n\t\t\t\t<div class=\"elementor-element elementor-element-8a21d1f elementor-widget elementor-widget-image\" data-id=\"8a21d1f\" data-element_type=\"widget\" data-e-type=\"widget\" data-widget_type=\"image.default\">\n\t\t\t\t<div class=\"elementor-widget-container\">\n\t\t\t\t\t\t\t\t\t\t\t\t\t\t\t<img decoding=\"async\" width=\"384\" height=\"787\" src=\"https:\/\/smartinternationaltrade.com\/wp-content\/uploads\/2023\/03\/4-details.jpg\" class=\"attachment-full size-full wp-image-1207\" alt=\"\" srcset=\"https:\/\/smartinternationaltrade.com\/wp-content\/uploads\/2023\/03\/4-details.jpg 384w, https:\/\/smartinternationaltrade.com\/wp-content\/uploads\/2023\/03\/4-details-146x300.jpg 146w\" sizes=\"(max-width: 384px) 100vw, 384px\" \/>\t\t\t\t\t\t\t\t\t\t\t\t\t\t\t<\/div>\n\t\t\t\t<\/div>\n\t\t\t\t<\/div>\n\t\t\t\t\t<\/div>\n\t\t\t\t<\/div>\n\t\t\t\t<\/div>","protected":false},"excerpt":{"rendered":"<p>SMART INTERNATIONAL TRADE M\u00fckemmel denge ve stabiliteye sahip laparoskopi \u00e7\u00f6z\u00fcmleri Yenilik\u00e7i ve mod\u00fcler tasar\u0131m\u0131yla profesyonellere \u00e7e\u015fitli \u00e7\u00f6z\u00fcmler ve se\u00e7enekler sunar. 2 mm elektro galvanizli \u00e7elik g\u00f6vdesi ve elektrostatik toz kaplamas\u0131 sayesinde uzun y\u0131llar korozyona dayan\u0131kl\u0131 kal\u0131r. \u00c7e\u015fitli sa\u011fl\u0131k ihtiya\u00e7lar\u0131 ve ko\u015fullar\u0131 i\u00e7in kolayca uyarlanabilir mod\u00fcler sistem. Geni\u015f aksesuar se\u00e7ene\u011fi Raf ve \u00e7ekmece yap\u0131land\u0131rmas\u0131 Kablolar i\u00e7in [&hellip;]<\/p>\n","protected":false},"author":1,"featured_media":0,"parent":782,"menu_order":0,"comment_status":"closed","ping_status":"closed","template":"","meta":{"footnotes":""},"class_list":["post-1204","page","type-page","status-publish","hentry"],"_links":{"self":[{"href":"https:\/\/smartinternationaltrade.com\/en\/wp-json\/wp\/v2\/pages\/1204","targetHints":{"allow":["GET"]}}],"collection":[{"href":"https:\/\/smartinternationaltrade.com\/en\/wp-json\/wp\/v2\/pages"}],"about":[{"href":"https:\/\/smartinternationaltrade.com\/en\/wp-json\/wp\/v2\/types\/page"}],"author":[{"embeddable":true,"href":"https:\/\/smartinternationaltrade.com\/en\/wp-json\/wp\/v2\/users\/1"}],"replies":[{"embeddable":true,"href":"https:\/\/smartinternationaltrade.com\/en\/wp-json\/wp\/v2\/comments?post=1204"}],"version-history":[{"count":10,"href":"https:\/\/smartinternationaltrade.com\/en\/wp-json\/wp\/v2\/pages\/1204\/revisions"}],"predecessor-version":[{"id":1782,"href":"https:\/\/smartinternationaltrade.com\/en\/wp-json\/wp\/v2\/pages\/1204\/revisions\/1782"}],"up":[{"embeddable":true,"href":"https:\/\/smartinternationaltrade.com\/en\/wp-json\/wp\/v2\/pages\/782"}],"wp:attachment":[{"href":"https:\/\/smartinternationaltrade.com\/en\/wp-json\/wp\/v2\/media?parent=1204"}],"curies":[{"name":"wp","href":"https:\/\/api.w.org\/{rel}","templated":true}]}}