{"id":1231,"date":"2023-03-18T16:58:27","date_gmt":"2023-03-18T16:58:27","guid":{"rendered":"https:\/\/www.smartinternationaltrade.com\/?page_id=1231"},"modified":"2025-03-24T21:19:05","modified_gmt":"2025-03-24T18:19:05","slug":"medical-trolley-bnz-4c","status":"publish","type":"page","link":"https:\/\/smartinternationaltrade.com\/en\/hizmetlerimiz\/medikal\/medical-trolley-bnz-4c\/","title":{"rendered":"Medical Trolley BNZ 4C"},"content":{"rendered":"<div data-elementor-type=\"wp-page\" data-elementor-id=\"1231\" class=\"elementor elementor-1231\" data-elementor-post-type=\"page\">\n\t\t\t\t<div class=\"elementor-element elementor-element-0d58ede e-flex e-con-boxed e-con e-parent\" data-id=\"0d58ede\" data-element_type=\"container\" data-e-type=\"container\">\n\t\t\t\t\t<div class=\"e-con-inner\">\n\t\t<div class=\"elementor-element elementor-element-56b28b5 e-con-full e-flex e-con e-child\" data-id=\"56b28b5\" data-element_type=\"container\" data-e-type=\"container\">\n\t\t<div class=\"elementor-element elementor-element-ad8fa7e e-con-full e-flex e-con e-child\" data-id=\"ad8fa7e\" data-element_type=\"container\" data-e-type=\"container\">\n\t\t<div class=\"elementor-element elementor-element-b675509 e-con-full e-flex e-con e-child\" data-id=\"b675509\" data-element_type=\"container\" data-e-type=\"container\">\n\t\t\t\t<div class=\"elementor-element elementor-element-31a4b49 elementor-widget elementor-widget-image\" data-id=\"31a4b49\" data-element_type=\"widget\" data-e-type=\"widget\" data-widget_type=\"image.default\">\n\t\t\t\t<div class=\"elementor-widget-container\">\n\t\t\t\t\t\t\t\t\t\t\t\t\t\t\t<img fetchpriority=\"high\" decoding=\"async\" width=\"330\" height=\"538\" src=\"https:\/\/smartinternationaltrade.com\/wp-content\/uploads\/2023\/03\/4c.jpg\" class=\"attachment-full size-full wp-image-1087\" alt=\"\" srcset=\"https:\/\/smartinternationaltrade.com\/wp-content\/uploads\/2023\/03\/4c.jpg 330w, https:\/\/smartinternationaltrade.com\/wp-content\/uploads\/2023\/03\/4c-184x300.jpg 184w\" sizes=\"(max-width: 330px) 100vw, 330px\" \/>\t\t\t\t\t\t\t\t\t\t\t\t\t\t\t<\/div>\n\t\t\t\t<\/div>\n\t\t\t\t<\/div>\n\t\t<div class=\"elementor-element elementor-element-cde9f0f e-con-full e-flex e-con e-child\" data-id=\"cde9f0f\" data-element_type=\"container\" data-e-type=\"container\">\n\t\t\t\t<div class=\"elementor-element elementor-element-57091b3 elementor-widget elementor-widget-heading\" data-id=\"57091b3\" data-element_type=\"widget\" data-e-type=\"widget\" data-widget_type=\"heading.default\">\n\t\t\t\t<div class=\"elementor-widget-container\">\n\t\t\t\t\t<h5 class=\"elementor-heading-title elementor-size-default\">SMART INTERNATIONAL TRADE<\/h5>\t\t\t\t<\/div>\n\t\t\t\t<\/div>\n\t\t\t\t<div class=\"elementor-element elementor-element-f3d7e06 elementor-widget elementor-widget-text-editor\" data-id=\"f3d7e06\" data-element_type=\"widget\" data-e-type=\"widget\" data-widget_type=\"text-editor.default\">\n\t\t\t\t<div class=\"elementor-widget-container\">\n\t\t\t\t\t\t\t\t\t<p>Solutions for CPET, EEG, and stress ECG<\/p><p>We provide a variety of solutions and options to the professionals with its innovative and modular design.<\/p><p>It stays durable to corrosion for many years owing to its 2mm electro galvanized steel body and electrostatic powder coating.<\/p><p>Easily adaptable modular system for a variety of health needs and conditions.<\/p><p>A wide option of accessories<\/p><p>Possibility of shelf and drawer configuration<\/p><p>A spacious support column for cables<\/p><p>We carry responsibility<\/p>\t\t\t\t\t\t\t\t<\/div>\n\t\t\t\t<\/div>\n\t\t\t\t<\/div>\n\t\t\t\t<\/div>\n\t\t\t\t<\/div>\n\t\t\t\t\t<\/div>\n\t\t\t\t<\/div>\n\t\t<div class=\"elementor-element elementor-element-fbd40ee e-flex e-con-boxed e-con e-parent\" data-id=\"fbd40ee\" data-element_type=\"container\" data-e-type=\"container\">\n\t\t\t\t\t<div class=\"e-con-inner\">\n\t\t<div class=\"elementor-element elementor-element-d7b04a1 e-con-full e-flex e-con e-child\" data-id=\"d7b04a1\" data-element_type=\"container\" data-e-type=\"container\">\n\t\t\t\t<div class=\"elementor-element elementor-element-f978c28 elementor-widget elementor-widget-heading\" data-id=\"f978c28\" data-element_type=\"widget\" data-e-type=\"widget\" data-widget_type=\"heading.default\">\n\t\t\t\t<div class=\"elementor-widget-container\">\n\t\t\t\t\t<h2 class=\"elementor-heading-title elementor-size-default\">Gallery<\/h2>\t\t\t\t<\/div>\n\t\t\t\t<\/div>\n\t\t\t\t<div class=\"elementor-element elementor-element-d2ec6cb elementor-widget elementor-widget-gallery\" data-id=\"d2ec6cb\" data-element_type=\"widget\" data-e-type=\"widget\" data-settings=\"{&quot;columns&quot;:3,&quot;aspect_ratio&quot;:&quot;9:16&quot;,&quot;image_hover_animation&quot;:&quot;grow&quot;,&quot;gallery_layout&quot;:&quot;grid&quot;,&quot;columns_tablet&quot;:2,&quot;columns_mobile&quot;:1,&quot;gap&quot;:{&quot;unit&quot;:&quot;px&quot;,&quot;size&quot;:10,&quot;sizes&quot;:[]},&quot;gap_tablet&quot;:{&quot;unit&quot;:&quot;px&quot;,&quot;size&quot;:10,&quot;sizes&quot;:[]},&quot;gap_mobile&quot;:{&quot;unit&quot;:&quot;px&quot;,&quot;size&quot;:10,&quot;sizes&quot;:[]},&quot;link_to&quot;:&quot;file&quot;,&quot;overlay_background&quot;:&quot;yes&quot;,&quot;content_hover_animation&quot;:&quot;fade-in&quot;}\" data-widget_type=\"gallery.default\">\n\t\t\t\t<div class=\"elementor-widget-container\">\n\t\t\t\t\t\t\t<div class=\"elementor-gallery__container\">\n\t\t\t\t\t\t\t<a class=\"e-gallery-item elementor-gallery-item elementor-animated-content\" href=\"https:\/\/smartinternationaltrade.com\/wp-content\/uploads\/2023\/03\/5-gallery-1.jpg\" data-elementor-open-lightbox=\"yes\" data-elementor-lightbox-slideshow=\"d2ec6cb\" data-elementor-lightbox-title=\"5-gallery-1\" data-e-action-hash=\"#elementor-action%3Aaction%3Dlightbox%26settings%3DeyJpZCI6MTI0MSwidXJsIjoiaHR0cHM6XC9cL3NtYXJ0aW50ZXJuYXRpb25hbHRyYWRlLmNvbVwvd3AtY29udGVudFwvdXBsb2Fkc1wvMjAyM1wvMDNcLzUtZ2FsbGVyeS0xLmpwZyIsInNsaWRlc2hvdyI6ImQyZWM2Y2IifQ%3D%3D\">\n\t\t\t\t\t<div class=\"e-gallery-image elementor-gallery-item__image\" data-thumbnail=\"https:\/\/smartinternationaltrade.com\/wp-content\/uploads\/elementor\/thumbs\/5-gallery-1-q3pts91ry6jki8cr2odhnvv32so1zocmw7btnlzlu2.jpg\" data-width=\"150\" data-height=\"225\" aria-label=\"\" role=\"img\" ><\/div>\n\t\t\t\t\t\t\t\t\t\t\t<div class=\"elementor-gallery-item__overlay\"><\/div>\n\t\t\t\t\t\t\t\t\t\t\t\t\t\t<\/a>\n\t\t\t\t\t\t\t<a class=\"e-gallery-item elementor-gallery-item elementor-animated-content\" href=\"https:\/\/smartinternationaltrade.com\/wp-content\/uploads\/2023\/03\/5-gallery-2.jpg\" data-elementor-open-lightbox=\"yes\" data-elementor-lightbox-slideshow=\"d2ec6cb\" data-elementor-lightbox-title=\"5-gallery-2\" data-e-action-hash=\"#elementor-action%3Aaction%3Dlightbox%26settings%3DeyJpZCI6MTI0MiwidXJsIjoiaHR0cHM6XC9cL3NtYXJ0aW50ZXJuYXRpb25hbHRyYWRlLmNvbVwvd3AtY29udGVudFwvdXBsb2Fkc1wvMjAyM1wvMDNcLzUtZ2FsbGVyeS0yLmpwZyIsInNsaWRlc2hvdyI6ImQyZWM2Y2IifQ%3D%3D\">\n\t\t\t\t\t<div class=\"e-gallery-image elementor-gallery-item__image\" data-thumbnail=\"https:\/\/smartinternationaltrade.com\/wp-content\/uploads\/elementor\/thumbs\/5-gallery-2-q3ptsaxgbum55ga0rp6qsve09kesf2k3kgmsm5wthm.jpg\" data-width=\"150\" data-height=\"225\" aria-label=\"\" role=\"img\" ><\/div>\n\t\t\t\t\t\t\t\t\t\t\t<div class=\"elementor-gallery-item__overlay\"><\/div>\n\t\t\t\t\t\t\t\t\t\t\t\t\t\t<\/a>\n\t\t\t\t\t\t\t<a class=\"e-gallery-item elementor-gallery-item elementor-animated-content\" href=\"https:\/\/smartinternationaltrade.com\/wp-content\/uploads\/2023\/03\/5-gallery-3.jpg\" data-elementor-open-lightbox=\"yes\" data-elementor-lightbox-slideshow=\"d2ec6cb\" data-elementor-lightbox-title=\"5-gallery-3\" data-e-action-hash=\"#elementor-action%3Aaction%3Dlightbox%26settings%3DeyJpZCI6MTI0MywidXJsIjoiaHR0cHM6XC9cL3NtYXJ0aW50ZXJuYXRpb25hbHRyYWRlLmNvbVwvd3AtY29udGVudFwvdXBsb2Fkc1wvMjAyM1wvMDNcLzUtZ2FsbGVyeS0zLmpwZyIsInNsaWRlc2hvdyI6ImQyZWM2Y2IifQ%3D%3D\">\n\t\t\t\t\t<div class=\"e-gallery-image elementor-gallery-item__image\" data-thumbnail=\"https:\/\/smartinternationaltrade.com\/wp-content\/uploads\/elementor\/thumbs\/5-gallery-3-q3ptsct4piopso7agpzzxuwxgc5iugrk8pxrkpu156.jpg\" data-width=\"150\" data-height=\"225\" aria-label=\"\" role=\"img\" ><\/div>\n\t\t\t\t\t\t\t\t\t\t\t<div class=\"elementor-gallery-item__overlay\"><\/div>\n\t\t\t\t\t\t\t\t\t\t\t\t\t\t<\/a>\n\t\t\t\t\t\t\t<a class=\"e-gallery-item elementor-gallery-item elementor-animated-content\" href=\"https:\/\/smartinternationaltrade.com\/wp-content\/uploads\/2023\/03\/5-gallery-4.jpg\" data-elementor-open-lightbox=\"yes\" data-elementor-lightbox-slideshow=\"d2ec6cb\" data-elementor-lightbox-title=\"5-gallery-4\" data-e-action-hash=\"#elementor-action%3Aaction%3Dlightbox%26settings%3DeyJpZCI6MTI0NCwidXJsIjoiaHR0cHM6XC9cL3NtYXJ0aW50ZXJuYXRpb25hbHRyYWRlLmNvbVwvd3AtY29udGVudFwvdXBsb2Fkc1wvMjAyM1wvMDNcLzUtZ2FsbGVyeS00LmpwZyIsInNsaWRlc2hvdyI6ImQyZWM2Y2IifQ%3D%3D\">\n\t\t\t\t\t<div class=\"e-gallery-image elementor-gallery-item__image\" data-thumbnail=\"https:\/\/smartinternationaltrade.com\/wp-content\/uploads\/elementor\/thumbs\/5-gallery-4-q3ptseot36rafw4k5qt92ufun3w99uz0wz8qj9r8sq.jpg\" data-width=\"150\" data-height=\"225\" aria-label=\"\" role=\"img\" ><\/div>\n\t\t\t\t\t\t\t\t\t\t\t<div class=\"elementor-gallery-item__overlay\"><\/div>\n\t\t\t\t\t\t\t\t\t\t\t\t\t\t<\/a>\n\t\t\t\t\t\t\t<a class=\"e-gallery-item elementor-gallery-item elementor-animated-content\" href=\"https:\/\/smartinternationaltrade.com\/wp-content\/uploads\/2023\/03\/5-gallery-5.jpg\" data-elementor-open-lightbox=\"yes\" data-elementor-lightbox-slideshow=\"d2ec6cb\" data-elementor-lightbox-title=\"5-gallery-5\" data-e-action-hash=\"#elementor-action%3Aaction%3Dlightbox%26settings%3DeyJpZCI6MTI0NSwidXJsIjoiaHR0cHM6XC9cL3NtYXJ0aW50ZXJuYXRpb25hbHRyYWRlLmNvbVwvd3AtY29udGVudFwvdXBsb2Fkc1wvMjAyM1wvMDNcLzUtZ2FsbGVyeS01LmpwZyIsInNsaWRlc2hvdyI6ImQyZWM2Y2IifQ%3D%3D\">\n\t\t\t\t\t<div class=\"e-gallery-image elementor-gallery-item__image\" data-thumbnail=\"https:\/\/smartinternationaltrade.com\/wp-content\/uploads\/elementor\/thumbs\/5-gallery-5-q3ptsgkhgutv341turmi7tyrtvmzp96hl8jphtogga.jpg\" data-width=\"150\" data-height=\"225\" aria-label=\"\" role=\"img\" ><\/div>\n\t\t\t\t\t\t\t\t\t\t\t<div class=\"elementor-gallery-item__overlay\"><\/div>\n\t\t\t\t\t\t\t\t\t\t\t\t\t\t<\/a>\n\t\t\t\t\t\t\t<a class=\"e-gallery-item elementor-gallery-item elementor-animated-content\" href=\"https:\/\/smartinternationaltrade.com\/wp-content\/uploads\/2023\/03\/5-gallery-6.jpg\" data-elementor-open-lightbox=\"yes\" data-elementor-lightbox-slideshow=\"d2ec6cb\" data-elementor-lightbox-title=\"5-gallery-6\" data-e-action-hash=\"#elementor-action%3Aaction%3Dlightbox%26settings%3DeyJpZCI6MTI0NiwidXJsIjoiaHR0cHM6XC9cL3NtYXJ0aW50ZXJuYXRpb25hbHRyYWRlLmNvbVwvd3AtY29udGVudFwvdXBsb2Fkc1wvMjAyM1wvMDNcLzUtZ2FsbGVyeS02LmpwZyIsInNsaWRlc2hvdyI6ImQyZWM2Y2IifQ%3D%3D\">\n\t\t\t\t\t<div class=\"e-gallery-image elementor-gallery-item__image\" data-thumbnail=\"https:\/\/smartinternationaltrade.com\/wp-content\/uploads\/elementor\/thumbs\/5-gallery-6-q3ptsig5uiwfqbz3jsfrcthp0ndq4ndy9huogdlo3u.jpg\" data-width=\"150\" data-height=\"225\" aria-label=\"\" role=\"img\" ><\/div>\n\t\t\t\t\t\t\t\t\t\t\t<div class=\"elementor-gallery-item__overlay\"><\/div>\n\t\t\t\t\t\t\t\t\t\t\t\t\t\t<\/a>\n\t\t\t\t\t\t\t<a class=\"e-gallery-item elementor-gallery-item elementor-animated-content\" href=\"https:\/\/smartinternationaltrade.com\/wp-content\/uploads\/2023\/03\/5-gallery-7.jpg\" data-elementor-open-lightbox=\"yes\" data-elementor-lightbox-slideshow=\"d2ec6cb\" data-elementor-lightbox-title=\"5-gallery-7\" data-e-action-hash=\"#elementor-action%3Aaction%3Dlightbox%26settings%3DeyJpZCI6MTI0NywidXJsIjoiaHR0cHM6XC9cL3NtYXJ0aW50ZXJuYXRpb25hbHRyYWRlLmNvbVwvd3AtY29udGVudFwvdXBsb2Fkc1wvMjAyM1wvMDNcLzUtZ2FsbGVyeS03LmpwZyIsInNsaWRlc2hvdyI6ImQyZWM2Y2IifQ%3D%3D\">\n\t\t\t\t\t<div class=\"e-gallery-image elementor-gallery-item__image\" data-thumbnail=\"https:\/\/smartinternationaltrade.com\/wp-content\/uploads\/elementor\/thumbs\/5-gallery-7-q3ptsig5uiwfqbz3jsfrcthp0ndq4ndy9huogdlo3u.jpg\" data-width=\"150\" data-height=\"225\" aria-label=\"\" role=\"img\" ><\/div>\n\t\t\t\t\t\t\t\t\t\t\t<div class=\"elementor-gallery-item__overlay\"><\/div>\n\t\t\t\t\t\t\t\t\t\t\t\t\t\t<\/a>\n\t\t\t\t\t\t\t<a class=\"e-gallery-item elementor-gallery-item elementor-animated-content\" href=\"https:\/\/smartinternationaltrade.com\/wp-content\/uploads\/2023\/03\/5-gallery-8.jpg\" data-elementor-open-lightbox=\"yes\" data-elementor-lightbox-slideshow=\"d2ec6cb\" data-elementor-lightbox-title=\"5-gallery-8\" data-e-action-hash=\"#elementor-action%3Aaction%3Dlightbox%26settings%3DeyJpZCI6MTIzNiwidXJsIjoiaHR0cHM6XC9cL3NtYXJ0aW50ZXJuYXRpb25hbHRyYWRlLmNvbVwvd3AtY29udGVudFwvdXBsb2Fkc1wvMjAyM1wvMDNcLzUtZ2FsbGVyeS04LmpwZyIsInNsaWRlc2hvdyI6ImQyZWM2Y2IifQ%3D%3D\">\n\t\t\t\t\t<div class=\"e-gallery-image elementor-gallery-item__image\" data-thumbnail=\"https:\/\/smartinternationaltrade.com\/wp-content\/uploads\/elementor\/thumbs\/5-gallery-8-q3pts1j2fi99xcnoal4h3xrebpp4a3is763xtear7u.jpg\" data-width=\"150\" data-height=\"225\" aria-label=\"\" role=\"img\" ><\/div>\n\t\t\t\t\t\t\t\t\t\t\t<div class=\"elementor-gallery-item__overlay\"><\/div>\n\t\t\t\t\t\t\t\t\t\t\t\t\t\t<\/a>\n\t\t\t\t\t\t\t<a class=\"e-gallery-item elementor-gallery-item elementor-animated-content\" href=\"https:\/\/smartinternationaltrade.com\/wp-content\/uploads\/2023\/03\/5-gallery-9.jpg\" data-elementor-open-lightbox=\"yes\" data-elementor-lightbox-slideshow=\"d2ec6cb\" data-elementor-lightbox-title=\"5-gallery-9\" data-e-action-hash=\"#elementor-action%3Aaction%3Dlightbox%26settings%3DeyJpZCI6MTIzNywidXJsIjoiaHR0cHM6XC9cL3NtYXJ0aW50ZXJuYXRpb25hbHRyYWRlLmNvbVwvd3AtY29udGVudFwvdXBsb2Fkc1wvMjAyM1wvMDNcLzUtZ2FsbGVyeS05LmpwZyIsInNsaWRlc2hvdyI6ImQyZWM2Y2IifQ%3D%3D\">\n\t\t\t\t\t<div class=\"e-gallery-image elementor-gallery-item__image\" data-thumbnail=\"https:\/\/smartinternationaltrade.com\/wp-content\/uploads\/elementor\/thumbs\/5-gallery-9-q3pts3eqt6bukkkxzlxq8xabihfuphq8vfewry7yve.jpg\" data-width=\"150\" data-height=\"225\" aria-label=\"\" role=\"img\" ><\/div>\n\t\t\t\t\t\t\t\t\t\t\t<div class=\"elementor-gallery-item__overlay\"><\/div>\n\t\t\t\t\t\t\t\t\t\t\t\t\t\t<\/a>\n\t\t\t\t\t\t\t<a class=\"e-gallery-item elementor-gallery-item elementor-animated-content\" href=\"https:\/\/smartinternationaltrade.com\/wp-content\/uploads\/2023\/03\/5-gallery-10.jpg\" data-elementor-open-lightbox=\"yes\" data-elementor-lightbox-slideshow=\"d2ec6cb\" data-elementor-lightbox-title=\"5-gallery-10\" data-e-action-hash=\"#elementor-action%3Aaction%3Dlightbox%26settings%3DeyJpZCI6MTIzOCwidXJsIjoiaHR0cHM6XC9cL3NtYXJ0aW50ZXJuYXRpb25hbHRyYWRlLmNvbVwvd3AtY29udGVudFwvdXBsb2Fkc1wvMjAyM1wvMDNcLzUtZ2FsbGVyeS0xMC5qcGciLCJzbGlkZXNob3ciOiJkMmVjNmNiIn0%3D\">\n\t\t\t\t\t<div class=\"e-gallery-image elementor-gallery-item__image\" data-thumbnail=\"https:\/\/smartinternationaltrade.com\/wp-content\/uploads\/elementor\/thumbs\/5-gallery-10-q3pts5af6uef7si7omqzdwt8p96l4vxpjopvqi56iy.jpg\" data-width=\"150\" data-height=\"225\" aria-label=\"\" role=\"img\" ><\/div>\n\t\t\t\t\t\t\t\t\t\t\t<div class=\"elementor-gallery-item__overlay\"><\/div>\n\t\t\t\t\t\t\t\t\t\t\t\t\t\t<\/a>\n\t\t\t\t\t\t\t<a class=\"e-gallery-item elementor-gallery-item elementor-animated-content\" href=\"https:\/\/smartinternationaltrade.com\/wp-content\/uploads\/2023\/03\/5-gallery-11.jpg\" data-elementor-open-lightbox=\"yes\" data-elementor-lightbox-slideshow=\"d2ec6cb\" data-elementor-lightbox-title=\"5-gallery-11\" data-e-action-hash=\"#elementor-action%3Aaction%3Dlightbox%26settings%3DeyJpZCI6MTIzOSwidXJsIjoiaHR0cHM6XC9cL3NtYXJ0aW50ZXJuYXRpb25hbHRyYWRlLmNvbVwvd3AtY29udGVudFwvdXBsb2Fkc1wvMjAyM1wvMDNcLzUtZ2FsbGVyeS0xMS5qcGciLCJzbGlkZXNob3ciOiJkMmVjNmNiIn0%3D\">\n\t\t\t\t\t<div class=\"e-gallery-image elementor-gallery-item__image\" data-thumbnail=\"https:\/\/smartinternationaltrade.com\/wp-content\/uploads\/elementor\/thumbs\/5-gallery-11-q3pts763kigzv0fhdnk8iwc5w0xbka567y0up22e6i.jpg\" data-width=\"150\" data-height=\"225\" aria-label=\"\" role=\"img\" ><\/div>\n\t\t\t\t\t\t\t\t\t\t\t<div class=\"elementor-gallery-item__overlay\"><\/div>\n\t\t\t\t\t\t\t\t\t\t\t\t\t\t<\/a>\n\t\t\t\t\t<\/div>\n\t\t\t\t\t<\/div>\n\t\t\t\t<\/div>\n\t\t\t\t<\/div>\n\t\t<div class=\"elementor-element elementor-element-7abd005 e-con-full e-flex e-con e-child\" data-id=\"7abd005\" data-element_type=\"container\" data-e-type=\"container\">\n\t\t\t\t<div class=\"elementor-element elementor-element-eb64c87 elementor-widget elementor-widget-heading\" data-id=\"eb64c87\" data-element_type=\"widget\" data-e-type=\"widget\" data-widget_type=\"heading.default\">\n\t\t\t\t<div class=\"elementor-widget-container\">\n\t\t\t\t\t<h2 class=\"elementor-heading-title elementor-size-default\">Technical Details<\/h2>\t\t\t\t<\/div>\n\t\t\t\t<\/div>\n\t\t\t\t<div class=\"elementor-element elementor-element-4fa1e5c elementor-widget elementor-widget-image\" data-id=\"4fa1e5c\" data-element_type=\"widget\" data-e-type=\"widget\" data-widget_type=\"image.default\">\n\t\t\t\t<div class=\"elementor-widget-container\">\n\t\t\t\t\t\t\t\t\t\t\t\t\t\t\t<img decoding=\"async\" width=\"397\" height=\"743\" src=\"https:\/\/smartinternationaltrade.com\/wp-content\/uploads\/2023\/03\/5-details.jpg\" class=\"attachment-full size-full wp-image-1240\" alt=\"\" srcset=\"https:\/\/smartinternationaltrade.com\/wp-content\/uploads\/2023\/03\/5-details.jpg 397w, https:\/\/smartinternationaltrade.com\/wp-content\/uploads\/2023\/03\/5-details-160x300.jpg 160w\" sizes=\"(max-width: 397px) 100vw, 397px\" \/>\t\t\t\t\t\t\t\t\t\t\t\t\t\t\t<\/div>\n\t\t\t\t<\/div>\n\t\t\t\t<\/div>\n\t\t\t\t\t<\/div>\n\t\t\t\t<\/div>\n\t\t\t\t<\/div>","protected":false},"excerpt":{"rendered":"<p>SMART INTERNATIONAL TRADE CPET, EEG ve stres EKG \u00c7\u00f6z\u00fcmleri Yenilik\u00e7i ve mod\u00fcler tasar\u0131m\u0131yla profesyonellere \u00e7e\u015fitli \u00e7\u00f6z\u00fcmler ve se\u00e7enekler sunar. 2 mm elektro galvanizli \u00e7elik g\u00f6vdesi ve elektrostatik toz kaplamas\u0131 sayesinde uzun y\u0131llar korozyona dayan\u0131kl\u0131 kal\u0131r. \u00c7e\u015fitli sa\u011fl\u0131k ihtiya\u00e7lar\u0131 ve ko\u015fullar\u0131 i\u00e7in kolayca uyarlanabilir mod\u00fcler sistem. Geni\u015f aksesuar se\u00e7ene\u011fi Raf ve \u00e7ekmece yap\u0131land\u0131rmas\u0131 Kablolar i\u00e7in geni\u015f [&hellip;]<\/p>\n","protected":false},"author":1,"featured_media":0,"parent":782,"menu_order":0,"comment_status":"closed","ping_status":"closed","template":"","meta":{"footnotes":""},"class_list":["post-1231","page","type-page","status-publish","hentry"],"_links":{"self":[{"href":"https:\/\/smartinternationaltrade.com\/en\/wp-json\/wp\/v2\/pages\/1231","targetHints":{"allow":["GET"]}}],"collection":[{"href":"https:\/\/smartinternationaltrade.com\/en\/wp-json\/wp\/v2\/pages"}],"about":[{"href":"https:\/\/smartinternationaltrade.com\/en\/wp-json\/wp\/v2\/types\/page"}],"author":[{"embeddable":true,"href":"https:\/\/smartinternationaltrade.com\/en\/wp-json\/wp\/v2\/users\/1"}],"replies":[{"embeddable":true,"href":"https:\/\/smartinternationaltrade.com\/en\/wp-json\/wp\/v2\/comments?post=1231"}],"version-history":[{"count":10,"href":"https:\/\/smartinternationaltrade.com\/en\/wp-json\/wp\/v2\/pages\/1231\/revisions"}],"predecessor-version":[{"id":1785,"href":"https:\/\/smartinternationaltrade.com\/en\/wp-json\/wp\/v2\/pages\/1231\/revisions\/1785"}],"up":[{"embeddable":true,"href":"https:\/\/smartinternationaltrade.com\/en\/wp-json\/wp\/v2\/pages\/782"}],"wp:attachment":[{"href":"https:\/\/smartinternationaltrade.com\/en\/wp-json\/wp\/v2\/media?parent=1231"}],"curies":[{"name":"wp","href":"https:\/\/api.w.org\/{rel}","templated":true}]}}