{"id":1257,"date":"2023-03-18T17:03:33","date_gmt":"2023-03-18T17:03:33","guid":{"rendered":"https:\/\/www.smartinternationaltrade.com\/?page_id=1257"},"modified":"2025-03-24T21:19:32","modified_gmt":"2025-03-24T18:19:32","slug":"medical-trolley-bnz-4s","status":"publish","type":"page","link":"https:\/\/smartinternationaltrade.com\/en\/hizmetlerimiz\/medikal\/medical-trolley-bnz-4s\/","title":{"rendered":"Medical Trolley BNZ 4S"},"content":{"rendered":"<div data-elementor-type=\"wp-page\" data-elementor-id=\"1257\" class=\"elementor elementor-1257\" data-elementor-post-type=\"page\">\n\t\t\t\t<div class=\"elementor-element elementor-element-4aeb404 e-flex e-con-boxed e-con e-parent\" data-id=\"4aeb404\" data-element_type=\"container\" data-e-type=\"container\">\n\t\t\t\t\t<div class=\"e-con-inner\">\n\t\t<div class=\"elementor-element elementor-element-8e16ed3 e-con-full e-flex e-con e-child\" data-id=\"8e16ed3\" data-element_type=\"container\" data-e-type=\"container\">\n\t\t<div class=\"elementor-element elementor-element-77dd4f6 e-con-full e-flex e-con e-child\" data-id=\"77dd4f6\" data-element_type=\"container\" data-e-type=\"container\">\n\t\t<div class=\"elementor-element elementor-element-91614ad e-con-full e-flex e-con e-child\" data-id=\"91614ad\" data-element_type=\"container\" data-e-type=\"container\">\n\t\t\t\t<div class=\"elementor-element elementor-element-6eb50b1 elementor-widget elementor-widget-image\" data-id=\"6eb50b1\" data-element_type=\"widget\" data-e-type=\"widget\" data-widget_type=\"image.default\">\n\t\t\t\t<div class=\"elementor-widget-container\">\n\t\t\t\t\t\t\t\t\t\t\t\t\t\t\t<img fetchpriority=\"high\" decoding=\"async\" width=\"330\" height=\"538\" src=\"https:\/\/smartinternationaltrade.com\/wp-content\/uploads\/2023\/03\/4s.jpg\" class=\"attachment-full size-full wp-image-1088\" alt=\"\" srcset=\"https:\/\/smartinternationaltrade.com\/wp-content\/uploads\/2023\/03\/4s.jpg 330w, https:\/\/smartinternationaltrade.com\/wp-content\/uploads\/2023\/03\/4s-184x300.jpg 184w\" sizes=\"(max-width: 330px) 100vw, 330px\" \/>\t\t\t\t\t\t\t\t\t\t\t\t\t\t\t<\/div>\n\t\t\t\t<\/div>\n\t\t\t\t<\/div>\n\t\t<div class=\"elementor-element elementor-element-4d83088 e-con-full e-flex e-con e-child\" data-id=\"4d83088\" data-element_type=\"container\" data-e-type=\"container\">\n\t\t\t\t<div class=\"elementor-element elementor-element-39a81fd elementor-widget elementor-widget-heading\" data-id=\"39a81fd\" data-element_type=\"widget\" data-e-type=\"widget\" data-widget_type=\"heading.default\">\n\t\t\t\t<div class=\"elementor-widget-container\">\n\t\t\t\t\t<h5 class=\"elementor-heading-title elementor-size-default\">SMART INTERNATIONAL TRADE<\/h5>\t\t\t\t<\/div>\n\t\t\t\t<\/div>\n\t\t\t\t<div class=\"elementor-element elementor-element-b5f429c elementor-widget elementor-widget-text-editor\" data-id=\"b5f429c\" data-element_type=\"widget\" data-e-type=\"widget\" data-widget_type=\"text-editor.default\">\n\t\t\t\t<div class=\"elementor-widget-container\">\n\t\t\t\t\t\t\t\t\t<p>Solutions for ECG, EEG, and EMG<\/p><p>We provide a variety of solutions and options to the professionals with its innovative and modular design.<\/p><p>It stays durable to corrosion for many years owing to its 2mm electro galvanized steel body and electrostatic powder coating.<\/p><p>Easily adaptable modular system for a variety of health needs and conditions.<\/p><p>A wide option of accessories<\/p><p>Possibility of shelf and drawer configuration<\/p><p>A spacious support column for cables<\/p><p>We carry responsibility<\/p>\t\t\t\t\t\t\t\t<\/div>\n\t\t\t\t<\/div>\n\t\t\t\t<\/div>\n\t\t\t\t<\/div>\n\t\t\t\t<\/div>\n\t\t\t\t\t<\/div>\n\t\t\t\t<\/div>\n\t\t<div class=\"elementor-element elementor-element-ada0d70 e-flex e-con-boxed e-con e-parent\" data-id=\"ada0d70\" data-element_type=\"container\" data-e-type=\"container\">\n\t\t\t\t\t<div class=\"e-con-inner\">\n\t\t<div class=\"elementor-element elementor-element-70e0036 e-con-full e-flex e-con e-child\" data-id=\"70e0036\" data-element_type=\"container\" data-e-type=\"container\">\n\t\t\t\t<div class=\"elementor-element elementor-element-0348cf1 elementor-widget elementor-widget-heading\" data-id=\"0348cf1\" data-element_type=\"widget\" data-e-type=\"widget\" data-widget_type=\"heading.default\">\n\t\t\t\t<div class=\"elementor-widget-container\">\n\t\t\t\t\t<h2 class=\"elementor-heading-title elementor-size-default\">Gallery<\/h2>\t\t\t\t<\/div>\n\t\t\t\t<\/div>\n\t\t\t\t<div class=\"elementor-element elementor-element-89a30c1 elementor-widget elementor-widget-gallery\" data-id=\"89a30c1\" data-element_type=\"widget\" data-e-type=\"widget\" data-settings=\"{&quot;columns&quot;:3,&quot;aspect_ratio&quot;:&quot;9:16&quot;,&quot;image_hover_animation&quot;:&quot;grow&quot;,&quot;gallery_layout&quot;:&quot;grid&quot;,&quot;columns_tablet&quot;:2,&quot;columns_mobile&quot;:1,&quot;gap&quot;:{&quot;unit&quot;:&quot;px&quot;,&quot;size&quot;:10,&quot;sizes&quot;:[]},&quot;gap_tablet&quot;:{&quot;unit&quot;:&quot;px&quot;,&quot;size&quot;:10,&quot;sizes&quot;:[]},&quot;gap_mobile&quot;:{&quot;unit&quot;:&quot;px&quot;,&quot;size&quot;:10,&quot;sizes&quot;:[]},&quot;link_to&quot;:&quot;file&quot;,&quot;overlay_background&quot;:&quot;yes&quot;,&quot;content_hover_animation&quot;:&quot;fade-in&quot;}\" data-widget_type=\"gallery.default\">\n\t\t\t\t<div class=\"elementor-widget-container\">\n\t\t\t\t\t\t\t<div class=\"elementor-gallery__container\">\n\t\t\t\t\t\t\t<a class=\"e-gallery-item elementor-gallery-item elementor-animated-content\" href=\"https:\/\/smartinternationaltrade.com\/wp-content\/uploads\/2023\/03\/6-gallery-1.jpg\" data-elementor-open-lightbox=\"yes\" data-elementor-lightbox-slideshow=\"89a30c1\" data-elementor-lightbox-title=\"6-gallery-1\" data-e-action-hash=\"#elementor-action%3Aaction%3Dlightbox%26settings%3DeyJpZCI6MTI2MCwidXJsIjoiaHR0cHM6XC9cL3NtYXJ0aW50ZXJuYXRpb25hbHRyYWRlLmNvbVwvd3AtY29udGVudFwvdXBsb2Fkc1wvMjAyM1wvMDNcLzYtZ2FsbGVyeS0xLmpwZyIsInNsaWRlc2hvdyI6Ijg5YTMwYzEifQ%3D%3D\">\n\t\t\t\t\t<div class=\"e-gallery-image elementor-gallery-item__image\" data-thumbnail=\"https:\/\/smartinternationaltrade.com\/wp-content\/uploads\/elementor\/thumbs\/6-gallery-1-q3pu031cwh9l98z5c29kfwpdae264vg3yz1hmmdhze.jpg\" data-width=\"150\" data-height=\"225\" aria-label=\"\" role=\"img\" ><\/div>\n\t\t\t\t\t\t\t\t\t\t\t<div class=\"elementor-gallery-item__overlay\"><\/div>\n\t\t\t\t\t\t\t\t\t\t\t\t\t\t<\/a>\n\t\t\t\t\t\t\t<a class=\"e-gallery-item elementor-gallery-item elementor-animated-content\" href=\"https:\/\/smartinternationaltrade.com\/wp-content\/uploads\/2023\/03\/6-gallery-2.jpg\" data-elementor-open-lightbox=\"yes\" data-elementor-lightbox-slideshow=\"89a30c1\" data-elementor-lightbox-title=\"6-gallery-2\" data-e-action-hash=\"#elementor-action%3Aaction%3Dlightbox%26settings%3DeyJpZCI6MTI2MSwidXJsIjoiaHR0cHM6XC9cL3NtYXJ0aW50ZXJuYXRpb25hbHRyYWRlLmNvbVwvd3AtY29udGVudFwvdXBsb2Fkc1wvMjAyM1wvMDNcLzYtZ2FsbGVyeS0yLmpwZyIsInNsaWRlc2hvdyI6Ijg5YTMwYzEifQ%3D%3D\">\n\t\t\t\t\t<div class=\"e-gallery-image elementor-gallery-item__image\" data-thumbnail=\"https:\/\/smartinternationaltrade.com\/wp-content\/uploads\/elementor\/thumbs\/6-gallery-2-q3pu04x1a5c5wgwf132tkw8ah5swk9nkn8cgl6apmy.jpg\" data-width=\"150\" data-height=\"225\" aria-label=\"\" role=\"img\" ><\/div>\n\t\t\t\t\t\t\t\t\t\t\t<div class=\"elementor-gallery-item__overlay\"><\/div>\n\t\t\t\t\t\t\t\t\t\t\t\t\t\t<\/a>\n\t\t\t\t\t\t\t<a class=\"e-gallery-item elementor-gallery-item elementor-animated-content\" href=\"https:\/\/smartinternationaltrade.com\/wp-content\/uploads\/2023\/03\/6-gallery-3.jpg\" data-elementor-open-lightbox=\"yes\" data-elementor-lightbox-slideshow=\"89a30c1\" data-elementor-lightbox-title=\"6-gallery-3\" data-e-action-hash=\"#elementor-action%3Aaction%3Dlightbox%26settings%3DeyJpZCI6MTI2MiwidXJsIjoiaHR0cHM6XC9cL3NtYXJ0aW50ZXJuYXRpb25hbHRyYWRlLmNvbVwvd3AtY29udGVudFwvdXBsb2Fkc1wvMjAyM1wvMDNcLzYtZ2FsbGVyeS0zLmpwZyIsInNsaWRlc2hvdyI6Ijg5YTMwYzEifQ%3D%3D\">\n\t\t\t\t\t<div class=\"e-gallery-image elementor-gallery-item__image\" data-thumbnail=\"https:\/\/smartinternationaltrade.com\/wp-content\/uploads\/elementor\/thumbs\/6-gallery-3-q3pu06spnteqjotoq3w2pvr7nxjmznv1bhnfjq7xai.jpg\" data-width=\"150\" data-height=\"225\" aria-label=\"\" role=\"img\" ><\/div>\n\t\t\t\t\t\t\t\t\t\t\t<div class=\"elementor-gallery-item__overlay\"><\/div>\n\t\t\t\t\t\t\t\t\t\t\t\t\t\t<\/a>\n\t\t\t\t\t\t\t<a class=\"e-gallery-item elementor-gallery-item elementor-animated-content\" href=\"https:\/\/smartinternationaltrade.com\/wp-content\/uploads\/2023\/03\/6-gallery-4.jpg\" data-elementor-open-lightbox=\"yes\" data-elementor-lightbox-slideshow=\"89a30c1\" data-elementor-lightbox-title=\"6-gallery-4\" data-e-action-hash=\"#elementor-action%3Aaction%3Dlightbox%26settings%3DeyJpZCI6MTI2MywidXJsIjoiaHR0cHM6XC9cL3NtYXJ0aW50ZXJuYXRpb25hbHRyYWRlLmNvbVwvd3AtY29udGVudFwvdXBsb2Fkc1wvMjAyM1wvMDNcLzYtZ2FsbGVyeS00LmpwZyIsInNsaWRlc2hvdyI6Ijg5YTMwYzEifQ%3D%3D\">\n\t\t\t\t\t<div class=\"e-gallery-image elementor-gallery-item__image\" data-thumbnail=\"https:\/\/smartinternationaltrade.com\/wp-content\/uploads\/elementor\/thumbs\/6-gallery-4-q3pu08oe1hhb6wqyf4pbuva4upadf22hzqyeia54y2.jpg\" data-width=\"150\" data-height=\"225\" aria-label=\"\" role=\"img\" ><\/div>\n\t\t\t\t\t\t\t\t\t\t\t<div class=\"elementor-gallery-item__overlay\"><\/div>\n\t\t\t\t\t\t\t\t\t\t\t\t\t\t<\/a>\n\t\t\t\t\t\t\t<a class=\"e-gallery-item elementor-gallery-item elementor-animated-content\" href=\"https:\/\/smartinternationaltrade.com\/wp-content\/uploads\/2023\/03\/6-gallery-5.jpg\" data-elementor-open-lightbox=\"yes\" data-elementor-lightbox-slideshow=\"89a30c1\" data-elementor-lightbox-title=\"6-gallery-5\" data-e-action-hash=\"#elementor-action%3Aaction%3Dlightbox%26settings%3DeyJpZCI6MTI2NCwidXJsIjoiaHR0cHM6XC9cL3NtYXJ0aW50ZXJuYXRpb25hbHRyYWRlLmNvbVwvd3AtY29udGVudFwvdXBsb2Fkc1wvMjAyM1wvMDNcLzYtZ2FsbGVyeS01LmpwZyIsInNsaWRlc2hvdyI6Ijg5YTMwYzEifQ%3D%3D\">\n\t\t\t\t\t<div class=\"e-gallery-image elementor-gallery-item__image\" data-thumbnail=\"https:\/\/smartinternationaltrade.com\/wp-content\/uploads\/elementor\/thumbs\/6-gallery-5-q3pu0ak2f5jvu4o845ikzut21h13ug9yo09dgu2clm.jpg\" data-width=\"150\" data-height=\"225\" aria-label=\"\" role=\"img\" ><\/div>\n\t\t\t\t\t\t\t\t\t\t\t<div class=\"elementor-gallery-item__overlay\"><\/div>\n\t\t\t\t\t\t\t\t\t\t\t\t\t\t<\/a>\n\t\t\t\t\t\t\t<a class=\"e-gallery-item elementor-gallery-item elementor-animated-content\" href=\"https:\/\/smartinternationaltrade.com\/wp-content\/uploads\/2023\/03\/6-gallery-6.jpg\" data-elementor-open-lightbox=\"yes\" data-elementor-lightbox-slideshow=\"89a30c1\" data-elementor-lightbox-title=\"6-gallery-6\" data-e-action-hash=\"#elementor-action%3Aaction%3Dlightbox%26settings%3DeyJpZCI6MTI2NSwidXJsIjoiaHR0cHM6XC9cL3NtYXJ0aW50ZXJuYXRpb25hbHRyYWRlLmNvbVwvd3AtY29udGVudFwvdXBsb2Fkc1wvMjAyM1wvMDNcLzYtZ2FsbGVyeS02LmpwZyIsInNsaWRlc2hvdyI6Ijg5YTMwYzEifQ%3D%3D\">\n\t\t\t\t\t<div class=\"e-gallery-image elementor-gallery-item__image\" data-thumbnail=\"https:\/\/smartinternationaltrade.com\/wp-content\/uploads\/elementor\/thumbs\/6-gallery-6-q3pu0cfqstmghclht6bu4ubz88ru9uhfc9kcfdzk96.jpg\" data-width=\"150\" data-height=\"225\" aria-label=\"\" role=\"img\" ><\/div>\n\t\t\t\t\t\t\t\t\t\t\t<div class=\"elementor-gallery-item__overlay\"><\/div>\n\t\t\t\t\t\t\t\t\t\t\t\t\t\t<\/a>\n\t\t\t\t\t\t\t<a class=\"e-gallery-item elementor-gallery-item elementor-animated-content\" href=\"https:\/\/smartinternationaltrade.com\/wp-content\/uploads\/2023\/03\/6-gallery-7.jpg\" data-elementor-open-lightbox=\"yes\" data-elementor-lightbox-slideshow=\"89a30c1\" data-elementor-lightbox-title=\"6-gallery-7\" data-e-action-hash=\"#elementor-action%3Aaction%3Dlightbox%26settings%3DeyJpZCI6MTI2NiwidXJsIjoiaHR0cHM6XC9cL3NtYXJ0aW50ZXJuYXRpb25hbHRyYWRlLmNvbVwvd3AtY29udGVudFwvdXBsb2Fkc1wvMjAyM1wvMDNcLzYtZ2FsbGVyeS03LmpwZyIsInNsaWRlc2hvdyI6Ijg5YTMwYzEifQ%3D%3D\">\n\t\t\t\t\t<div class=\"e-gallery-image elementor-gallery-item__image\" data-thumbnail=\"https:\/\/smartinternationaltrade.com\/wp-content\/uploads\/elementor\/thumbs\/6-gallery-7-q3pu0cfqstmghclht6bu4ubz88ru9uhfc9kcfdzk96.jpg\" data-width=\"150\" data-height=\"225\" aria-label=\"\" role=\"img\" ><\/div>\n\t\t\t\t\t\t\t\t\t\t\t<div class=\"elementor-gallery-item__overlay\"><\/div>\n\t\t\t\t\t\t\t\t\t\t\t\t\t\t<\/a>\n\t\t\t\t\t\t\t<a class=\"e-gallery-item elementor-gallery-item elementor-animated-content\" href=\"https:\/\/smartinternationaltrade.com\/wp-content\/uploads\/2023\/03\/6-gallery-8.jpg\" data-elementor-open-lightbox=\"yes\" data-elementor-lightbox-slideshow=\"89a30c1\" data-elementor-lightbox-title=\"6-gallery-8\" data-e-action-hash=\"#elementor-action%3Aaction%3Dlightbox%26settings%3DeyJpZCI6MTI2NywidXJsIjoiaHR0cHM6XC9cL3NtYXJ0aW50ZXJuYXRpb25hbHRyYWRlLmNvbVwvd3AtY29udGVudFwvdXBsb2Fkc1wvMjAyM1wvMDNcLzYtZ2FsbGVyeS04LmpwZyIsInNsaWRlc2hvdyI6Ijg5YTMwYzEifQ%3D%3D\">\n\t\t\t\t\t<div class=\"e-gallery-image elementor-gallery-item__image\" data-thumbnail=\"https:\/\/smartinternationaltrade.com\/wp-content\/uploads\/elementor\/thumbs\/6-gallery-8-q3pu0ebf6hp14kiri7539tuwf0ikp8ow0ivbdxwrwq.jpg\" data-width=\"150\" data-height=\"225\" aria-label=\"\" role=\"img\" ><\/div>\n\t\t\t\t\t\t\t\t\t\t\t<div class=\"elementor-gallery-item__overlay\"><\/div>\n\t\t\t\t\t\t\t\t\t\t\t\t\t\t<\/a>\n\t\t\t\t\t\t\t<a class=\"e-gallery-item elementor-gallery-item elementor-animated-content\" href=\"https:\/\/smartinternationaltrade.com\/wp-content\/uploads\/2023\/03\/6-gallery-9.jpg\" data-elementor-open-lightbox=\"yes\" data-elementor-lightbox-slideshow=\"89a30c1\" data-elementor-lightbox-title=\"6-gallery-9\" data-e-action-hash=\"#elementor-action%3Aaction%3Dlightbox%26settings%3DeyJpZCI6MTI2OCwidXJsIjoiaHR0cHM6XC9cL3NtYXJ0aW50ZXJuYXRpb25hbHRyYWRlLmNvbVwvd3AtY29udGVudFwvdXBsb2Fkc1wvMjAyM1wvMDNcLzYtZ2FsbGVyeS05LmpwZyIsInNsaWRlc2hvdyI6Ijg5YTMwYzEifQ%3D%3D\">\n\t\t\t\t\t<div class=\"e-gallery-image elementor-gallery-item__image\" data-thumbnail=\"https:\/\/smartinternationaltrade.com\/wp-content\/uploads\/elementor\/thumbs\/6-gallery-9-q3pu0g73k5rlrsg177ycetdtls9b4mwcos6achtzka.jpg\" data-width=\"150\" data-height=\"225\" aria-label=\"\" role=\"img\" ><\/div>\n\t\t\t\t\t\t\t\t\t\t\t<div class=\"elementor-gallery-item__overlay\"><\/div>\n\t\t\t\t\t\t\t\t\t\t\t\t\t\t<\/a>\n\t\t\t\t\t\t\t<a class=\"e-gallery-item elementor-gallery-item elementor-animated-content\" href=\"https:\/\/smartinternationaltrade.com\/wp-content\/uploads\/2023\/03\/6-gallery-10.jpg\" data-elementor-open-lightbox=\"yes\" data-elementor-lightbox-slideshow=\"89a30c1\" data-elementor-lightbox-title=\"6-gallery-10\" data-e-action-hash=\"#elementor-action%3Aaction%3Dlightbox%26settings%3DeyJpZCI6MTI2OSwidXJsIjoiaHR0cHM6XC9cL3NtYXJ0aW50ZXJuYXRpb25hbHRyYWRlLmNvbVwvd3AtY29udGVudFwvdXBsb2Fkc1wvMjAyM1wvMDNcLzYtZ2FsbGVyeS0xMC5qcGciLCJzbGlkZXNob3ciOiI4OWEzMGMxIn0%3D\">\n\t\t\t\t\t<div class=\"e-gallery-image elementor-gallery-item__image\" data-thumbnail=\"https:\/\/smartinternationaltrade.com\/wp-content\/uploads\/elementor\/thumbs\/6-gallery-10-q3pu0i2rxtu6f0daw8rljswqsk01k13td1h9b1r77u.jpg\" data-width=\"150\" data-height=\"225\" aria-label=\"\" role=\"img\" ><\/div>\n\t\t\t\t\t\t\t\t\t\t\t<div class=\"elementor-gallery-item__overlay\"><\/div>\n\t\t\t\t\t\t\t\t\t\t\t\t\t\t<\/a>\n\t\t\t\t\t\t\t<a class=\"e-gallery-item elementor-gallery-item elementor-animated-content\" href=\"https:\/\/smartinternationaltrade.com\/wp-content\/uploads\/2023\/03\/6-gallery-11.jpg\" data-elementor-open-lightbox=\"yes\" data-elementor-lightbox-slideshow=\"89a30c1\" data-elementor-lightbox-title=\"6-gallery-11\" data-e-action-hash=\"#elementor-action%3Aaction%3Dlightbox%26settings%3DeyJpZCI6MTI3MCwidXJsIjoiaHR0cHM6XC9cL3NtYXJ0aW50ZXJuYXRpb25hbHRyYWRlLmNvbVwvd3AtY29udGVudFwvdXBsb2Fkc1wvMjAyM1wvMDNcLzYtZ2FsbGVyeS0xMS5qcGciLCJzbGlkZXNob3ciOiI4OWEzMGMxIn0%3D\">\n\t\t\t\t\t<div class=\"e-gallery-image elementor-gallery-item__image\" data-thumbnail=\"https:\/\/smartinternationaltrade.com\/wp-content\/uploads\/elementor\/thumbs\/6-gallery-11-q3pu0jygbhwr28akl9kuosfnzbqrzfba1as89loeve.jpg\" data-width=\"150\" data-height=\"225\" aria-label=\"\" role=\"img\" ><\/div>\n\t\t\t\t\t\t\t\t\t\t\t<div class=\"elementor-gallery-item__overlay\"><\/div>\n\t\t\t\t\t\t\t\t\t\t\t\t\t\t<\/a>\n\t\t\t\t\t<\/div>\n\t\t\t\t\t<\/div>\n\t\t\t\t<\/div>\n\t\t\t\t<\/div>\n\t\t<div class=\"elementor-element elementor-element-ad5df75 e-con-full e-flex e-con e-child\" data-id=\"ad5df75\" data-element_type=\"container\" data-e-type=\"container\">\n\t\t\t\t<div class=\"elementor-element elementor-element-b47ed43 elementor-widget elementor-widget-heading\" data-id=\"b47ed43\" data-element_type=\"widget\" data-e-type=\"widget\" data-widget_type=\"heading.default\">\n\t\t\t\t<div class=\"elementor-widget-container\">\n\t\t\t\t\t<h2 class=\"elementor-heading-title elementor-size-default\">Technical Details<\/h2>\t\t\t\t<\/div>\n\t\t\t\t<\/div>\n\t\t\t\t<div class=\"elementor-element elementor-element-33b085f elementor-widget elementor-widget-image\" data-id=\"33b085f\" data-element_type=\"widget\" data-e-type=\"widget\" data-widget_type=\"image.default\">\n\t\t\t\t<div class=\"elementor-widget-container\">\n\t\t\t\t\t\t\t\t\t\t\t\t\t\t\t<img decoding=\"async\" width=\"401\" height=\"537\" src=\"https:\/\/smartinternationaltrade.com\/wp-content\/uploads\/2023\/03\/6-details.jpg\" class=\"attachment-full size-full wp-image-1259\" alt=\"\" srcset=\"https:\/\/smartinternationaltrade.com\/wp-content\/uploads\/2023\/03\/6-details.jpg 401w, https:\/\/smartinternationaltrade.com\/wp-content\/uploads\/2023\/03\/6-details-224x300.jpg 224w\" sizes=\"(max-width: 401px) 100vw, 401px\" \/>\t\t\t\t\t\t\t\t\t\t\t\t\t\t\t<\/div>\n\t\t\t\t<\/div>\n\t\t\t\t<\/div>\n\t\t\t\t\t<\/div>\n\t\t\t\t<\/div>\n\t\t\t\t<\/div>","protected":false},"excerpt":{"rendered":"<p>SMART INTERNATIONAL TRADE EKG, EEG ve EMG i\u00e7in \u00e7\u00f6z\u00fcmler Yenilik\u00e7i ve mod\u00fcler tasar\u0131m\u0131yla profesyonellere \u00e7e\u015fitli \u00e7\u00f6z\u00fcmler ve se\u00e7enekler sunar. 2 mm elektro galvanizli \u00e7elik g\u00f6vdesi ve elektrostatik toz kaplamas\u0131 sayesinde uzun y\u0131llar korozyona dayan\u0131kl\u0131 kal\u0131r. \u00c7e\u015fitli sa\u011fl\u0131k ihtiya\u00e7lar\u0131 ve ko\u015fullar\u0131 i\u00e7in kolayca uyarlanabilir mod\u00fcler sistem. Geni\u015f aksesuar se\u00e7ene\u011fi Raf ve \u00e7ekmece yap\u0131land\u0131rmas\u0131 Kablolar i\u00e7in geni\u015f [&hellip;]<\/p>\n","protected":false},"author":1,"featured_media":0,"parent":782,"menu_order":0,"comment_status":"closed","ping_status":"closed","template":"","meta":{"footnotes":""},"class_list":["post-1257","page","type-page","status-publish","hentry"],"_links":{"self":[{"href":"https:\/\/smartinternationaltrade.com\/en\/wp-json\/wp\/v2\/pages\/1257","targetHints":{"allow":["GET"]}}],"collection":[{"href":"https:\/\/smartinternationaltrade.com\/en\/wp-json\/wp\/v2\/pages"}],"about":[{"href":"https:\/\/smartinternationaltrade.com\/en\/wp-json\/wp\/v2\/types\/page"}],"author":[{"embeddable":true,"href":"https:\/\/smartinternationaltrade.com\/en\/wp-json\/wp\/v2\/users\/1"}],"replies":[{"embeddable":true,"href":"https:\/\/smartinternationaltrade.com\/en\/wp-json\/wp\/v2\/comments?post=1257"}],"version-history":[{"count":10,"href":"https:\/\/smartinternationaltrade.com\/en\/wp-json\/wp\/v2\/pages\/1257\/revisions"}],"predecessor-version":[{"id":1788,"href":"https:\/\/smartinternationaltrade.com\/en\/wp-json\/wp\/v2\/pages\/1257\/revisions\/1788"}],"up":[{"embeddable":true,"href":"https:\/\/smartinternationaltrade.com\/en\/wp-json\/wp\/v2\/pages\/782"}],"wp:attachment":[{"href":"https:\/\/smartinternationaltrade.com\/en\/wp-json\/wp\/v2\/media?parent=1257"}],"curies":[{"name":"wp","href":"https:\/\/api.w.org\/{rel}","templated":true}]}}