{"id":742,"date":"2023-02-26T08:15:26","date_gmt":"2023-02-26T08:15:26","guid":{"rendered":"https:\/\/www.smartinternationaltrade.com\/?page_id=742"},"modified":"2025-03-24T21:24:20","modified_gmt":"2025-03-24T18:24:20","slug":"tarim-ve-gida","status":"publish","type":"page","link":"https:\/\/smartinternationaltrade.com\/en\/hizmetlerimiz\/tarim-ve-gida\/","title":{"rendered":"Agriculture and Food"},"content":{"rendered":"<div data-elementor-type=\"wp-page\" data-elementor-id=\"742\" class=\"elementor elementor-742\" data-elementor-post-type=\"page\">\n\t\t\t\t<div class=\"elementor-element elementor-element-f4bb80e e-con-full e-flex e-con e-parent\" data-id=\"f4bb80e\" data-element_type=\"container\" data-e-type=\"container\" data-settings=\"{&quot;background_background&quot;:&quot;classic&quot;}\">\n\t\t<div class=\"elementor-element elementor-element-6276831 e-con-full e-flex e-con e-child\" data-id=\"6276831\" data-element_type=\"container\" data-e-type=\"container\">\n\t\t\t\t<\/div>\n\t\t\t\t<\/div>\n\t\t<div class=\"elementor-element elementor-element-aadff07 e-flex e-con-boxed e-con e-parent\" data-id=\"aadff07\" data-element_type=\"container\" data-e-type=\"container\">\n\t\t\t\t\t<div class=\"e-con-inner\">\n\t\t<div class=\"elementor-element elementor-element-e101317 e-con-full e-flex e-con e-child\" data-id=\"e101317\" data-element_type=\"container\" data-e-type=\"container\">\n\t\t<div class=\"elementor-element elementor-element-1c8fe0a e-con-full e-flex e-con e-child\" data-id=\"1c8fe0a\" data-element_type=\"container\" data-e-type=\"container\">\n\t\t<div class=\"elementor-element elementor-element-2e0c53a e-con-full e-flex e-con e-child\" data-id=\"2e0c53a\" data-element_type=\"container\" data-e-type=\"container\">\n\t\t\t\t<div class=\"elementor-element elementor-element-343b480 elementor-widget elementor-widget-image\" data-id=\"343b480\" data-element_type=\"widget\" data-e-type=\"widget\" data-widget_type=\"image.default\">\n\t\t\t\t<div class=\"elementor-widget-container\">\n\t\t\t\t\t\t\t\t\t\t\t\t\t\t\t<img fetchpriority=\"high\" decoding=\"async\" width=\"500\" height=\"300\" src=\"https:\/\/smartinternationaltrade.com\/wp-content\/uploads\/2023\/03\/4-tarim.jpg\" class=\"attachment-full size-full wp-image-834\" alt=\"\" srcset=\"https:\/\/smartinternationaltrade.com\/wp-content\/uploads\/2023\/03\/4-tarim.jpg 500w, https:\/\/smartinternationaltrade.com\/wp-content\/uploads\/2023\/03\/4-tarim-300x180.jpg 300w\" sizes=\"(max-width: 500px) 100vw, 500px\" \/>\t\t\t\t\t\t\t\t\t\t\t\t\t\t\t<\/div>\n\t\t\t\t<\/div>\n\t\t\t\t<\/div>\n\t\t<div class=\"elementor-element elementor-element-2159ce7 e-con-full e-flex e-con e-child\" data-id=\"2159ce7\" data-element_type=\"container\" data-e-type=\"container\">\n\t\t\t\t<div class=\"elementor-element elementor-element-868bbf2 elementor-widget elementor-widget-heading\" data-id=\"868bbf2\" data-element_type=\"widget\" data-e-type=\"widget\" data-widget_type=\"heading.default\">\n\t\t\t\t<div class=\"elementor-widget-container\">\n\t\t\t\t\t<h5 class=\"elementor-heading-title elementor-size-default\">SMART INTERNATIONAL TRADE<\/h5>\t\t\t\t<\/div>\n\t\t\t\t<\/div>\n\t\t\t\t<div class=\"elementor-element elementor-element-b95e983 elementor-widget elementor-widget-heading\" data-id=\"b95e983\" data-element_type=\"widget\" data-e-type=\"widget\" data-widget_type=\"heading.default\">\n\t\t\t\t<div class=\"elementor-widget-container\">\n\t\t\t\t\t<h2 class=\"elementor-heading-title elementor-size-default\">Agriculture and Food<\/h2>\t\t\t\t<\/div>\n\t\t\t\t<\/div>\n\t\t\t\t<\/div>\n\t\t\t\t<\/div>\n\t\t\t\t<\/div>\n\t\t\t\t\t<\/div>\n\t\t\t\t<\/div>\n\t\t<div class=\"elementor-element elementor-element-b3fa151 e-flex e-con-boxed e-con e-parent\" data-id=\"b3fa151\" data-element_type=\"container\" data-e-type=\"container\">\n\t\t\t\t\t<div class=\"e-con-inner\">\n\t\t<div class=\"elementor-element elementor-element-b8128b6 e-con-full e-flex e-con e-child\" data-id=\"b8128b6\" data-element_type=\"container\" data-e-type=\"container\">\n\t\t\t\t<div class=\"elementor-element elementor-element-fd01cde elementor-widget elementor-widget-text-editor\" data-id=\"fd01cde\" data-element_type=\"widget\" data-e-type=\"widget\" data-widget_type=\"text-editor.default\">\n\t\t\t\t<div class=\"elementor-widget-container\">\n\t\t\t\t\t\t\t\t\t<p>Within the commercial activities of our company, there is the supply and export of agricultural and food products, which are composed of the main natural resources of our country and occupy a very important place in the production field.<\/p><p>Considering the geographical structure and climate characteristics of our country, we believe that agricultural products will have a very important place in the world market and we work directly with the most accurate producers in this direction.<\/p><p>Upon requests from various countries of the world, we provide the supply of 100% natural ingredients, food and agricultural products in our country.in this direction, all of our manufacturers we supply have the ability to deliver the products with all the necessary certificates, suitable for production processes and the highest quality products in the desired form according to customer demands.<\/p><p>In the competitive world market, we perceive the right product, the most cost-effective customer demands in the fastest way and provide the highest level of satisfaction of our customers in various countries.<\/p>\t\t\t\t\t\t\t\t<\/div>\n\t\t\t\t<\/div>\n\t\t\t\t<\/div>\n\t\t\t\t\t<\/div>\n\t\t\t\t<\/div>\n\t\t\t\t<\/div>","protected":false},"excerpt":{"rendered":"<p>SMART INTERNATIONAL TRADE \u015eirketimizin ticari faaliyetleri i\u00e7erisinde \u00fclkemizin ba\u015fl\u0131ca do\u011fal kaynaklar\u0131ndan olu\u015fan ve \u00fcretim alan\u0131nda \u00e7ok \u00f6nemli bir yer tutan tar\u0131m ve g\u0131da \u00fcr\u00fcnlerinin tedari\u011fi ve ihracat\u0131 mevcuttur. \u00dclkemizin co\u011frafi yap\u0131s\u0131 ve iklim \u00f6zellikleri g\u00f6z \u00f6n\u00fcne al\u0131nd\u0131\u011f\u0131nda, tar\u0131m \u00fcr\u00fcnlerinin d\u00fcnya marketinde \u00e7ok \u00f6nemli bir yeri olaca\u011f\u0131na inan\u0131yoruz ve bu do\u011frultuda en do\u011fru \u00fcreticilerle direkt olarak [&hellip;]<\/p>\n","protected":false},"author":1,"featured_media":0,"parent":135,"menu_order":0,"comment_status":"closed","ping_status":"closed","template":"","meta":{"footnotes":""},"class_list":["post-742","page","type-page","status-publish","hentry"],"_links":{"self":[{"href":"https:\/\/smartinternationaltrade.com\/en\/wp-json\/wp\/v2\/pages\/742","targetHints":{"allow":["GET"]}}],"collection":[{"href":"https:\/\/smartinternationaltrade.com\/en\/wp-json\/wp\/v2\/pages"}],"about":[{"href":"https:\/\/smartinternationaltrade.com\/en\/wp-json\/wp\/v2\/types\/page"}],"author":[{"embeddable":true,"href":"https:\/\/smartinternationaltrade.com\/en\/wp-json\/wp\/v2\/users\/1"}],"replies":[{"embeddable":true,"href":"https:\/\/smartinternationaltrade.com\/en\/wp-json\/wp\/v2\/comments?post=742"}],"version-history":[{"count":55,"href":"https:\/\/smartinternationaltrade.com\/en\/wp-json\/wp\/v2\/pages\/742\/revisions"}],"predecessor-version":[{"id":1800,"href":"https:\/\/smartinternationaltrade.com\/en\/wp-json\/wp\/v2\/pages\/742\/revisions\/1800"}],"up":[{"embeddable":true,"href":"https:\/\/smartinternationaltrade.com\/en\/wp-json\/wp\/v2\/pages\/135"}],"wp:attachment":[{"href":"https:\/\/smartinternationaltrade.com\/en\/wp-json\/wp\/v2\/media?parent=742"}],"curies":[{"name":"wp","href":"https:\/\/api.w.org\/{rel}","templated":true}]}}