{"id":797,"date":"2023-02-26T08:27:50","date_gmt":"2023-02-26T08:27:50","guid":{"rendered":"https:\/\/www.smartinternationaltrade.com\/?page_id=797"},"modified":"2025-03-24T21:22:39","modified_gmt":"2025-03-24T18:22:39","slug":"madencilik-ve-sanayi","status":"publish","type":"page","link":"https:\/\/smartinternationaltrade.com\/en\/hizmetlerimiz\/madencilik-ve-sanayi\/","title":{"rendered":"Mining and Industrial"},"content":{"rendered":"<div data-elementor-type=\"wp-page\" data-elementor-id=\"797\" class=\"elementor elementor-797\" data-elementor-post-type=\"page\">\n\t\t\t\t<div class=\"elementor-element elementor-element-9e85015 e-con-full e-flex e-con e-parent\" data-id=\"9e85015\" data-element_type=\"container\" data-e-type=\"container\" data-settings=\"{&quot;background_background&quot;:&quot;classic&quot;}\">\n\t\t<div class=\"elementor-element elementor-element-56230cf e-con-full e-flex e-con e-child\" data-id=\"56230cf\" data-element_type=\"container\" data-e-type=\"container\">\n\t\t\t\t<\/div>\n\t\t\t\t<\/div>\n\t\t<div class=\"elementor-element elementor-element-fa17ce0 e-flex e-con-boxed e-con e-parent\" data-id=\"fa17ce0\" data-element_type=\"container\" data-e-type=\"container\">\n\t\t\t\t\t<div class=\"e-con-inner\">\n\t\t<div class=\"elementor-element elementor-element-41bd9c2 e-con-full e-flex e-con e-child\" data-id=\"41bd9c2\" data-element_type=\"container\" data-e-type=\"container\">\n\t\t<div class=\"elementor-element elementor-element-a98d402 e-con-full e-flex e-con e-child\" data-id=\"a98d402\" data-element_type=\"container\" data-e-type=\"container\">\n\t\t<div class=\"elementor-element elementor-element-ddc8946 e-con-full e-flex e-con e-child\" data-id=\"ddc8946\" data-element_type=\"container\" data-e-type=\"container\">\n\t\t\t\t<div class=\"elementor-element elementor-element-92d0d9c elementor-widget elementor-widget-image\" data-id=\"92d0d9c\" data-element_type=\"widget\" data-e-type=\"widget\" data-widget_type=\"image.default\">\n\t\t\t\t<div class=\"elementor-widget-container\">\n\t\t\t\t\t\t\t\t\t\t\t\t\t\t\t<img fetchpriority=\"high\" decoding=\"async\" width=\"500\" height=\"300\" src=\"https:\/\/smartinternationaltrade.com\/wp-content\/uploads\/2023\/04\/3-madencilik-header.jpg\" class=\"attachment-full size-full wp-image-1448\" alt=\"\" srcset=\"https:\/\/smartinternationaltrade.com\/wp-content\/uploads\/2023\/04\/3-madencilik-header.jpg 500w, https:\/\/smartinternationaltrade.com\/wp-content\/uploads\/2023\/04\/3-madencilik-header-300x180.jpg 300w, https:\/\/smartinternationaltrade.com\/wp-content\/uploads\/2023\/04\/3-madencilik-header-18x12.jpg 18w\" sizes=\"(max-width: 500px) 100vw, 500px\" \/>\t\t\t\t\t\t\t\t\t\t\t\t\t\t\t<\/div>\n\t\t\t\t<\/div>\n\t\t\t\t<\/div>\n\t\t<div class=\"elementor-element elementor-element-f94cb96 e-con-full e-flex e-con e-child\" data-id=\"f94cb96\" data-element_type=\"container\" data-e-type=\"container\">\n\t\t\t\t<div class=\"elementor-element elementor-element-1013b2f elementor-widget elementor-widget-heading\" data-id=\"1013b2f\" data-element_type=\"widget\" data-e-type=\"widget\" data-widget_type=\"heading.default\">\n\t\t\t\t<div class=\"elementor-widget-container\">\n\t\t\t\t\t<h5 class=\"elementor-heading-title elementor-size-default\">SMART INTERNATIONAL TRADE<\/h5>\t\t\t\t<\/div>\n\t\t\t\t<\/div>\n\t\t\t\t<div class=\"elementor-element elementor-element-3d8031a elementor-widget elementor-widget-heading\" data-id=\"3d8031a\" data-element_type=\"widget\" data-e-type=\"widget\" data-widget_type=\"heading.default\">\n\t\t\t\t<div class=\"elementor-widget-container\">\n\t\t\t\t\t<h2 class=\"elementor-heading-title elementor-size-default\">Mining and Industrial<\/h2>\t\t\t\t<\/div>\n\t\t\t\t<\/div>\n\t\t\t\t<\/div>\n\t\t\t\t<\/div>\n\t\t\t\t<\/div>\n\t\t\t\t\t<\/div>\n\t\t\t\t<\/div>\n\t\t<div class=\"elementor-element elementor-element-65d4dc9 e-flex e-con-boxed e-con e-parent\" data-id=\"65d4dc9\" data-element_type=\"container\" data-e-type=\"container\">\n\t\t\t\t\t<div class=\"e-con-inner\">\n\t\t<div class=\"elementor-element elementor-element-98621f8 e-con-full e-flex e-con e-child\" data-id=\"98621f8\" data-element_type=\"container\" data-e-type=\"container\">\n\t\t\t\t<div class=\"elementor-element elementor-element-86af92f elementor-widget elementor-widget-text-editor\" data-id=\"86af92f\" data-element_type=\"widget\" data-e-type=\"widget\" data-widget_type=\"text-editor.default\">\n\t\t\t\t<div class=\"elementor-widget-container\">\n\t\t\t\t\t\t\t\t\t<p>Iron and non-ferrous metals (aluminum, Copper, zinc, etc.) mamul, semi-finished and scrap works together with mining and industrial enterprises in various countries of the world to import and export.<\/p><p>Within the scope of Smart International Trade, products obtained from natural stone resources located in specific regions of our country (Marble, Traverten, etc.) with its expert staff, it is exported to various countries of the world.<\/p>\t\t\t\t\t\t\t\t<\/div>\n\t\t\t\t<\/div>\n\t\t\t\t<\/div>\n\t\t\t\t\t<\/div>\n\t\t\t\t<\/div>\n\t\t\t\t<\/div>","protected":false},"excerpt":{"rendered":"<p>SMART INTERNATIONAL TRADE Demir ve demir d\u0131\u015f\u0131 metaller (Al\u00fcminyum , Bak\u0131r , \u00e7inko vs.) mam\u00fcl , yar\u0131 mam\u00fcl ve hurdalar\u0131n\u0131n d\u00fcnyan\u0131n \u00e7e\u015fitli \u00fclkelerinde bulunan madencilik ve sanayi i\u015fletmeleriyle beraber hareket ederek ithalalat\u0131n\u0131 ve ihracat\u0131n\u0131 yapmaktad\u0131r. Smart Uluslararas\u0131 Ticaret b\u00fcnyesinde, \u00fclkemizin spesifik b\u00f6lgelerinde bulunan do\u011fal ta\u015f kaynaklar\u0131ndan elde edilen mam\u00fcller (Mermer, Traverten vs.) uzman kadro experli\u011fiyle [&hellip;]<\/p>\n","protected":false},"author":1,"featured_media":0,"parent":135,"menu_order":0,"comment_status":"closed","ping_status":"closed","template":"","meta":{"footnotes":""},"class_list":["post-797","page","type-page","status-publish","hentry"],"_links":{"self":[{"href":"https:\/\/smartinternationaltrade.com\/en\/wp-json\/wp\/v2\/pages\/797","targetHints":{"allow":["GET"]}}],"collection":[{"href":"https:\/\/smartinternationaltrade.com\/en\/wp-json\/wp\/v2\/pages"}],"about":[{"href":"https:\/\/smartinternationaltrade.com\/en\/wp-json\/wp\/v2\/types\/page"}],"author":[{"embeddable":true,"href":"https:\/\/smartinternationaltrade.com\/en\/wp-json\/wp\/v2\/users\/1"}],"replies":[{"embeddable":true,"href":"https:\/\/smartinternationaltrade.com\/en\/wp-json\/wp\/v2\/comments?post=797"}],"version-history":[{"count":52,"href":"https:\/\/smartinternationaltrade.com\/en\/wp-json\/wp\/v2\/pages\/797\/revisions"}],"predecessor-version":[{"id":1797,"href":"https:\/\/smartinternationaltrade.com\/en\/wp-json\/wp\/v2\/pages\/797\/revisions\/1797"}],"up":[{"embeddable":true,"href":"https:\/\/smartinternationaltrade.com\/en\/wp-json\/wp\/v2\/pages\/135"}],"wp:attachment":[{"href":"https:\/\/smartinternationaltrade.com\/en\/wp-json\/wp\/v2\/media?parent=797"}],"curies":[{"name":"wp","href":"https:\/\/api.w.org\/{rel}","templated":true}]}}