{"id":1550,"date":"2024-05-22T06:04:01","date_gmt":"2024-05-22T06:04:01","guid":{"rendered":"https:\/\/www.smartinternationaltrade.com\/?page_id=1550"},"modified":"2025-03-24T21:37:23","modified_gmt":"2025-03-24T18:37:23","slug":"bilisim-teknolojileri","status":"publish","type":"page","link":"https:\/\/smartinternationaltrade.com\/hu\/hizmetlerimiz\/bilisim-teknolojileri\/","title":{"rendered":"Inform\u00e1ci\u00f3s technol\u00f3gia"},"content":{"rendered":"<div data-elementor-type=\"wp-page\" data-elementor-id=\"1550\" class=\"elementor elementor-1550\" data-elementor-post-type=\"page\">\n\t\t\t\t<div class=\"elementor-element elementor-element-a897316 e-con-full e-flex e-con e-parent\" data-id=\"a897316\" data-element_type=\"container\" data-e-type=\"container\" data-settings=\"{&quot;background_background&quot;:&quot;classic&quot;}\">\n\t\t<div class=\"elementor-element elementor-element-8dca323 e-con-full e-flex e-con e-child\" data-id=\"8dca323\" data-element_type=\"container\" data-e-type=\"container\">\n\t\t\t\t<\/div>\n\t\t\t\t<\/div>\n\t\t<div class=\"elementor-element elementor-element-d3972e2 e-flex e-con-boxed e-con e-parent\" data-id=\"d3972e2\" data-element_type=\"container\" data-e-type=\"container\">\n\t\t\t\t\t<div class=\"e-con-inner\">\n\t\t<div class=\"elementor-element elementor-element-e2b460f e-con-full e-flex e-con e-child\" data-id=\"e2b460f\" data-element_type=\"container\" data-e-type=\"container\">\n\t\t<div class=\"elementor-element elementor-element-1dfaba5 e-con-full e-flex e-con e-child\" data-id=\"1dfaba5\" data-element_type=\"container\" data-e-type=\"container\">\n\t\t<div class=\"elementor-element elementor-element-4eaae76 e-con-full e-flex e-con e-child\" data-id=\"4eaae76\" data-element_type=\"container\" data-e-type=\"container\">\n\t\t\t\t<div class=\"elementor-element elementor-element-7c5b265 elementor-widget elementor-widget-image\" data-id=\"7c5b265\" data-element_type=\"widget\" data-e-type=\"widget\" data-widget_type=\"image.default\">\n\t\t\t\t<div class=\"elementor-widget-container\">\n\t\t\t\t\t\t\t\t\t\t\t\t\t\t\t<img fetchpriority=\"high\" decoding=\"async\" width=\"500\" height=\"334\" src=\"https:\/\/smartinternationaltrade.com\/wp-content\/uploads\/2024\/05\/bt-teknolojileri.webp\" class=\"attachment-full size-full wp-image-1566\" alt=\"\" srcset=\"https:\/\/smartinternationaltrade.com\/wp-content\/uploads\/2024\/05\/bt-teknolojileri.webp 500w, https:\/\/smartinternationaltrade.com\/wp-content\/uploads\/2024\/05\/bt-teknolojileri-300x200.webp 300w, https:\/\/smartinternationaltrade.com\/wp-content\/uploads\/2024\/05\/bt-teknolojileri-18x12.webp 18w\" sizes=\"(max-width: 500px) 100vw, 500px\" \/>\t\t\t\t\t\t\t\t\t\t\t\t\t\t\t<\/div>\n\t\t\t\t<\/div>\n\t\t\t\t<\/div>\n\t\t<div class=\"elementor-element elementor-element-62f6faa e-con-full e-flex e-con e-child\" data-id=\"62f6faa\" data-element_type=\"container\" data-e-type=\"container\">\n\t\t\t\t<div class=\"elementor-element elementor-element-77f050d elementor-widget elementor-widget-heading\" data-id=\"77f050d\" data-element_type=\"widget\" data-e-type=\"widget\" data-widget_type=\"heading.default\">\n\t\t\t\t<div class=\"elementor-widget-container\">\n\t\t\t\t\t<h5 class=\"elementor-heading-title elementor-size-default\">SMART INTERNATIONAL TRADE<\/h5>\t\t\t\t<\/div>\n\t\t\t\t<\/div>\n\t\t\t\t<div class=\"elementor-element elementor-element-216b306 elementor-widget elementor-widget-heading\" data-id=\"216b306\" data-element_type=\"widget\" data-e-type=\"widget\" data-widget_type=\"heading.default\">\n\t\t\t\t<div class=\"elementor-widget-container\">\n\t\t\t\t\t<h2 class=\"elementor-heading-title elementor-size-default\">INFORM\u00c1CI\u00d3S TECHNOL\u00d3GI\u00c1K\n<br>\nBIZTONS\u00c1GI BIZTONS\u00c1G<\/h2>\t\t\t\t<\/div>\n\t\t\t\t<\/div>\n\t\t\t\t<\/div>\n\t\t\t\t<\/div>\n\t\t\t\t<\/div>\n\t\t\t\t\t<\/div>\n\t\t\t\t<\/div>\n\t\t<div class=\"elementor-element elementor-element-d40623c e-flex e-con-boxed e-con e-parent\" data-id=\"d40623c\" data-element_type=\"container\" data-e-type=\"container\">\n\t\t\t\t\t<div class=\"e-con-inner\">\n\t\t<div class=\"elementor-element elementor-element-354fdb8 e-con-full e-flex e-con e-child\" data-id=\"354fdb8\" data-element_type=\"container\" data-e-type=\"container\">\n\t\t<div class=\"elementor-element elementor-element-7de3d93 e-con-full e-flex e-con e-child\" data-id=\"7de3d93\" data-element_type=\"container\" data-e-type=\"container\">\n\t\t<div class=\"elementor-element elementor-element-5d0791e e-con-full e-flex e-con e-child\" data-id=\"5d0791e\" data-element_type=\"container\" data-e-type=\"container\">\n\t\t\t\t<div class=\"elementor-element elementor-element-134ba65 elementor-widget elementor-widget-text-editor\" data-id=\"134ba65\" data-element_type=\"widget\" data-e-type=\"widget\" data-widget_type=\"text-editor.default\">\n\t\t\t\t<div class=\"elementor-widget-container\">\n\t\t\t\t\t\t\t\t\t<p>Az inform\u00e1ci\u00f3technol\u00f3gia (IT) az inform\u00e1ci\u00f3k \u00e9s adatok gy\u0171jt\u00e9s\u00e9re, feldolgoz\u00e1s\u00e1ra, t\u00e1rol\u00e1s\u00e1ra \u00e9s tov\u00e1bb\u00edt\u00e1s\u00e1ra haszn\u00e1lt technol\u00f3gi\u00e1kra utal. Ezek a technol\u00f3gi\u00e1k kritikus szerepet j\u00e1tszanak a modern vil\u00e1g minden ter\u00fclet\u00e9n, \u00e9s a v\u00e1llalkoz\u00e1sokt\u00f3l a mindennapi \u00e9letig sz\u00e1mos alkalmaz\u00e1sban alkalmazz\u00e1k \u0151ket. Az informatika kulcsfontoss\u00e1g\u00fa \u00f6sszetev\u0151i k\u00f6z\u00e9 tartoznak a sz\u00e1m\u00edt\u00f3g\u00e9pek, a szoftverek, a h\u00e1l\u00f3zatok \u00e9s az adatt\u00e1rol\u00e1si megold\u00e1sok.<\/p><p>A kiberbiztons\u00e1g olyan technol\u00f3giai \u00e9s szervezeti int\u00e9zked\u00e9sek \u00f6sszess\u00e9ge, amelyek c\u00e9lja a digit\u00e1lis adatok, rendszerek \u00e9s h\u00e1l\u00f3zatok v\u00e9delme a jogosulatlan hozz\u00e1f\u00e9r\u00e9st\u0151l, t\u00e1mad\u00e1st\u00f3l \u00e9s k\u00e1rokt\u00f3l. Napjainkban, az internet sz\u00e9les k\u00f6r\u0171 elterjed\u00e9s\u00e9vel a kiberbiztons\u00e1g jelent\u0151s\u00e9ge m\u00e9g ink\u00e1bb megn\u0151tt.<\/p><p><strong>A kiberbiztons\u00e1g fontoss\u00e1ga<\/strong><\/p><p>Sz\u00e1mos kritikus fontoss\u00e1g\u00fa inform\u00e1ci\u00f3t - a szem\u00e9lyes adatokt\u00f3l a p\u00e9nz\u00fcgyi inform\u00e1ci\u00f3kig, az \u00e1llamtitkokt\u00f3l a v\u00e1llalati inform\u00e1ci\u00f3kig - t\u00e1rolnak a digit\u00e1lis k\u00f6rnyezetben. Ezen inform\u00e1ci\u00f3k v\u00e9delme l\u00e9tfontoss\u00e1g\u00fa mind az egy\u00e9ni, mind a t\u00e1rsadalmi biztons\u00e1g szempontj\u00e1b\u00f3l. A kibert\u00e1mad\u00e1sok p\u00e9nz\u00fcgyi vesztes\u00e9geket, h\u00edrn\u00e9vk\u00e1rosod\u00e1st \u00e9s m\u0171k\u00f6d\u00e9si zavarokat okozhatnak.<\/p>\t\t\t\t\t\t\t\t<\/div>\n\t\t\t\t<\/div>\n\t\t\t\t<\/div>\n\t\t<div class=\"elementor-element elementor-element-7246767 e-con-full e-flex e-con e-child\" data-id=\"7246767\" data-element_type=\"container\" data-e-type=\"container\">\n\t\t\t\t<div class=\"elementor-element elementor-element-e41fed6 elementor-widget elementor-widget-image\" data-id=\"e41fed6\" data-element_type=\"widget\" data-e-type=\"widget\" data-widget_type=\"image.default\">\n\t\t\t\t<div class=\"elementor-widget-container\">\n\t\t\t\t\t\t\t\t\t\t\t\t\t\t\t\t<a href=\"https:\/\/smartinternationaltrade.com\/wp-content\/uploads\/2024\/05\/smart-bt-products.pdf\">\n\t\t\t\t\t\t\t<img decoding=\"async\" width=\"1811\" height=\"2560\" src=\"https:\/\/smartinternationaltrade.com\/wp-content\/uploads\/2024\/05\/bt-pro-thumb-scaled.webp\" class=\"elementor-animation-grow attachment-full size-full wp-image-1574\" alt=\"\" srcset=\"https:\/\/smartinternationaltrade.com\/wp-content\/uploads\/2024\/05\/bt-pro-thumb-scaled.webp 1811w, https:\/\/smartinternationaltrade.com\/wp-content\/uploads\/2024\/05\/bt-pro-thumb-212x300.webp 212w, https:\/\/smartinternationaltrade.com\/wp-content\/uploads\/2024\/05\/bt-pro-thumb-724x1024.webp 724w, https:\/\/smartinternationaltrade.com\/wp-content\/uploads\/2024\/05\/bt-pro-thumb-768x1086.webp 768w, https:\/\/smartinternationaltrade.com\/wp-content\/uploads\/2024\/05\/bt-pro-thumb-1086x1536.webp 1086w, https:\/\/smartinternationaltrade.com\/wp-content\/uploads\/2024\/05\/bt-pro-thumb-1448x2048.webp 1448w, https:\/\/smartinternationaltrade.com\/wp-content\/uploads\/2024\/05\/bt-pro-thumb-8x12.webp 8w, https:\/\/smartinternationaltrade.com\/wp-content\/uploads\/2024\/05\/bt-pro-thumb-700x990.webp 700w\" sizes=\"(max-width: 1811px) 100vw, 1811px\" \/>\t\t\t\t\t\t\t\t<\/a>\n\t\t\t\t\t\t\t\t\t\t\t\t\t\t\t<\/div>\n\t\t\t\t<\/div>\n\t\t\t\t<div class=\"elementor-element elementor-element-da4e15b elementor-align-justify elementor-widget__width-initial elementor-widget-mobile__width-inherit elementor-widget elementor-widget-button\" data-id=\"da4e15b\" data-element_type=\"widget\" data-e-type=\"widget\" data-widget_type=\"button.default\">\n\t\t\t\t<div class=\"elementor-widget-container\">\n\t\t\t\t\t\t\t\t\t<div class=\"elementor-button-wrapper\">\n\t\t\t\t\t<a class=\"elementor-button elementor-button-link elementor-size-sm elementor-animation-grow\" href=\"https:\/\/smartinternationaltrade.com\/wp-content\/uploads\/2024\/05\/smart-bt-products.pdf\">\n\t\t\t\t\t\t<span class=\"elementor-button-content-wrapper\">\n\t\t\t\t\t\t<span class=\"elementor-button-icon\">\n\t\t\t\t<i aria-hidden=\"true\" class=\"fas fa-external-link-alt\"><\/i>\t\t\t<\/span>\n\t\t\t\t\t\t\t\t\t<span class=\"elementor-button-text\">Kiberbiztons\u00e1gi katal\u00f3gus<\/span>\n\t\t\t\t\t<\/span>\n\t\t\t\t\t<\/a>\n\t\t\t\t<\/div>\n\t\t\t\t\t\t\t\t<\/div>\n\t\t\t\t<\/div>\n\t\t\t\t<\/div>\n\t\t\t\t<\/div>\n\t\t\t\t<\/div>\n\t\t\t\t\t<\/div>\n\t\t\t\t<\/div>\n\t\t\t\t<\/div>","protected":false},"excerpt":{"rendered":"<p>SMART INTERNATIONAL TRADE B\u0130L\u0130\u015e\u0130M TEKNOLOJ\u0130LER\u0130 S\u0130BER G\u00dcVENL\u0130K Bili\u015fim Teknolojileri (BT), bilgi ve verilerin toplanmas\u0131, i\u015flenmesi, depolanmas\u0131 ve iletilmesi i\u00e7in kullan\u0131lan teknolojileri ifade eder. Bu teknolojiler, modern d\u00fcnyan\u0131n her alan\u0131nda kritik bir rol oynamaktad\u0131r ve i\u015fletmelerden g\u00fcnl\u00fck ya\u015fama kadar geni\u015f bir yelpazede uygulanmaktad\u0131r. BT\u2019nin temel bile\u015fenleri aras\u0131nda bilgisayarlar, yaz\u0131l\u0131mlar, a\u011flar ve veri depolama \u00e7\u00f6z\u00fcmleri yer al\u0131r. [&hellip;]<\/p>\n","protected":false},"author":1,"featured_media":0,"parent":135,"menu_order":0,"comment_status":"closed","ping_status":"closed","template":"","meta":{"footnotes":""},"class_list":["post-1550","page","type-page","status-publish","hentry"],"_links":{"self":[{"href":"https:\/\/smartinternationaltrade.com\/hu\/wp-json\/wp\/v2\/pages\/1550","targetHints":{"allow":["GET"]}}],"collection":[{"href":"https:\/\/smartinternationaltrade.com\/hu\/wp-json\/wp\/v2\/pages"}],"about":[{"href":"https:\/\/smartinternationaltrade.com\/hu\/wp-json\/wp\/v2\/types\/page"}],"author":[{"embeddable":true,"href":"https:\/\/smartinternationaltrade.com\/hu\/wp-json\/wp\/v2\/users\/1"}],"replies":[{"embeddable":true,"href":"https:\/\/smartinternationaltrade.com\/hu\/wp-json\/wp\/v2\/comments?post=1550"}],"version-history":[{"count":31,"href":"https:\/\/smartinternationaltrade.com\/hu\/wp-json\/wp\/v2\/pages\/1550\/revisions"}],"predecessor-version":[{"id":1816,"href":"https:\/\/smartinternationaltrade.com\/hu\/wp-json\/wp\/v2\/pages\/1550\/revisions\/1816"}],"up":[{"embeddable":true,"href":"https:\/\/smartinternationaltrade.com\/hu\/wp-json\/wp\/v2\/pages\/135"}],"wp:attachment":[{"href":"https:\/\/smartinternationaltrade.com\/hu\/wp-json\/wp\/v2\/media?parent=1550"}],"curies":[{"name":"wp","href":"https:\/\/api.w.org\/{rel}","templated":true}]}}