{"id":182,"date":"2020-09-22T15:38:13","date_gmt":"2020-09-22T15:38:13","guid":{"rendered":"https:\/\/bridge400.qodeinteractive.com\/?page_id=182"},"modified":"2025-07-26T13:01:23","modified_gmt":"2025-07-26T10:01:23","slug":"hakkimizda","status":"publish","type":"page","link":"https:\/\/smartinternationaltrade.com\/hu\/hakkimizda\/","title":{"rendered":"R\u00f3lunk"},"content":{"rendered":"<div data-elementor-type=\"wp-page\" data-elementor-id=\"182\" class=\"elementor elementor-182\" data-elementor-post-type=\"page\">\n\t\t\t\t<div class=\"elementor-element elementor-element-00e2a1e e-con-full e-flex e-con e-parent\" data-id=\"00e2a1e\" data-element_type=\"container\" data-e-type=\"container\" data-settings=\"{&quot;background_background&quot;:&quot;classic&quot;}\">\n\t\t<div class=\"elementor-element elementor-element-6ae4181 e-con-full e-flex e-con e-child\" data-id=\"6ae4181\" data-element_type=\"container\" data-e-type=\"container\">\n\t\t\t\t<\/div>\n\t\t\t\t<\/div>\n\t\t<div class=\"elementor-element elementor-element-06c57d7 e-flex e-con-boxed e-con e-parent\" data-id=\"06c57d7\" data-element_type=\"container\" data-e-type=\"container\">\n\t\t\t\t\t<div class=\"e-con-inner\">\n\t\t<div class=\"elementor-element elementor-element-c717fa9 e-con-full e-flex e-con e-child\" data-id=\"c717fa9\" data-element_type=\"container\" data-e-type=\"container\">\n\t\t<div class=\"elementor-element elementor-element-7e553f7 e-con-full e-flex e-con e-child\" data-id=\"7e553f7\" data-element_type=\"container\" data-e-type=\"container\">\n\t\t<div class=\"elementor-element elementor-element-3d36a90 e-con-full e-flex e-con e-child\" data-id=\"3d36a90\" data-element_type=\"container\" data-e-type=\"container\">\n\t\t\t\t<div class=\"elementor-element elementor-element-16f5b8a elementor-widget elementor-widget-image\" data-id=\"16f5b8a\" data-element_type=\"widget\" data-e-type=\"widget\" data-widget_type=\"image.default\">\n\t\t\t\t<div class=\"elementor-widget-container\">\n\t\t\t\t\t\t\t\t\t\t\t\t\t\t\t<img fetchpriority=\"high\" decoding=\"async\" width=\"500\" height=\"300\" src=\"https:\/\/smartinternationaltrade.com\/wp-content\/uploads\/2023\/03\/1-about.jpg\" class=\"attachment-full size-full wp-image-873\" alt=\"\" srcset=\"https:\/\/smartinternationaltrade.com\/wp-content\/uploads\/2023\/03\/1-about.jpg 500w, https:\/\/smartinternationaltrade.com\/wp-content\/uploads\/2023\/03\/1-about-300x180.jpg 300w\" sizes=\"(max-width: 500px) 100vw, 500px\" \/>\t\t\t\t\t\t\t\t\t\t\t\t\t\t\t<\/div>\n\t\t\t\t<\/div>\n\t\t\t\t<\/div>\n\t\t<div class=\"elementor-element elementor-element-e4ba5d9 e-con-full e-flex e-con e-child\" data-id=\"e4ba5d9\" data-element_type=\"container\" data-e-type=\"container\">\n\t\t\t\t<div class=\"elementor-element elementor-element-04504be elementor-widget elementor-widget-heading\" data-id=\"04504be\" data-element_type=\"widget\" data-e-type=\"widget\" data-widget_type=\"heading.default\">\n\t\t\t\t<div class=\"elementor-widget-container\">\n\t\t\t\t\t<h5 class=\"elementor-heading-title elementor-size-default\">\u00dczleti tev\u00e9kenys\u00e9g\u00fcnk a nemzetk\u00f6zi kereskedelem<\/h5>\t\t\t\t<\/div>\n\t\t\t\t<\/div>\n\t\t\t\t<div class=\"elementor-element elementor-element-8f1920d elementor-widget elementor-widget-heading\" data-id=\"8f1920d\" data-element_type=\"widget\" data-e-type=\"widget\" data-widget_type=\"heading.default\">\n\t\t\t\t<div class=\"elementor-widget-container\">\n\t\t\t\t\t<h2 class=\"elementor-heading-title elementor-size-default\">A megb\u00edzhat\u00f3s\u00e1g \u00e9s a min\u0151s\u00e9g legpontosabb c\u00edme az ell\u00e1t\u00e1sban!<\/h2>\t\t\t\t<\/div>\n\t\t\t\t<\/div>\n\t\t\t\t<\/div>\n\t\t\t\t<\/div>\n\t\t\t\t<\/div>\n\t\t\t\t\t<\/div>\n\t\t\t\t<\/div>\n\t\t<div class=\"elementor-element elementor-element-c2f3f69 e-flex e-con-boxed e-con e-parent\" data-id=\"c2f3f69\" data-element_type=\"container\" data-e-type=\"container\">\n\t\t\t\t\t<div class=\"e-con-inner\">\n\t\t<div class=\"elementor-element elementor-element-35fe72f e-con-full e-flex e-con e-child\" data-id=\"35fe72f\" data-element_type=\"container\" data-e-type=\"container\">\n\t\t\t\t<div class=\"elementor-element elementor-element-18bb11d elementor-widget elementor-widget-heading\" data-id=\"18bb11d\" data-element_type=\"widget\" data-e-type=\"widget\" data-widget_type=\"heading.default\">\n\t\t\t\t<div class=\"elementor-widget-container\">\n\t\t\t\t\t<h2 class=\"elementor-heading-title elementor-size-default\">R\u00f3lunk<\/h2>\t\t\t\t<\/div>\n\t\t\t\t<\/div>\n\t\t\t\t<div class=\"elementor-element elementor-element-a827190 elementor-widget elementor-widget-text-editor\" data-id=\"a827190\" data-element_type=\"widget\" data-e-type=\"widget\" data-widget_type=\"text-editor.default\">\n\t\t\t\t<div class=\"elementor-widget-container\">\n\t\t\t\t\t\t\t\t\t<p>Intelligens nemzetk\u00f6zi kereskedelem, mint textil, orvosi, b\u00e1ny\u00e1szati, mez\u0151gazdas\u00e1gi \u00e9s \u00e9lelmiszer, csomagol\u00e1s a vil\u00e1g k\u00fcl\u00f6nb\u00f6z\u0151 r\u00e9gi\u00f3iba, A speci\u00e1lis tervez\u00e9si \u00e1gazatokban a megfelel\u0151 term\u00e9ket, min\u0151s\u00e9gi szabv\u00e1nyt, a legkedvez\u0151bb k\u00f6lts\u00e9geket \u00e9s ell\u00e1t\u00e1st ny\u00fajtjuk er\u0151s logisztik\u00e1nkkal, \u00fcgyfeleink ig\u00e9nyeinek megfelel\u0151en. Ugyanakkor speci\u00e1lis gy\u00e1rt\u00f3kkal is partners\u00e9gben vagyunk bizonyos \u00e1gazatokban, \u00e9s \u00fcgyfeleinket a vil\u00e1g k\u00fcl\u00f6nb\u00f6z\u0151 r\u00e9gi\u00f3iban \u00e9s az orsz\u00e1gban is ell\u00e1tjuk.<\/p><p>Ebben az ir\u00e1nyban, a hazai \u00e9s k\u00fclf\u00f6ldi partnereink garanci\u00e1ja mellett, a nemzetk\u00f6zi kereskedelemben tapasztalt \u00e9s szak\u00e9rt\u0151 munkat\u00e1rsainkkal biztos\u00edtjuk az \u00f6sszes sz\u00fcks\u00e9ges szolg\u00e1ltat\u00e1st. (Megb\u00edzhat\u00f3s\u00e1g, piackutat\u00e1s, pontos term\u00e9kell\u00e1t\u00e1s, k\u00edv\u00e1nt min\u0151s\u00e9gi szabv\u00e1nyok, er\u0151s logisztika \u00e9s optim\u00e1lis k\u00f6lts\u00e9g)<\/p><p>Mint minden eddigi munk\u00e1nk sor\u00e1n, b\u00fcszk\u00e9n tov\u00e1bbra is kiv\u00e1l\u00f3 szolg\u00e1ltat\u00e1st ny\u00fajtunk minden partner\u00fcnknek az \u00e1r\/teljes\u00edtm\u00e9ny egyenletben.<\/p>\t\t\t\t\t\t\t\t<\/div>\n\t\t\t\t<\/div>\n\t\t\t\t<\/div>\n\t\t\t\t\t<\/div>\n\t\t\t\t<\/div>\n\t\t<div class=\"elementor-element elementor-element-3fcf8b0 e-flex e-con-boxed e-con e-parent\" data-id=\"3fcf8b0\" data-element_type=\"container\" data-e-type=\"container\">\n\t\t\t\t\t<div class=\"e-con-inner\">\n\t\t<div class=\"elementor-element elementor-element-9e93116 e-con-full e-flex e-con e-child\" data-id=\"9e93116\" data-element_type=\"container\" data-e-type=\"container\">\n\t\t\t\t<div class=\"elementor-element elementor-element-9941127 elementor-widget elementor-widget-heading\" data-id=\"9941127\" data-element_type=\"widget\" data-e-type=\"widget\" data-widget_type=\"heading.default\">\n\t\t\t\t<div class=\"elementor-widget-container\">\n\t\t\t\t\t<h2 class=\"elementor-heading-title elementor-size-default\">Nemzetk\u00f6zi kereskedelem<\/h2>\t\t\t\t<\/div>\n\t\t\t\t<\/div>\n\t\t\t\t<div class=\"elementor-element elementor-element-eba0651 elementor-widget elementor-widget-text-editor\" data-id=\"eba0651\" data-element_type=\"widget\" data-e-type=\"widget\" data-widget_type=\"text-editor.default\">\n\t\t\t\t<div class=\"elementor-widget-container\">\n\t\t\t\t\t\t\t\t\t<p>A nemzetk\u00f6zi kereskedelem \u00e1ruk vagy szolg\u00e1ltat\u00e1sok legal\u00e1bb k\u00e9t k\u00fcl\u00f6nb\u00f6z\u0151 orsz\u00e1g k\u00f6z\u00f6tti cser\u00e9je. A m\u00f3dos\u00edt\u00e1sok import\u00e1lhat\u00f3k vagy export\u00e1lhat\u00f3k. A behozatal a belf\u00f6ldi orsz\u00e1gba behozott \u00e1rura vagy szolg\u00e1ltat\u00e1sra vonatkozik. Az export olyan \u00e1ru vagy szolg\u00e1ltat\u00e1s, amelyet k\u00fclf\u00f6ldi orsz\u00e1gnak \u00e9rt\u00e9kes\u00edtenek.<\/p><p>A nemzetk\u00f6zi kereskedelem a nemzetk\u00f6zi eszk\u00f6z\u00f6k k\u00f6z\u00f6tti gazdas\u00e1gi interakci\u00f3 m\u00f3dszere, \u00e9s a gazdas\u00e1gi kapcsolat p\u00e9ld\u00e1ja. A gazdas\u00e1gi \u00f6sszekapcsol\u00f3d\u00e1s egy\u00e9b form\u00e1i k\u00f6z\u00e9 tartozik (1) a k\u00fclf\u00f6ldi p\u00e9nz\u00fcgyi befektet\u00e9s, (2) a multinacion\u00e1lis v\u00e1llalatok \u00e9s (3) a k\u00fclf\u00f6ldi munkav\u00e1llal\u00f3k. A gazdas\u00e1gi \u00f6sszekapcsolts\u00e1g ezen form\u00e1inak n\u00f6veked\u00e9s\u00e9t globaliz\u00e1ci\u00f3nak nevezz\u00fck.<\/p><p><strong>Mi\u00e9rt t\u00f6rt\u00e9nik a nemzetk\u00f6zi kereskedelem?<\/strong><\/p><p>A nemzetk\u00f6zi kereskedelem az\u00e9rt k\u00f6vetkezik be, mert egy orsz\u00e1g komparat\u00edv el\u0151nnyel rendelkezik egy adott \u00e1ru vagy szolg\u00e1ltat\u00e1s el\u0151\u00e1ll\u00edt\u00e1sa sor\u00e1n, k\u00fcl\u00f6n\u00f6sen akkor, ha az adott \u00e1ru vagy szolg\u00e1ltat\u00e1s el\u0151\u00e1ll\u00edt\u00e1s\u00e1nak lehets\u00e9ges k\u00f6lts\u00e9ge alacsonyabb az adott orsz\u00e1g sz\u00e1m\u00e1ra, mint b\u00e1rmely m\u00e1s orsz\u00e1g eset\u00e9ben. Ha egy orsz\u00e1g \u00fagy d\u00f6nt, hogy nem kereskedik m\u00e1s orsz\u00e1gokkal, akkor autarchi\u00e1nak tekintik.<\/p><p>\u0130ki \u00fclkeli bir model d\u00fc\u015f\u00fcn\u00fcrsek, her iki \u00fclke de uzmanla\u015fma ve ticaretten kazan\u00e7 sa\u011flayabilir. Uzmanla\u015fma ve ticaret, her \u00fclkenin kar\u015f\u0131la\u015ft\u0131rmal\u0131 \u00fcst\u00fcnl\u00fc\u011fe sahip oldu\u011fu \u00fcr\u00fcn\u00fc \u00fcretmesine ve ard\u0131ndan ticaret yapmas\u0131na ve nihayetinde her iki maldan da daha fazla t\u00fcketmesine izin verecektir. Dolay\u0131s\u0131yla ticaretten elde edilen kazan\u00e7lar vard\u0131r.<\/p><p><strong>Komparat\u00edv el\u0151ny\u00f6k forr\u00e1sai<\/strong><\/p><p><strong>1.Nemzetk\u00f6zi \u00e9ghajlati k\u00fcl\u00f6nbs\u00e9gek<\/strong><\/p><p>A nemzetk\u00f6zi \u00e9ghajlati k\u00fcl\u00f6nbs\u00e9gek fontos szerepet j\u00e1tszanak a nemzetk\u00f6zi kereskedelemben \u2013 p\u00e9ld\u00e1ul a tr\u00f3pusi orsz\u00e1gok export\u00e1lnak olyan term\u00e9keket, mint a k\u00e1v\u00e9 \u00e9s a cukor. Ezzel szemben a m\u00e9rs\u00e9keltebb r\u00e9gi\u00f3k orsz\u00e1gai b\u00faz\u00e1t vagy kukoric\u00e1t export\u00e1lnak. A kereskedelmet az \u00e9vszakok \u00e9s a f\u00f6ldrajzi k\u00fcl\u00f6nbs\u00e9gek is befoly\u00e1solj\u00e1k.<\/p><p><strong>2. a faktorberendez\u00e9sek k\u00fcl\u00f6nbs\u00e9gei<\/strong><\/p><p>A t\u00e9nyez\u0151berendez\u00e9sek k\u00fcl\u00f6nbs\u00e9gei azt jelentik, hogy egyes orsz\u00e1gok er\u0151forr\u00e1sgazdagabbak, mint m\u00e1sok a f\u00f6ld, a munka, a t\u0151ke \u00e9s a hum\u00e1n t\u0151ke tekintet\u00e9ben. A Heckscher-Ohlin modell szerint egy orsz\u00e1gnak komparat\u00edv el\u0151nye van a termel\u00e9sben, ha az er\u0151forr\u00e1sok b\u0151s\u00e9gesek az orsz\u00e1gon bel\u00fcl; p\u00e9ld\u00e1ul Kanad\u00e1nak \u00f6sszehasonl\u00edt\u00f3 el\u0151nye van az erd\u00e9szeti \u00e1gazatban. Els\u0151sorban az a t\u00e9ny vez\u00e9rli, hogy a kapcsol\u00f3d\u00f3 er\u0151forr\u00e1sokban gazdag orsz\u00e1g sz\u00e1m\u00e1ra alacsonyabb a lehet\u0151s\u00e9g k\u00f6lts\u00e9ge.<\/p><p><strong>3.technol\u00f3giai k\u00fcl\u00f6nbs\u00e9gek<\/strong><\/p><p>A technol\u00f3giai k\u00fcl\u00f6nbs\u00e9gek legink\u00e1bb a k\u00fcl\u00f6nb\u00f6z\u0151 orsz\u00e1gokban tapasztalt kiv\u00e1l\u00f3 gy\u00e1rt\u00e1si folyamatokban nyilv\u00e1nval\u00f3ak. Vegy\u00fck p\u00e9ld\u00e1ul Jap\u00e1nt az 1970s-as \u00e9vekben \u2013 egy olyan orsz\u00e1got, amely nem rendk\u00edv\u00fcl gazdag er\u0151forr\u00e1sokban, de komparat\u00edv el\u0151ny\u00f6kkel rendelkezik az aut\u00f3gy\u00e1rt\u00e1sban. A jap\u00e1nok t\u00f6bb teljes\u00edtm\u00e9nyt tudnak el\u0151\u00e1ll\u00edtani, mint b\u00e1rmely m\u00e1s orsz\u00e1g egy adott bemenettel, \u00e9s ez a kiv\u00e1l\u00f3 jap\u00e1n technol\u00f3gi\u00e1t\u00f3l f\u00fcgg.<\/p><p><strong>P\u00e9ld\u00e1k a nemzetk\u00f6zi kereskedelempolitik\u00e1ra<\/strong><\/p><p>A legt\u00f6bb k\u00f6zgazd\u00e1sz el\u0151nyben r\u00e9szes\u00edti a szabadkereskedelmi meg\u00e1llapod\u00e1sokat, mivel a kereskedelmi \u00e9s komparat\u00edv el\u0151nyb\u0151l profit\u00e1lhatnak. Ez az\u00e9rt van, mert ezek a k\u00f6zgazd\u00e1szok \u00fagy v\u00e9lik, hogy az \u00e1llami beavatkoz\u00e1s cs\u00f6kkenti a piacok hat\u00e9konys\u00e1g\u00e1t. M\u00e9gis, sok korm\u00e1ny protekcionista politik\u00e1t hajt v\u00e9gre, hogy megv\u00e9dje a hazai termel\u0151ket a k\u00fclf\u00f6ldi termel\u0151kt\u0151l. K\u00e9t f\u0151 protekcionista politika l\u00e9tezik.<\/p><p><strong>1.Tarif\u00e1k<\/strong><\/p><p>A tarifa az import\u00e1lt \u00e1ruk \u00e9rt\u00e9kes\u00edt\u00e9s\u00e9b\u0151l sz\u00e1rmaz\u00f3 j\u00f6ved\u00e9ki ad\u00f3. A v\u00e1mokat az import elrettent\u00e9s\u00e9re \u00e9s a hazai termel\u0151k v\u00e9delm\u00e9re szabj\u00e1k ki, \u00e9s az \u00e1llami bev\u00e9telek forr\u00e1sai.<\/p><p>A tarifa n\u00f6veli a hazai termel\u0151k \u00e1ltal kapott \u00e1rat \u00e9s a belf\u00f6ldi fogyaszt\u00f3k \u00e1ltal fizetett \u00e1rat. A tarif\u00e1k az\u00e9rt okoznak s\u00falyveszt\u00e9st, mert egyes k\u00f6lcs\u00f6n\u00f6sen el\u0151ny\u00f6s \u00fcgyleteket nem hajtanak v\u00e9gre, \u00e9s mivel a gazdas\u00e1g er\u0151forr\u00e1sait nem hat\u00e9kony termel\u00e9sbe pazarolj\u00e1k, n\u00f6velik a hat\u00e9konys\u00e1got.<\/p><p><strong>2.Behozatali Kv\u00f3t\u00e1k<\/strong><\/p><p>A behozatali kv\u00f3ta az orsz\u00e1gon bel\u00fcl behozhat\u00f3 \u00e1ruk mennyis\u00e9g\u00e9nek jogi korl\u00e1toz\u00e1s\u00e1ra vonatkozik. Az importkv\u00f3t\u00e1kat \u00e1ltal\u00e1ban enged\u00e9lyez\u00e9si meg\u00e1llapod\u00e1sok \u00fatj\u00e1n kezelik. A behozatali kv\u00f3ta hasonl\u00f3 eredm\u00e9nyt eredm\u00e9nyez, mint a v\u00e1m, de az ad\u00f3bev\u00e9tel gener\u00e1l\u00e1sa helyett az enged\u00e9lyesnek kv\u00f3tabent fizetnek.<\/p><p><strong>A protekcionista kereskedelempolitika mellett<\/strong><\/p><p>H\u00e1rom f\u0151 \u00e9rv a protekcionista kereskedelempolitika mellett:<\/p><p>Nemzetbiztons\u00e1g<\/p><p>Munkahelyteremt\u00e9s<\/p><p>A babaipar v\u00e9delme<\/p><p>\u00c1ltal\u00e1noss\u00e1gban elmondhat\u00f3, hogy a v\u00e1mok vagy az importkv\u00f3t\u00e1k a termel\u0151k sz\u00e1m\u00e1ra nyeres\u00e9ghez \u00e9s a fogyaszt\u00f3k sz\u00e1m\u00e1ra vesztes\u00e9ghez vezetnek. Ez\u00e9rt a v\u00e1mok vagy behozatali kv\u00f3t\u00e1k v\u00e9grehajt\u00e1sa gyakran a termel\u0151k politikai befoly\u00e1s\u00e1nak k\u00f6sz\u00f6nhet\u0151.<\/p>\t\t\t\t\t\t\t\t<\/div>\n\t\t\t\t<\/div>\n\t\t\t\t<\/div>\n\t\t\t\t\t<\/div>\n\t\t\t\t<\/div>\n\t\t\t\t<\/div>","protected":false},"excerpt":{"rendered":"<p>\u0130\u015fimiz Uluslararas\u0131 Ticaret Tedarikte G\u00fcvenilirli\u011fin ve Kalitenin En Do\u011fru Adresi Hakk\u0131m\u0131zda Smart Uluslararas\u0131 Ticaret olarak d\u00fcnyan\u0131n \u00e7e\u015fitli b\u00f6lgelerine Tekstil, Medikal, Madencilik, Tar\u0131m ve G\u0131da, Ambalaj, \u00d6zel Tasar\u0131m sekt\u00f6rlerinde m\u00fc\u015fterilerimizin talepleri do\u011frultusunda do\u011fru \u00fcr\u00fcn, kalite standard\u0131, en uygun maliyetler ve g\u00fc\u00e7l\u00fc lojisti\u011fimiz ile tedarik sa\u011flamaktay\u0131z. Ayn\u0131 zamanda spesifik sekt\u00f6rlerde alan\u0131nda uzman \u00fcreticiler ile partnerlik yaparak d\u00fcnyan\u0131n [&hellip;]<\/p>\n","protected":false},"author":1,"featured_media":0,"parent":0,"menu_order":0,"comment_status":"closed","ping_status":"closed","template":"","meta":{"footnotes":""},"class_list":["post-182","page","type-page","status-publish","hentry"],"_links":{"self":[{"href":"https:\/\/smartinternationaltrade.com\/hu\/wp-json\/wp\/v2\/pages\/182","targetHints":{"allow":["GET"]}}],"collection":[{"href":"https:\/\/smartinternationaltrade.com\/hu\/wp-json\/wp\/v2\/pages"}],"about":[{"href":"https:\/\/smartinternationaltrade.com\/hu\/wp-json\/wp\/v2\/types\/page"}],"author":[{"embeddable":true,"href":"https:\/\/smartinternationaltrade.com\/hu\/wp-json\/wp\/v2\/users\/1"}],"replies":[{"embeddable":true,"href":"https:\/\/smartinternationaltrade.com\/hu\/wp-json\/wp\/v2\/comments?post=182"}],"version-history":[{"count":103,"href":"https:\/\/smartinternationaltrade.com\/hu\/wp-json\/wp\/v2\/pages\/182\/revisions"}],"predecessor-version":[{"id":1851,"href":"https:\/\/smartinternationaltrade.com\/hu\/wp-json\/wp\/v2\/pages\/182\/revisions\/1851"}],"wp:attachment":[{"href":"https:\/\/smartinternationaltrade.com\/hu\/wp-json\/wp\/v2\/media?parent=182"}],"curies":[{"name":"wp","href":"https:\/\/api.w.org\/{rel}","templated":true}]}}