{"id":742,"date":"2023-02-26T08:15:26","date_gmt":"2023-02-26T08:15:26","guid":{"rendered":"https:\/\/www.smartinternationaltrade.com\/?page_id=742"},"modified":"2025-03-24T21:24:20","modified_gmt":"2025-03-24T18:24:20","slug":"tarim-ve-gida","status":"publish","type":"page","link":"https:\/\/smartinternationaltrade.com\/hu\/hizmetlerimiz\/tarim-ve-gida\/","title":{"rendered":"Mez\u0151gazdas\u00e1g \u00e9s \u00e9lelmiszer"},"content":{"rendered":"<div data-elementor-type=\"wp-page\" data-elementor-id=\"742\" class=\"elementor elementor-742\" data-elementor-post-type=\"page\">\n\t\t\t\t<div class=\"elementor-element elementor-element-f4bb80e e-con-full e-flex e-con e-parent\" data-id=\"f4bb80e\" data-element_type=\"container\" data-e-type=\"container\" data-settings=\"{&quot;background_background&quot;:&quot;classic&quot;}\">\n\t\t<div class=\"elementor-element elementor-element-6276831 e-con-full e-flex e-con e-child\" data-id=\"6276831\" data-element_type=\"container\" data-e-type=\"container\">\n\t\t\t\t<\/div>\n\t\t\t\t<\/div>\n\t\t<div class=\"elementor-element elementor-element-aadff07 e-flex e-con-boxed e-con e-parent\" data-id=\"aadff07\" data-element_type=\"container\" data-e-type=\"container\">\n\t\t\t\t\t<div class=\"e-con-inner\">\n\t\t<div class=\"elementor-element elementor-element-e101317 e-con-full e-flex e-con e-child\" data-id=\"e101317\" data-element_type=\"container\" data-e-type=\"container\">\n\t\t<div class=\"elementor-element elementor-element-1c8fe0a e-con-full e-flex e-con e-child\" data-id=\"1c8fe0a\" data-element_type=\"container\" data-e-type=\"container\">\n\t\t<div class=\"elementor-element elementor-element-2e0c53a e-con-full e-flex e-con e-child\" data-id=\"2e0c53a\" data-element_type=\"container\" data-e-type=\"container\">\n\t\t\t\t<div class=\"elementor-element elementor-element-343b480 elementor-widget elementor-widget-image\" data-id=\"343b480\" data-element_type=\"widget\" data-e-type=\"widget\" data-widget_type=\"image.default\">\n\t\t\t\t<div class=\"elementor-widget-container\">\n\t\t\t\t\t\t\t\t\t\t\t\t\t\t\t<img fetchpriority=\"high\" decoding=\"async\" width=\"500\" height=\"300\" src=\"https:\/\/smartinternationaltrade.com\/wp-content\/uploads\/2023\/03\/4-tarim.jpg\" class=\"attachment-full size-full wp-image-834\" alt=\"\" srcset=\"https:\/\/smartinternationaltrade.com\/wp-content\/uploads\/2023\/03\/4-tarim.jpg 500w, https:\/\/smartinternationaltrade.com\/wp-content\/uploads\/2023\/03\/4-tarim-300x180.jpg 300w\" sizes=\"(max-width: 500px) 100vw, 500px\" \/>\t\t\t\t\t\t\t\t\t\t\t\t\t\t\t<\/div>\n\t\t\t\t<\/div>\n\t\t\t\t<\/div>\n\t\t<div class=\"elementor-element elementor-element-2159ce7 e-con-full e-flex e-con e-child\" data-id=\"2159ce7\" data-element_type=\"container\" data-e-type=\"container\">\n\t\t\t\t<div class=\"elementor-element elementor-element-868bbf2 elementor-widget elementor-widget-heading\" data-id=\"868bbf2\" data-element_type=\"widget\" data-e-type=\"widget\" data-widget_type=\"heading.default\">\n\t\t\t\t<div class=\"elementor-widget-container\">\n\t\t\t\t\t<h5 class=\"elementor-heading-title elementor-size-default\">SMART INTERNATIONAL TRADE<\/h5>\t\t\t\t<\/div>\n\t\t\t\t<\/div>\n\t\t\t\t<div class=\"elementor-element elementor-element-b95e983 elementor-widget elementor-widget-heading\" data-id=\"b95e983\" data-element_type=\"widget\" data-e-type=\"widget\" data-widget_type=\"heading.default\">\n\t\t\t\t<div class=\"elementor-widget-container\">\n\t\t\t\t\t<h2 class=\"elementor-heading-title elementor-size-default\">Mez\u0151gazdas\u00e1g \u00e9s \u00e9lelmiszer<\/h2>\t\t\t\t<\/div>\n\t\t\t\t<\/div>\n\t\t\t\t<\/div>\n\t\t\t\t<\/div>\n\t\t\t\t<\/div>\n\t\t\t\t\t<\/div>\n\t\t\t\t<\/div>\n\t\t<div class=\"elementor-element elementor-element-b3fa151 e-flex e-con-boxed e-con e-parent\" data-id=\"b3fa151\" data-element_type=\"container\" data-e-type=\"container\">\n\t\t\t\t\t<div class=\"e-con-inner\">\n\t\t<div class=\"elementor-element elementor-element-b8128b6 e-con-full e-flex e-con e-child\" data-id=\"b8128b6\" data-element_type=\"container\" data-e-type=\"container\">\n\t\t\t\t<div class=\"elementor-element elementor-element-fd01cde elementor-widget elementor-widget-text-editor\" data-id=\"fd01cde\" data-element_type=\"widget\" data-e-type=\"widget\" data-widget_type=\"text-editor.default\">\n\t\t\t\t<div class=\"elementor-widget-container\">\n\t\t\t\t\t\t\t\t\t<p>C\u00e9g\u00fcnk kereskedelmi tev\u00e9kenys\u00e9g\u00e9n bel\u00fcl olyan mez\u0151gazdas\u00e1gi \u00e9s \u00e9lelmiszeripari term\u00e9kek sz\u00e1ll\u00edt\u00e1sa \u00e9s kivitele t\u00f6rt\u00e9nik, amelyek haz\u00e1nk f\u0151 term\u00e9szeti er\u0151forr\u00e1saib\u00f3l \u00e1llnak, \u00e9s nagyon fontos helyet foglalnak el a termel\u00e9s ter\u00fclet\u00e9n.<\/p><p>Haz\u00e1nk f\u00f6ldrajzi szerkezet\u00e9t \u00e9s \u00e9ghajlati jellemz\u0151it figyelembe v\u00e9ve \u00fagy v\u00e9lj\u00fck, hogy a mez\u0151gazdas\u00e1gi term\u00e9keknek nagyon fontos hely\u00fck lesz a vil\u00e1gpiacon, \u00e9s k\u00f6zvetlen\u00fcl a legpontosabb termel\u0151kkel dolgozunk ebben az ir\u00e1nyban.<\/p><p>A vil\u00e1g k\u00fcl\u00f6nb\u00f6z\u0151 orsz\u00e1gaib\u00f3l \u00e9rkez\u0151 k\u00e9r\u00e9sek alapj\u00e1n 100%-ban term\u00e9szetes \u00f6sszetev\u0151ket, \u00e9lelmiszereket \u00e9s mez\u0151gazdas\u00e1gi term\u00e9keket k\u00edn\u00e1lunk a country.in-as \u00e9vekben ebben az ir\u00e1nyban, minden \u00e1ltalunk forgalmazott gy\u00e1rt\u00f3nk k\u00e9pes a term\u00e9keket a sz\u00fcks\u00e9ges tan\u00fas\u00edtv\u00e1nyokkal sz\u00e1ll\u00edtani, amelyek alkalmasak a gy\u00e1rt\u00e1si folyamatokhoz \u00e9s a legmagasabb min\u0151s\u00e9g\u0171 term\u00e9kekhez a k\u00edv\u00e1nt form\u00e1ban az \u00fcgyfelek ig\u00e9nyeinek megfelel\u0151en.<\/p><p>A versenyk\u00e9pes vil\u00e1gpiacon a lehet\u0151 leggyorsabban \u00e9rz\u00e9kelj\u00fck a megfelel\u0151 term\u00e9ket, a legk\u00f6lts\u00e9ghat\u00e9konyabb vev\u0151i ig\u00e9nyeket, \u00e9s a legmagasabb szint\u0171 el\u00e9gedetts\u00e9get biztos\u00edtjuk \u00fcgyfeleink sz\u00e1m\u00e1ra a k\u00fcl\u00f6nb\u00f6z\u0151 orsz\u00e1gokban.<\/p>\t\t\t\t\t\t\t\t<\/div>\n\t\t\t\t<\/div>\n\t\t\t\t<\/div>\n\t\t\t\t\t<\/div>\n\t\t\t\t<\/div>\n\t\t\t\t<\/div>","protected":false},"excerpt":{"rendered":"<p>SMART INTERNATIONAL TRADE \u015eirketimizin ticari faaliyetleri i\u00e7erisinde \u00fclkemizin ba\u015fl\u0131ca do\u011fal kaynaklar\u0131ndan olu\u015fan ve \u00fcretim alan\u0131nda \u00e7ok \u00f6nemli bir yer tutan tar\u0131m ve g\u0131da \u00fcr\u00fcnlerinin tedari\u011fi ve ihracat\u0131 mevcuttur. \u00dclkemizin co\u011frafi yap\u0131s\u0131 ve iklim \u00f6zellikleri g\u00f6z \u00f6n\u00fcne al\u0131nd\u0131\u011f\u0131nda, tar\u0131m \u00fcr\u00fcnlerinin d\u00fcnya marketinde \u00e7ok \u00f6nemli bir yeri olaca\u011f\u0131na inan\u0131yoruz ve bu do\u011frultuda en do\u011fru \u00fcreticilerle direkt olarak [&hellip;]<\/p>\n","protected":false},"author":1,"featured_media":0,"parent":135,"menu_order":0,"comment_status":"closed","ping_status":"closed","template":"","meta":{"footnotes":""},"class_list":["post-742","page","type-page","status-publish","hentry"],"_links":{"self":[{"href":"https:\/\/smartinternationaltrade.com\/hu\/wp-json\/wp\/v2\/pages\/742","targetHints":{"allow":["GET"]}}],"collection":[{"href":"https:\/\/smartinternationaltrade.com\/hu\/wp-json\/wp\/v2\/pages"}],"about":[{"href":"https:\/\/smartinternationaltrade.com\/hu\/wp-json\/wp\/v2\/types\/page"}],"author":[{"embeddable":true,"href":"https:\/\/smartinternationaltrade.com\/hu\/wp-json\/wp\/v2\/users\/1"}],"replies":[{"embeddable":true,"href":"https:\/\/smartinternationaltrade.com\/hu\/wp-json\/wp\/v2\/comments?post=742"}],"version-history":[{"count":55,"href":"https:\/\/smartinternationaltrade.com\/hu\/wp-json\/wp\/v2\/pages\/742\/revisions"}],"predecessor-version":[{"id":1800,"href":"https:\/\/smartinternationaltrade.com\/hu\/wp-json\/wp\/v2\/pages\/742\/revisions\/1800"}],"up":[{"embeddable":true,"href":"https:\/\/smartinternationaltrade.com\/hu\/wp-json\/wp\/v2\/pages\/135"}],"wp:attachment":[{"href":"https:\/\/smartinternationaltrade.com\/hu\/wp-json\/wp\/v2\/media?parent=742"}],"curies":[{"name":"wp","href":"https:\/\/api.w.org\/{rel}","templated":true}]}}