{"id":842,"date":"2023-03-04T23:26:02","date_gmt":"2023-03-04T23:26:02","guid":{"rendered":"https:\/\/www.smartinternationaltrade.com\/?page_id=842"},"modified":"2025-03-24T20:42:17","modified_gmt":"2025-03-24T17:42:17","slug":"tekstil","status":"publish","type":"page","link":"https:\/\/smartinternationaltrade.com\/hu\/hizmetlerimiz\/tekstil\/","title":{"rendered":"Text\u00edli\u00e1k"},"content":{"rendered":"<div data-elementor-type=\"wp-page\" data-elementor-id=\"842\" class=\"elementor elementor-842\" data-elementor-post-type=\"page\">\n\t\t\t\t<div class=\"elementor-element elementor-element-a28c6f0 e-con-full e-flex e-con e-parent\" data-id=\"a28c6f0\" data-element_type=\"container\" data-e-type=\"container\" data-settings=\"{&quot;background_background&quot;:&quot;classic&quot;}\">\n\t\t<div class=\"elementor-element elementor-element-7bb3ac5 e-con-full e-flex e-con e-child\" data-id=\"7bb3ac5\" data-element_type=\"container\" data-e-type=\"container\">\n\t\t\t\t<\/div>\n\t\t\t\t<\/div>\n\t\t<div class=\"elementor-element elementor-element-cb28831 e-flex e-con-boxed e-con e-parent\" data-id=\"cb28831\" data-element_type=\"container\" data-e-type=\"container\">\n\t\t\t\t\t<div class=\"e-con-inner\">\n\t\t<div class=\"elementor-element elementor-element-9fb38c3 e-con-full e-flex e-con e-child\" data-id=\"9fb38c3\" data-element_type=\"container\" data-e-type=\"container\">\n\t\t<div class=\"elementor-element elementor-element-efd2957 e-con-full e-flex e-con e-child\" data-id=\"efd2957\" data-element_type=\"container\" data-e-type=\"container\">\n\t\t<div class=\"elementor-element elementor-element-cdae217 e-con-full e-flex e-con e-child\" data-id=\"cdae217\" data-element_type=\"container\" data-e-type=\"container\">\n\t\t\t\t<div class=\"elementor-element elementor-element-b4f2512 elementor-widget elementor-widget-image\" data-id=\"b4f2512\" data-element_type=\"widget\" data-e-type=\"widget\" data-widget_type=\"image.default\">\n\t\t\t\t<div class=\"elementor-widget-container\">\n\t\t\t\t\t\t\t\t\t\t\t\t\t\t\t<img fetchpriority=\"high\" decoding=\"async\" width=\"500\" height=\"300\" src=\"https:\/\/smartinternationaltrade.com\/wp-content\/uploads\/2023\/03\/1-tekstil.jpg\" class=\"attachment-full size-full wp-image-831\" alt=\"\" srcset=\"https:\/\/smartinternationaltrade.com\/wp-content\/uploads\/2023\/03\/1-tekstil.jpg 500w, https:\/\/smartinternationaltrade.com\/wp-content\/uploads\/2023\/03\/1-tekstil-300x180.jpg 300w\" sizes=\"(max-width: 500px) 100vw, 500px\" \/>\t\t\t\t\t\t\t\t\t\t\t\t\t\t\t<\/div>\n\t\t\t\t<\/div>\n\t\t\t\t<\/div>\n\t\t<div class=\"elementor-element elementor-element-bdaf878 e-con-full e-flex e-con e-child\" data-id=\"bdaf878\" data-element_type=\"container\" data-e-type=\"container\">\n\t\t\t\t<div class=\"elementor-element elementor-element-74c5d4f elementor-widget elementor-widget-heading\" data-id=\"74c5d4f\" data-element_type=\"widget\" data-e-type=\"widget\" data-widget_type=\"heading.default\">\n\t\t\t\t<div class=\"elementor-widget-container\">\n\t\t\t\t\t<h5 class=\"elementor-heading-title elementor-size-default\">SMART INTERNATIONAL TRADE<\/h5>\t\t\t\t<\/div>\n\t\t\t\t<\/div>\n\t\t\t\t<div class=\"elementor-element elementor-element-f51cf67 elementor-widget elementor-widget-heading\" data-id=\"f51cf67\" data-element_type=\"widget\" data-e-type=\"widget\" data-widget_type=\"heading.default\">\n\t\t\t\t<div class=\"elementor-widget-container\">\n\t\t\t\t\t<h2 class=\"elementor-heading-title elementor-size-default\">TEXT\u00cdLI\u00c1K<\/h2>\t\t\t\t<\/div>\n\t\t\t\t<\/div>\n\t\t\t\t<\/div>\n\t\t\t\t<\/div>\n\t\t\t\t<\/div>\n\t\t\t\t\t<\/div>\n\t\t\t\t<\/div>\n\t\t<div class=\"elementor-element elementor-element-62ec374 e-flex e-con-boxed e-con e-parent\" data-id=\"62ec374\" data-element_type=\"container\" data-e-type=\"container\">\n\t\t\t\t\t<div class=\"e-con-inner\">\n\t\t<div class=\"elementor-element elementor-element-faf2e55 e-con-full e-flex e-con e-child\" data-id=\"faf2e55\" data-element_type=\"container\" data-e-type=\"container\">\n\t\t\t\t<div class=\"elementor-element elementor-element-79e311c elementor-widget elementor-widget-text-editor\" data-id=\"79e311c\" data-element_type=\"widget\" data-e-type=\"widget\" data-widget_type=\"text-editor.default\">\n\t\t\t\t<div class=\"elementor-widget-container\">\n\t\t\t\t\t\t\t\t\t<p>Egy\u00fcttm\u0171k\u00f6d\u00fcnk a legjobb t\u00f6r\u00f6korsz\u00e1gi gy\u00e1rt\u00f3kkal. Beszerz\u00e9si lehet\u0151s\u00e9geinket olyan gy\u00e1rt\u00f3kkal kombin\u00e1ljuk, akik min\u0151s\u00e9gi garanci\u00e1t ny\u00fajtanak, hogy minden egyes \u00fcgyfel\u00fcnk ig\u00e9nyeinek a legmagasabb szint\u0171 k\u00f6vetelm\u00e9nyeit teljes\u00edts\u00fck. A vil\u00e1g k\u00fcl\u00f6nb\u00f6z\u0151 r\u00e9gi\u00f3iban \u00e9l\u0151 \u00fcgyfeleink minden ig\u00e9ny\u00e9t kiel\u00e9g\u00edtj\u00fck, felhaszn\u00e1lva orsz\u00e1gunk dinamik\u00e1j\u00e1t, amely egy textil\u00f3ri\u00e1s.<\/p><p>Els\u0151sorban textilterm\u00e9keket k\u00edn\u00e1lunk k\u00fclf\u00f6ldi \u00fcgyfeleinknek munkaruh\u00e1kkal, v\u00e1llalati ruh\u00e1zattal, speci\u00e1lis tervez\u00e9si produkci\u00f3kkal.<\/p><p>Szak\u00e9rt\u0151i csapatunk t\u00f6k\u00e9letes ell\u00e1t\u00e1si szolg\u00e1ltat\u00e1st ny\u00fajt a teljes folyamat k\u00f6vet\u00e9s\u00e9vel a megrendel\u00e9st\u0151l a gy\u00e1rt\u00e1son \u00e1t a logisztik\u00e1ig.<\/p>\t\t\t\t\t\t\t\t<\/div>\n\t\t\t\t<\/div>\n\t\t\t\t<\/div>\n\t\t\t\t\t<\/div>\n\t\t\t\t<\/div>\n\t\t<div class=\"elementor-element elementor-element-4e8e0d9 e-flex e-con-boxed e-con e-parent\" data-id=\"4e8e0d9\" data-element_type=\"container\" data-e-type=\"container\">\n\t\t\t\t\t<div class=\"e-con-inner\">\n\t\t<div class=\"elementor-element elementor-element-11744e4 e-con-full e-flex e-con e-child\" data-id=\"11744e4\" data-element_type=\"container\" data-e-type=\"container\">\n\t\t\t\t<div class=\"elementor-element elementor-element-8216ddf elementor-align-justify elementor-widget elementor-widget-button\" data-id=\"8216ddf\" data-element_type=\"widget\" data-e-type=\"widget\" data-widget_type=\"button.default\">\n\t\t\t\t<div class=\"elementor-widget-container\">\n\t\t\t\t\t\t\t\t\t<div class=\"elementor-button-wrapper\">\n\t\t\t\t\t<a class=\"elementor-button elementor-button-link elementor-size-sm elementor-animation-grow\" href=\"https:\/\/smartinternationaltrade.com\/wp-content\/uploads\/2023\/04\/canta-ve-valiz.pdf\">\n\t\t\t\t\t\t<span class=\"elementor-button-content-wrapper\">\n\t\t\t\t\t\t<span class=\"elementor-button-icon\">\n\t\t\t\t<i aria-hidden=\"true\" class=\"fas fa-external-link-alt\"><\/i>\t\t\t<\/span>\n\t\t\t\t\t\t\t\t\t<span class=\"elementor-button-text\">T\u00e1ska \u00e9s poggy\u00e1sz katal\u00f3gus<\/span>\n\t\t\t\t\t<\/span>\n\t\t\t\t\t<\/a>\n\t\t\t\t<\/div>\n\t\t\t\t\t\t\t\t<\/div>\n\t\t\t\t<\/div>\n\t\t\t\t<\/div>\n\t\t<div class=\"elementor-element elementor-element-f1d1de5 e-con-full e-flex e-con e-child\" data-id=\"f1d1de5\" data-element_type=\"container\" data-e-type=\"container\">\n\t\t\t\t<div class=\"elementor-element elementor-element-0d5c027 elementor-align-justify elementor-widget elementor-widget-button\" data-id=\"0d5c027\" data-element_type=\"widget\" data-e-type=\"widget\" data-widget_type=\"button.default\">\n\t\t\t\t<div class=\"elementor-widget-container\">\n\t\t\t\t\t\t\t\t\t<div class=\"elementor-button-wrapper\">\n\t\t\t\t\t<a class=\"elementor-button elementor-button-link elementor-size-sm elementor-animation-grow\" href=\"https:\/\/smartinternationaltrade.com\/wp-content\/uploads\/2023\/04\/ozel-urunler.pdf\">\n\t\t\t\t\t\t<span class=\"elementor-button-content-wrapper\">\n\t\t\t\t\t\t<span class=\"elementor-button-icon\">\n\t\t\t\t<i aria-hidden=\"true\" class=\"fas fa-external-link-alt\"><\/i>\t\t\t<\/span>\n\t\t\t\t\t\t\t\t\t<span class=\"elementor-button-text\">K\u00fcl\u00f6nleges term\u00e9kek katal\u00f3gusa<\/span>\n\t\t\t\t\t<\/span>\n\t\t\t\t\t<\/a>\n\t\t\t\t<\/div>\n\t\t\t\t\t\t\t\t<\/div>\n\t\t\t\t<\/div>\n\t\t\t\t<\/div>\n\t\t<div class=\"elementor-element elementor-element-752027f e-con-full e-flex e-con e-child\" data-id=\"752027f\" data-element_type=\"container\" data-e-type=\"container\">\n\t\t\t\t<div class=\"elementor-element elementor-element-65b465e elementor-align-justify elementor-widget elementor-widget-button\" data-id=\"65b465e\" data-element_type=\"widget\" data-e-type=\"widget\" data-widget_type=\"button.default\">\n\t\t\t\t<div class=\"elementor-widget-container\">\n\t\t\t\t\t\t\t\t\t<div class=\"elementor-button-wrapper\">\n\t\t\t\t\t<a class=\"elementor-button elementor-size-sm elementor-animation-grow\" role=\"button\">\n\t\t\t\t\t\t<span class=\"elementor-button-content-wrapper\">\n\t\t\t\t\t\t<span class=\"elementor-button-icon\">\n\t\t\t\t<i aria-hidden=\"true\" class=\"fas fa-external-link-alt\"><\/i>\t\t\t<\/span>\n\t\t\t\t\t\t\t\t\t<span class=\"elementor-button-text\">Fels\u0151k katal\u00f3gusa<\/span>\n\t\t\t\t\t<\/span>\n\t\t\t\t\t<\/a>\n\t\t\t\t<\/div>\n\t\t\t\t\t\t\t\t<\/div>\n\t\t\t\t<\/div>\n\t\t\t\t<\/div>\n\t\t<div class=\"elementor-element elementor-element-584e0e8 e-con-full e-flex e-con e-child\" data-id=\"584e0e8\" data-element_type=\"container\" data-e-type=\"container\">\n\t\t\t\t<div class=\"elementor-element elementor-element-ce076cc elementor-align-justify elementor-widget elementor-widget-button\" data-id=\"ce076cc\" data-element_type=\"widget\" data-e-type=\"widget\" data-widget_type=\"button.default\">\n\t\t\t\t<div class=\"elementor-widget-container\">\n\t\t\t\t\t\t\t\t\t<div class=\"elementor-button-wrapper\">\n\t\t\t\t\t<a class=\"elementor-button elementor-button-link elementor-size-sm elementor-animation-grow\" href=\"https:\/\/smartinternationaltrade.com\/wp-content\/uploads\/2023\/04\/alt-giyim.pdf\">\n\t\t\t\t\t\t<span class=\"elementor-button-content-wrapper\">\n\t\t\t\t\t\t<span class=\"elementor-button-icon\">\n\t\t\t\t<i aria-hidden=\"true\" class=\"fas fa-external-link-alt\"><\/i>\t\t\t<\/span>\n\t\t\t\t\t\t\t\t\t<span class=\"elementor-button-text\">Als\u00f3 ruh\u00e1zati katal\u00f3gus<\/span>\n\t\t\t\t\t<\/span>\n\t\t\t\t\t<\/a>\n\t\t\t\t<\/div>\n\t\t\t\t\t\t\t\t<\/div>\n\t\t\t\t<\/div>\n\t\t\t\t<\/div>\n\t\t\t\t\t<\/div>\n\t\t\t\t<\/div>\n\t\t\t\t<\/div>","protected":false},"excerpt":{"rendered":"<p>SMART INTERNATIONAL TRADE TEKST\u0130L T\u00fcrkiye\u2019de bulunan, alan\u0131n\u0131n en iyi \u00fcreticileri ile partnerlik yapmaktay\u0131z. Tedarik yeteneklerimizi, m\u00fc\u015fterilerimizin her bir ihtiyac\u0131na y\u00f6nelik en y\u00fcksek standartlar\u0131 elde etmek i\u00e7in kalite garantisi sunan \u00fcreticilerimiz ile bulu\u015fturuyoruz. D\u00fcnyan\u0131n \u00e7e\u015fitli b\u00f6lgelerinde bulunan m\u00fc\u015fterilerimizin her t\u00fcrl\u00fc taleplerini , bir tekstil devi olan \u00fclkemizin dinamiklerini kullanarak kar\u015f\u0131lamaktay\u0131z. \u00d6zellikle \u0130\u015f K\u0131yafetleri , Kurumsal Giyim [&hellip;]<\/p>\n","protected":false},"author":1,"featured_media":0,"parent":135,"menu_order":0,"comment_status":"closed","ping_status":"closed","template":"","meta":{"footnotes":""},"class_list":["post-842","page","type-page","status-publish","hentry"],"_links":{"self":[{"href":"https:\/\/smartinternationaltrade.com\/hu\/wp-json\/wp\/v2\/pages\/842","targetHints":{"allow":["GET"]}}],"collection":[{"href":"https:\/\/smartinternationaltrade.com\/hu\/wp-json\/wp\/v2\/pages"}],"about":[{"href":"https:\/\/smartinternationaltrade.com\/hu\/wp-json\/wp\/v2\/types\/page"}],"author":[{"embeddable":true,"href":"https:\/\/smartinternationaltrade.com\/hu\/wp-json\/wp\/v2\/users\/1"}],"replies":[{"embeddable":true,"href":"https:\/\/smartinternationaltrade.com\/hu\/wp-json\/wp\/v2\/comments?post=842"}],"version-history":[{"count":46,"href":"https:\/\/smartinternationaltrade.com\/hu\/wp-json\/wp\/v2\/pages\/842\/revisions"}],"predecessor-version":[{"id":1743,"href":"https:\/\/smartinternationaltrade.com\/hu\/wp-json\/wp\/v2\/pages\/842\/revisions\/1743"}],"up":[{"embeddable":true,"href":"https:\/\/smartinternationaltrade.com\/hu\/wp-json\/wp\/v2\/pages\/135"}],"wp:attachment":[{"href":"https:\/\/smartinternationaltrade.com\/hu\/wp-json\/wp\/v2\/media?parent=842"}],"curies":[{"name":"wp","href":"https:\/\/api.w.org\/{rel}","templated":true}]}}