{"id":1550,"date":"2024-05-22T06:04:01","date_gmt":"2024-05-22T06:04:01","guid":{"rendered":"https:\/\/www.smartinternationaltrade.com\/?page_id=1550"},"modified":"2025-03-24T21:37:23","modified_gmt":"2025-03-24T18:37:23","slug":"bilisim-teknolojileri","status":"publish","type":"page","link":"https:\/\/smartinternationaltrade.com\/sk\/hizmetlerimiz\/bilisim-teknolojileri\/","title":{"rendered":"Informa\u010dn\u00e9 technol\u00f3gie"},"content":{"rendered":"<div data-elementor-type=\"wp-page\" data-elementor-id=\"1550\" class=\"elementor elementor-1550\" data-elementor-post-type=\"page\">\n\t\t\t\t<div class=\"elementor-element elementor-element-a897316 e-con-full e-flex e-con e-parent\" data-id=\"a897316\" data-element_type=\"container\" data-e-type=\"container\" data-settings=\"{&quot;background_background&quot;:&quot;classic&quot;}\">\n\t\t<div class=\"elementor-element elementor-element-8dca323 e-con-full e-flex e-con e-child\" data-id=\"8dca323\" data-element_type=\"container\" data-e-type=\"container\">\n\t\t\t\t<\/div>\n\t\t\t\t<\/div>\n\t\t<div class=\"elementor-element elementor-element-d3972e2 e-flex e-con-boxed e-con e-parent\" data-id=\"d3972e2\" data-element_type=\"container\" data-e-type=\"container\">\n\t\t\t\t\t<div class=\"e-con-inner\">\n\t\t<div class=\"elementor-element elementor-element-e2b460f e-con-full e-flex e-con e-child\" data-id=\"e2b460f\" data-element_type=\"container\" data-e-type=\"container\">\n\t\t<div class=\"elementor-element elementor-element-1dfaba5 e-con-full e-flex e-con e-child\" data-id=\"1dfaba5\" data-element_type=\"container\" data-e-type=\"container\">\n\t\t<div class=\"elementor-element elementor-element-4eaae76 e-con-full e-flex e-con e-child\" data-id=\"4eaae76\" data-element_type=\"container\" data-e-type=\"container\">\n\t\t\t\t<div class=\"elementor-element elementor-element-7c5b265 elementor-widget elementor-widget-image\" data-id=\"7c5b265\" data-element_type=\"widget\" data-e-type=\"widget\" data-widget_type=\"image.default\">\n\t\t\t\t<div class=\"elementor-widget-container\">\n\t\t\t\t\t\t\t\t\t\t\t\t\t\t\t<img fetchpriority=\"high\" decoding=\"async\" width=\"500\" height=\"334\" src=\"https:\/\/smartinternationaltrade.com\/wp-content\/uploads\/2024\/05\/bt-teknolojileri.webp\" class=\"attachment-full size-full wp-image-1566\" alt=\"\" srcset=\"https:\/\/smartinternationaltrade.com\/wp-content\/uploads\/2024\/05\/bt-teknolojileri.webp 500w, https:\/\/smartinternationaltrade.com\/wp-content\/uploads\/2024\/05\/bt-teknolojileri-300x200.webp 300w, https:\/\/smartinternationaltrade.com\/wp-content\/uploads\/2024\/05\/bt-teknolojileri-18x12.webp 18w\" sizes=\"(max-width: 500px) 100vw, 500px\" \/>\t\t\t\t\t\t\t\t\t\t\t\t\t\t\t<\/div>\n\t\t\t\t<\/div>\n\t\t\t\t<\/div>\n\t\t<div class=\"elementor-element elementor-element-62f6faa e-con-full e-flex e-con e-child\" data-id=\"62f6faa\" data-element_type=\"container\" data-e-type=\"container\">\n\t\t\t\t<div class=\"elementor-element elementor-element-77f050d elementor-widget elementor-widget-heading\" data-id=\"77f050d\" data-element_type=\"widget\" data-e-type=\"widget\" data-widget_type=\"heading.default\">\n\t\t\t\t<div class=\"elementor-widget-container\">\n\t\t\t\t\t<h5 class=\"elementor-heading-title elementor-size-default\">SMART INTERNATIONAL TRADE<\/h5>\t\t\t\t<\/div>\n\t\t\t\t<\/div>\n\t\t\t\t<div class=\"elementor-element elementor-element-216b306 elementor-widget elementor-widget-heading\" data-id=\"216b306\" data-element_type=\"widget\" data-e-type=\"widget\" data-widget_type=\"heading.default\">\n\t\t\t\t<div class=\"elementor-widget-container\">\n\t\t\t\t\t<h2 class=\"elementor-heading-title elementor-size-default\">INFORMA\u010cN\u00c9 TECHNOL\u00d3GIE\n<br>\nKYBERNETICK\u00c1 BEZPE\u010cNOS\u0164<\/h2>\t\t\t\t<\/div>\n\t\t\t\t<\/div>\n\t\t\t\t<\/div>\n\t\t\t\t<\/div>\n\t\t\t\t<\/div>\n\t\t\t\t\t<\/div>\n\t\t\t\t<\/div>\n\t\t<div class=\"elementor-element elementor-element-d40623c e-flex e-con-boxed e-con e-parent\" data-id=\"d40623c\" data-element_type=\"container\" data-e-type=\"container\">\n\t\t\t\t\t<div class=\"e-con-inner\">\n\t\t<div class=\"elementor-element elementor-element-354fdb8 e-con-full e-flex e-con e-child\" data-id=\"354fdb8\" data-element_type=\"container\" data-e-type=\"container\">\n\t\t<div class=\"elementor-element elementor-element-7de3d93 e-con-full e-flex e-con e-child\" data-id=\"7de3d93\" data-element_type=\"container\" data-e-type=\"container\">\n\t\t<div class=\"elementor-element elementor-element-5d0791e e-con-full e-flex e-con e-child\" data-id=\"5d0791e\" data-element_type=\"container\" data-e-type=\"container\">\n\t\t\t\t<div class=\"elementor-element elementor-element-134ba65 elementor-widget elementor-widget-text-editor\" data-id=\"134ba65\" data-element_type=\"widget\" data-e-type=\"widget\" data-widget_type=\"text-editor.default\">\n\t\t\t\t<div class=\"elementor-widget-container\">\n\t\t\t\t\t\t\t\t\t<p>Informa\u010dn\u00e9 technol\u00f3gie (IT) sa vz\u0165ahuj\u00fa na technol\u00f3gie pou\u017e\u00edvan\u00e9 na zhroma\u017e\u010fovanie, spracovanie, uchov\u00e1vanie a prenos inform\u00e1ci\u00ed a \u00fadajov. Tieto technol\u00f3gie zohr\u00e1vaj\u00fa rozhoduj\u00facu \u00falohu v ka\u017edom aspekte modern\u00e9ho sveta a pou\u017e\u00edvaj\u00fa sa v \u0161irokej \u0161k\u00e1le aplik\u00e1ci\u00ed od podnikov a\u017e po ka\u017edodenn\u00fd \u017eivot. Medzi k\u013e\u00fa\u010dov\u00e9 zlo\u017eky IT patria po\u010d\u00edta\u010de, softv\u00e9r, siete a rie\u0161enia na ukladanie \u00fadajov.<\/p><p>Kybernetick\u00e1 bezpe\u010dnos\u0165 je s\u00fabor technologick\u00fdch a organiza\u010dn\u00fdch opatren\u00ed zameran\u00fdch na ochranu digit\u00e1lnych \u00fadajov, syst\u00e9mov a siet\u00ed pred neopr\u00e1vnen\u00fdm pr\u00edstupom, \u00fatokmi a po\u0161koden\u00edm. V s\u00fa\u010dasnosti, v s\u00favislosti s roz\u0161\u00edren\u00fdm pou\u017e\u00edvan\u00edm internetu, sa v\u00fdznam kybernetickej bezpe\u010dnosti e\u0161te zv\u00fd\u0161il.<\/p><p><strong>V\u00fdznam kybernetickej bezpe\u010dnosti<\/strong><\/p><p>Mnoh\u00e9 d\u00f4le\u017eit\u00e9 inform\u00e1cie, od osobn\u00fdch \u00fadajov a\u017e po finan\u010dn\u00e9 inform\u00e1cie, od \u0161t\u00e1tnych tajomstiev a\u017e po firemn\u00e9 inform\u00e1cie, s\u00fa ulo\u017een\u00e9 v digit\u00e1lnom prostred\u00ed. Ochrana t\u00fdchto inform\u00e1ci\u00ed je nevyhnutn\u00e1 pre bezpe\u010dnos\u0165 jednotlivcov aj spolo\u010dnosti. Kybernetick\u00e9 \u00fatoky m\u00f4\u017eu sp\u00f4sobi\u0165 finan\u010dn\u00e9 straty, po\u0161kodi\u0165 poves\u0165 a sp\u00f4sobi\u0165 naru\u0161enie prev\u00e1dzky.<\/p>\t\t\t\t\t\t\t\t<\/div>\n\t\t\t\t<\/div>\n\t\t\t\t<\/div>\n\t\t<div class=\"elementor-element elementor-element-7246767 e-con-full e-flex e-con e-child\" data-id=\"7246767\" data-element_type=\"container\" data-e-type=\"container\">\n\t\t\t\t<div class=\"elementor-element elementor-element-e41fed6 elementor-widget elementor-widget-image\" data-id=\"e41fed6\" data-element_type=\"widget\" data-e-type=\"widget\" data-widget_type=\"image.default\">\n\t\t\t\t<div class=\"elementor-widget-container\">\n\t\t\t\t\t\t\t\t\t\t\t\t\t\t\t\t<a href=\"https:\/\/smartinternationaltrade.com\/wp-content\/uploads\/2024\/05\/smart-bt-products.pdf\">\n\t\t\t\t\t\t\t<img decoding=\"async\" width=\"1811\" height=\"2560\" src=\"https:\/\/smartinternationaltrade.com\/wp-content\/uploads\/2024\/05\/bt-pro-thumb-scaled.webp\" class=\"elementor-animation-grow attachment-full size-full wp-image-1574\" alt=\"\" srcset=\"https:\/\/smartinternationaltrade.com\/wp-content\/uploads\/2024\/05\/bt-pro-thumb-scaled.webp 1811w, https:\/\/smartinternationaltrade.com\/wp-content\/uploads\/2024\/05\/bt-pro-thumb-212x300.webp 212w, https:\/\/smartinternationaltrade.com\/wp-content\/uploads\/2024\/05\/bt-pro-thumb-724x1024.webp 724w, https:\/\/smartinternationaltrade.com\/wp-content\/uploads\/2024\/05\/bt-pro-thumb-768x1086.webp 768w, https:\/\/smartinternationaltrade.com\/wp-content\/uploads\/2024\/05\/bt-pro-thumb-1086x1536.webp 1086w, https:\/\/smartinternationaltrade.com\/wp-content\/uploads\/2024\/05\/bt-pro-thumb-1448x2048.webp 1448w, https:\/\/smartinternationaltrade.com\/wp-content\/uploads\/2024\/05\/bt-pro-thumb-8x12.webp 8w, https:\/\/smartinternationaltrade.com\/wp-content\/uploads\/2024\/05\/bt-pro-thumb-700x990.webp 700w\" sizes=\"(max-width: 1811px) 100vw, 1811px\" \/>\t\t\t\t\t\t\t\t<\/a>\n\t\t\t\t\t\t\t\t\t\t\t\t\t\t\t<\/div>\n\t\t\t\t<\/div>\n\t\t\t\t<div class=\"elementor-element elementor-element-da4e15b elementor-align-justify elementor-widget__width-initial elementor-widget-mobile__width-inherit elementor-widget elementor-widget-button\" data-id=\"da4e15b\" data-element_type=\"widget\" data-e-type=\"widget\" data-widget_type=\"button.default\">\n\t\t\t\t<div class=\"elementor-widget-container\">\n\t\t\t\t\t\t\t\t\t<div class=\"elementor-button-wrapper\">\n\t\t\t\t\t<a class=\"elementor-button elementor-button-link elementor-size-sm elementor-animation-grow\" href=\"https:\/\/smartinternationaltrade.com\/wp-content\/uploads\/2024\/05\/smart-bt-products.pdf\">\n\t\t\t\t\t\t<span class=\"elementor-button-content-wrapper\">\n\t\t\t\t\t\t<span class=\"elementor-button-icon\">\n\t\t\t\t<i aria-hidden=\"true\" class=\"fas fa-external-link-alt\"><\/i>\t\t\t<\/span>\n\t\t\t\t\t\t\t\t\t<span class=\"elementor-button-text\">Katal\u00f3g kybernetickej bezpe\u010dnosti<\/span>\n\t\t\t\t\t<\/span>\n\t\t\t\t\t<\/a>\n\t\t\t\t<\/div>\n\t\t\t\t\t\t\t\t<\/div>\n\t\t\t\t<\/div>\n\t\t\t\t<\/div>\n\t\t\t\t<\/div>\n\t\t\t\t<\/div>\n\t\t\t\t\t<\/div>\n\t\t\t\t<\/div>\n\t\t\t\t<\/div>","protected":false},"excerpt":{"rendered":"<p>SMART INTERNATIONAL TRADE B\u0130L\u0130\u015e\u0130M TEKNOLOJ\u0130LER\u0130 S\u0130BER G\u00dcVENL\u0130K Bili\u015fim Teknolojileri (BT), bilgi ve verilerin toplanmas\u0131, i\u015flenmesi, depolanmas\u0131 ve iletilmesi i\u00e7in kullan\u0131lan teknolojileri ifade eder. Bu teknolojiler, modern d\u00fcnyan\u0131n her alan\u0131nda kritik bir rol oynamaktad\u0131r ve i\u015fletmelerden g\u00fcnl\u00fck ya\u015fama kadar geni\u015f bir yelpazede uygulanmaktad\u0131r. BT\u2019nin temel bile\u015fenleri aras\u0131nda bilgisayarlar, yaz\u0131l\u0131mlar, a\u011flar ve veri depolama \u00e7\u00f6z\u00fcmleri yer al\u0131r. [&hellip;]<\/p>\n","protected":false},"author":1,"featured_media":0,"parent":135,"menu_order":0,"comment_status":"closed","ping_status":"closed","template":"","meta":{"footnotes":""},"class_list":["post-1550","page","type-page","status-publish","hentry"],"_links":{"self":[{"href":"https:\/\/smartinternationaltrade.com\/sk\/wp-json\/wp\/v2\/pages\/1550","targetHints":{"allow":["GET"]}}],"collection":[{"href":"https:\/\/smartinternationaltrade.com\/sk\/wp-json\/wp\/v2\/pages"}],"about":[{"href":"https:\/\/smartinternationaltrade.com\/sk\/wp-json\/wp\/v2\/types\/page"}],"author":[{"embeddable":true,"href":"https:\/\/smartinternationaltrade.com\/sk\/wp-json\/wp\/v2\/users\/1"}],"replies":[{"embeddable":true,"href":"https:\/\/smartinternationaltrade.com\/sk\/wp-json\/wp\/v2\/comments?post=1550"}],"version-history":[{"count":31,"href":"https:\/\/smartinternationaltrade.com\/sk\/wp-json\/wp\/v2\/pages\/1550\/revisions"}],"predecessor-version":[{"id":1816,"href":"https:\/\/smartinternationaltrade.com\/sk\/wp-json\/wp\/v2\/pages\/1550\/revisions\/1816"}],"up":[{"embeddable":true,"href":"https:\/\/smartinternationaltrade.com\/sk\/wp-json\/wp\/v2\/pages\/135"}],"wp:attachment":[{"href":"https:\/\/smartinternationaltrade.com\/sk\/wp-json\/wp\/v2\/media?parent=1550"}],"curies":[{"name":"wp","href":"https:\/\/api.w.org\/{rel}","templated":true}]}}