{"id":742,"date":"2023-02-26T08:15:26","date_gmt":"2023-02-26T08:15:26","guid":{"rendered":"https:\/\/www.smartinternationaltrade.com\/?page_id=742"},"modified":"2025-03-24T21:24:20","modified_gmt":"2025-03-24T18:24:20","slug":"tarim-ve-gida","status":"publish","type":"page","link":"https:\/\/smartinternationaltrade.com\/sk\/hizmetlerimiz\/tarim-ve-gida\/","title":{"rendered":"Po\u013enohospod\u00e1rstvo a potraviny"},"content":{"rendered":"<div data-elementor-type=\"wp-page\" data-elementor-id=\"742\" class=\"elementor elementor-742\" data-elementor-post-type=\"page\">\n\t\t\t\t<div class=\"elementor-element elementor-element-f4bb80e e-con-full e-flex e-con e-parent\" data-id=\"f4bb80e\" data-element_type=\"container\" data-e-type=\"container\" data-settings=\"{&quot;background_background&quot;:&quot;classic&quot;}\">\n\t\t<div class=\"elementor-element elementor-element-6276831 e-con-full e-flex e-con e-child\" data-id=\"6276831\" data-element_type=\"container\" data-e-type=\"container\">\n\t\t\t\t<\/div>\n\t\t\t\t<\/div>\n\t\t<div class=\"elementor-element elementor-element-aadff07 e-flex e-con-boxed e-con e-parent\" data-id=\"aadff07\" data-element_type=\"container\" data-e-type=\"container\">\n\t\t\t\t\t<div class=\"e-con-inner\">\n\t\t<div class=\"elementor-element elementor-element-e101317 e-con-full e-flex e-con e-child\" data-id=\"e101317\" data-element_type=\"container\" data-e-type=\"container\">\n\t\t<div class=\"elementor-element elementor-element-1c8fe0a e-con-full e-flex e-con e-child\" data-id=\"1c8fe0a\" data-element_type=\"container\" data-e-type=\"container\">\n\t\t<div class=\"elementor-element elementor-element-2e0c53a e-con-full e-flex e-con e-child\" data-id=\"2e0c53a\" data-element_type=\"container\" data-e-type=\"container\">\n\t\t\t\t<div class=\"elementor-element elementor-element-343b480 elementor-widget elementor-widget-image\" data-id=\"343b480\" data-element_type=\"widget\" data-e-type=\"widget\" data-widget_type=\"image.default\">\n\t\t\t\t<div class=\"elementor-widget-container\">\n\t\t\t\t\t\t\t\t\t\t\t\t\t\t\t<img fetchpriority=\"high\" decoding=\"async\" width=\"500\" height=\"300\" src=\"https:\/\/smartinternationaltrade.com\/wp-content\/uploads\/2023\/03\/4-tarim.jpg\" class=\"attachment-full size-full wp-image-834\" alt=\"\" srcset=\"https:\/\/smartinternationaltrade.com\/wp-content\/uploads\/2023\/03\/4-tarim.jpg 500w, https:\/\/smartinternationaltrade.com\/wp-content\/uploads\/2023\/03\/4-tarim-300x180.jpg 300w\" sizes=\"(max-width: 500px) 100vw, 500px\" \/>\t\t\t\t\t\t\t\t\t\t\t\t\t\t\t<\/div>\n\t\t\t\t<\/div>\n\t\t\t\t<\/div>\n\t\t<div class=\"elementor-element elementor-element-2159ce7 e-con-full e-flex e-con e-child\" data-id=\"2159ce7\" data-element_type=\"container\" data-e-type=\"container\">\n\t\t\t\t<div class=\"elementor-element elementor-element-868bbf2 elementor-widget elementor-widget-heading\" data-id=\"868bbf2\" data-element_type=\"widget\" data-e-type=\"widget\" data-widget_type=\"heading.default\">\n\t\t\t\t<div class=\"elementor-widget-container\">\n\t\t\t\t\t<h5 class=\"elementor-heading-title elementor-size-default\">SMART INTERNATIONAL TRADE<\/h5>\t\t\t\t<\/div>\n\t\t\t\t<\/div>\n\t\t\t\t<div class=\"elementor-element elementor-element-b95e983 elementor-widget elementor-widget-heading\" data-id=\"b95e983\" data-element_type=\"widget\" data-e-type=\"widget\" data-widget_type=\"heading.default\">\n\t\t\t\t<div class=\"elementor-widget-container\">\n\t\t\t\t\t<h2 class=\"elementor-heading-title elementor-size-default\">Po\u013enohospod\u00e1rstvo a potraviny<\/h2>\t\t\t\t<\/div>\n\t\t\t\t<\/div>\n\t\t\t\t<\/div>\n\t\t\t\t<\/div>\n\t\t\t\t<\/div>\n\t\t\t\t\t<\/div>\n\t\t\t\t<\/div>\n\t\t<div class=\"elementor-element elementor-element-b3fa151 e-flex e-con-boxed e-con e-parent\" data-id=\"b3fa151\" data-element_type=\"container\" data-e-type=\"container\">\n\t\t\t\t\t<div class=\"e-con-inner\">\n\t\t<div class=\"elementor-element elementor-element-b8128b6 e-con-full e-flex e-con e-child\" data-id=\"b8128b6\" data-element_type=\"container\" data-e-type=\"container\">\n\t\t\t\t<div class=\"elementor-element elementor-element-fd01cde elementor-widget elementor-widget-text-editor\" data-id=\"fd01cde\" data-element_type=\"widget\" data-e-type=\"widget\" data-widget_type=\"text-editor.default\">\n\t\t\t\t<div class=\"elementor-widget-container\">\n\t\t\t\t\t\t\t\t\t<p>V r\u00e1mci obchodnej \u010dinnosti na\u0161ej spolo\u010dnosti je dod\u00e1vka a v\u00fdvoz po\u013enohospod\u00e1rskych a potravin\u00e1rskych v\u00fdrobkov, ktor\u00e9 s\u00fa zlo\u017een\u00e9 z hlavn\u00fdch pr\u00edrodn\u00fdch zdrojov na\u0161ej krajiny a zaberaj\u00fa ve\u013emi d\u00f4le\u017eit\u00e9 miesto vo v\u00fdrobnej oblasti.<\/p><p>Vzh\u013eadom na zemepisn\u00fa \u0161trukt\u00faru a klimatick\u00e9 charakteristiky na\u0161ej krajiny ver\u00edme, \u017ee po\u013enohospod\u00e1rske v\u00fdrobky bud\u00fa ma\u0165 ve\u013emi d\u00f4le\u017eit\u00e9 miesto na svetovom trhu a v tomto smere pracujeme priamo s najpresnej\u0161\u00edmi v\u00fdrobcami.<\/p><p>Na z\u00e1klade po\u017eiadaviek z r\u00f4znych kraj\u00edn sveta zabezpe\u010dujeme dod\u00e1vky 100% pr\u00edrodn\u00fdch zlo\u017eiek, potrav\u00edn a po\u013enohospod\u00e1rskych v\u00fdrobkov v na\u0161om country.in tomto smere, v\u0161etci na\u0161i v\u00fdrobcovia, ktor\u00fdch dod\u00e1vame, maj\u00fa schopnos\u0165 dod\u00e1va\u0165 v\u00fdrobky so v\u0161etk\u00fdmi potrebn\u00fdmi certifik\u00e1tmi, ktor\u00e9 s\u00fa vhodn\u00e9 pre v\u00fdrobn\u00e9 procesy a v\u00fdrobky najvy\u0161\u0161ej kvality v po\u017eadovanej forme pod\u013ea po\u017eiadaviek z\u00e1kazn\u00edka.<\/p><p>Na konkuren\u010dnom svetovom trhu vn\u00edmame ten spr\u00e1vny produkt, \u010do je n\u00e1kladovo najefekt\u00edvnej\u0161ie po\u017eiadavky z\u00e1kazn\u00edkov najr\u00fdchlej\u0161\u00edm sp\u00f4sobom a poskytujeme najvy\u0161\u0161iu \u00farove\u0148 spokojnosti na\u0161ich z\u00e1kazn\u00edkov v r\u00f4znych krajin\u00e1ch.<\/p>\t\t\t\t\t\t\t\t<\/div>\n\t\t\t\t<\/div>\n\t\t\t\t<\/div>\n\t\t\t\t\t<\/div>\n\t\t\t\t<\/div>\n\t\t\t\t<\/div>","protected":false},"excerpt":{"rendered":"<p>SMART INTERNATIONAL TRADE \u015eirketimizin ticari faaliyetleri i\u00e7erisinde \u00fclkemizin ba\u015fl\u0131ca do\u011fal kaynaklar\u0131ndan olu\u015fan ve \u00fcretim alan\u0131nda \u00e7ok \u00f6nemli bir yer tutan tar\u0131m ve g\u0131da \u00fcr\u00fcnlerinin tedari\u011fi ve ihracat\u0131 mevcuttur. \u00dclkemizin co\u011frafi yap\u0131s\u0131 ve iklim \u00f6zellikleri g\u00f6z \u00f6n\u00fcne al\u0131nd\u0131\u011f\u0131nda, tar\u0131m \u00fcr\u00fcnlerinin d\u00fcnya marketinde \u00e7ok \u00f6nemli bir yeri olaca\u011f\u0131na inan\u0131yoruz ve bu do\u011frultuda en do\u011fru \u00fcreticilerle direkt olarak [&hellip;]<\/p>\n","protected":false},"author":1,"featured_media":0,"parent":135,"menu_order":0,"comment_status":"closed","ping_status":"closed","template":"","meta":{"footnotes":""},"class_list":["post-742","page","type-page","status-publish","hentry"],"_links":{"self":[{"href":"https:\/\/smartinternationaltrade.com\/sk\/wp-json\/wp\/v2\/pages\/742","targetHints":{"allow":["GET"]}}],"collection":[{"href":"https:\/\/smartinternationaltrade.com\/sk\/wp-json\/wp\/v2\/pages"}],"about":[{"href":"https:\/\/smartinternationaltrade.com\/sk\/wp-json\/wp\/v2\/types\/page"}],"author":[{"embeddable":true,"href":"https:\/\/smartinternationaltrade.com\/sk\/wp-json\/wp\/v2\/users\/1"}],"replies":[{"embeddable":true,"href":"https:\/\/smartinternationaltrade.com\/sk\/wp-json\/wp\/v2\/comments?post=742"}],"version-history":[{"count":55,"href":"https:\/\/smartinternationaltrade.com\/sk\/wp-json\/wp\/v2\/pages\/742\/revisions"}],"predecessor-version":[{"id":1800,"href":"https:\/\/smartinternationaltrade.com\/sk\/wp-json\/wp\/v2\/pages\/742\/revisions\/1800"}],"up":[{"embeddable":true,"href":"https:\/\/smartinternationaltrade.com\/sk\/wp-json\/wp\/v2\/pages\/135"}],"wp:attachment":[{"href":"https:\/\/smartinternationaltrade.com\/sk\/wp-json\/wp\/v2\/media?parent=742"}],"curies":[{"name":"wp","href":"https:\/\/api.w.org\/{rel}","templated":true}]}}