{"id":842,"date":"2023-03-04T23:26:02","date_gmt":"2023-03-04T23:26:02","guid":{"rendered":"https:\/\/www.smartinternationaltrade.com\/?page_id=842"},"modified":"2025-03-24T20:42:17","modified_gmt":"2025-03-24T17:42:17","slug":"tekstil","status":"publish","type":"page","link":"https:\/\/smartinternationaltrade.com\/sk\/hizmetlerimiz\/tekstil\/","title":{"rendered":"Textil"},"content":{"rendered":"<div data-elementor-type=\"wp-page\" data-elementor-id=\"842\" class=\"elementor elementor-842\" data-elementor-post-type=\"page\">\n\t\t\t\t<div class=\"elementor-element elementor-element-a28c6f0 e-con-full e-flex e-con e-parent\" data-id=\"a28c6f0\" data-element_type=\"container\" data-e-type=\"container\" data-settings=\"{&quot;background_background&quot;:&quot;classic&quot;}\">\n\t\t<div class=\"elementor-element elementor-element-7bb3ac5 e-con-full e-flex e-con e-child\" data-id=\"7bb3ac5\" data-element_type=\"container\" data-e-type=\"container\">\n\t\t\t\t<\/div>\n\t\t\t\t<\/div>\n\t\t<div class=\"elementor-element elementor-element-cb28831 e-flex e-con-boxed e-con e-parent\" data-id=\"cb28831\" data-element_type=\"container\" data-e-type=\"container\">\n\t\t\t\t\t<div class=\"e-con-inner\">\n\t\t<div class=\"elementor-element elementor-element-9fb38c3 e-con-full e-flex e-con e-child\" data-id=\"9fb38c3\" data-element_type=\"container\" data-e-type=\"container\">\n\t\t<div class=\"elementor-element elementor-element-efd2957 e-con-full e-flex e-con e-child\" data-id=\"efd2957\" data-element_type=\"container\" data-e-type=\"container\">\n\t\t<div class=\"elementor-element elementor-element-cdae217 e-con-full e-flex e-con e-child\" data-id=\"cdae217\" data-element_type=\"container\" data-e-type=\"container\">\n\t\t\t\t<div class=\"elementor-element elementor-element-b4f2512 elementor-widget elementor-widget-image\" data-id=\"b4f2512\" data-element_type=\"widget\" data-e-type=\"widget\" data-widget_type=\"image.default\">\n\t\t\t\t<div class=\"elementor-widget-container\">\n\t\t\t\t\t\t\t\t\t\t\t\t\t\t\t<img fetchpriority=\"high\" decoding=\"async\" width=\"500\" height=\"300\" src=\"https:\/\/smartinternationaltrade.com\/wp-content\/uploads\/2023\/03\/1-tekstil.jpg\" class=\"attachment-full size-full wp-image-831\" alt=\"\" srcset=\"https:\/\/smartinternationaltrade.com\/wp-content\/uploads\/2023\/03\/1-tekstil.jpg 500w, https:\/\/smartinternationaltrade.com\/wp-content\/uploads\/2023\/03\/1-tekstil-300x180.jpg 300w\" sizes=\"(max-width: 500px) 100vw, 500px\" \/>\t\t\t\t\t\t\t\t\t\t\t\t\t\t\t<\/div>\n\t\t\t\t<\/div>\n\t\t\t\t<\/div>\n\t\t<div class=\"elementor-element elementor-element-bdaf878 e-con-full e-flex e-con e-child\" data-id=\"bdaf878\" data-element_type=\"container\" data-e-type=\"container\">\n\t\t\t\t<div class=\"elementor-element elementor-element-74c5d4f elementor-widget elementor-widget-heading\" data-id=\"74c5d4f\" data-element_type=\"widget\" data-e-type=\"widget\" data-widget_type=\"heading.default\">\n\t\t\t\t<div class=\"elementor-widget-container\">\n\t\t\t\t\t<h5 class=\"elementor-heading-title elementor-size-default\">SMART INTERNATIONAL TRADE<\/h5>\t\t\t\t<\/div>\n\t\t\t\t<\/div>\n\t\t\t\t<div class=\"elementor-element elementor-element-f51cf67 elementor-widget elementor-widget-heading\" data-id=\"f51cf67\" data-element_type=\"widget\" data-e-type=\"widget\" data-widget_type=\"heading.default\">\n\t\t\t\t<div class=\"elementor-widget-container\">\n\t\t\t\t\t<h2 class=\"elementor-heading-title elementor-size-default\">TEXTIL<\/h2>\t\t\t\t<\/div>\n\t\t\t\t<\/div>\n\t\t\t\t<\/div>\n\t\t\t\t<\/div>\n\t\t\t\t<\/div>\n\t\t\t\t\t<\/div>\n\t\t\t\t<\/div>\n\t\t<div class=\"elementor-element elementor-element-62ec374 e-flex e-con-boxed e-con e-parent\" data-id=\"62ec374\" data-element_type=\"container\" data-e-type=\"container\">\n\t\t\t\t\t<div class=\"e-con-inner\">\n\t\t<div class=\"elementor-element elementor-element-faf2e55 e-con-full e-flex e-con e-child\" data-id=\"faf2e55\" data-element_type=\"container\" data-e-type=\"container\">\n\t\t\t\t<div class=\"elementor-element elementor-element-79e311c elementor-widget elementor-widget-text-editor\" data-id=\"79e311c\" data-element_type=\"widget\" data-e-type=\"widget\" data-widget_type=\"text-editor.default\">\n\t\t\t\t<div class=\"elementor-widget-container\">\n\t\t\t\t\t\t\t\t\t<p>Spolupracujeme s najlep\u0161\u00edmi v\u00fdrobcami v Turecku. Kombinujeme na\u0161e mo\u017enosti obstar\u00e1vania s na\u0161imi v\u00fdrobcami, ktor\u00ed pon\u00fakaj\u00fa z\u00e1ruky kvality na dosiahnutie najvy\u0161\u0161\u00edch \u0161tandardov pre ka\u017ed\u00fa potrebu na\u0161ich z\u00e1kazn\u00edkov. Uspokojujeme v\u0161etky po\u017eiadavky na\u0161ich z\u00e1kazn\u00edkov v r\u00f4znych regi\u00f3noch sveta vyu\u017eit\u00edm dynamiky na\u0161ej krajiny, ktor\u00e1 je textiln\u00fdm gigantom.<\/p><p>Na\u0161im z\u00e1kazn\u00edkom v zahrani\u010d\u00ed poskytujeme najm\u00e4 textiln\u00e9 v\u00fdrobky s pracovn\u00fdm oble\u010den\u00edm, firemn\u00fdm oble\u010den\u00edm, \u0161peci\u00e1lnou dizajn\u00e9rkou.<\/p><p>N\u00e1\u0161 t\u00edm odborn\u00edkov poskytuje dokonal\u00fd dod\u00e1vate\u013esk\u00fd servis, a to t\u00fdm, \u017ee sleduje cel\u00fd proces od objedn\u00e1vky a\u017e po v\u00fdrobu, od v\u00fdroby a\u017e po logistiku.<\/p>\t\t\t\t\t\t\t\t<\/div>\n\t\t\t\t<\/div>\n\t\t\t\t<\/div>\n\t\t\t\t\t<\/div>\n\t\t\t\t<\/div>\n\t\t<div class=\"elementor-element elementor-element-4e8e0d9 e-flex e-con-boxed e-con e-parent\" data-id=\"4e8e0d9\" data-element_type=\"container\" data-e-type=\"container\">\n\t\t\t\t\t<div class=\"e-con-inner\">\n\t\t<div class=\"elementor-element elementor-element-11744e4 e-con-full e-flex e-con e-child\" data-id=\"11744e4\" data-element_type=\"container\" data-e-type=\"container\">\n\t\t\t\t<div class=\"elementor-element elementor-element-8216ddf elementor-align-justify elementor-widget elementor-widget-button\" data-id=\"8216ddf\" data-element_type=\"widget\" data-e-type=\"widget\" data-widget_type=\"button.default\">\n\t\t\t\t<div class=\"elementor-widget-container\">\n\t\t\t\t\t\t\t\t\t<div class=\"elementor-button-wrapper\">\n\t\t\t\t\t<a class=\"elementor-button elementor-button-link elementor-size-sm elementor-animation-grow\" href=\"https:\/\/smartinternationaltrade.com\/wp-content\/uploads\/2023\/04\/canta-ve-valiz.pdf\">\n\t\t\t\t\t\t<span class=\"elementor-button-content-wrapper\">\n\t\t\t\t\t\t<span class=\"elementor-button-icon\">\n\t\t\t\t<i aria-hidden=\"true\" class=\"fas fa-external-link-alt\"><\/i>\t\t\t<\/span>\n\t\t\t\t\t\t\t\t\t<span class=\"elementor-button-text\">Katal\u00f3g ta\u0161iek a bato\u017e\u00edn<\/span>\n\t\t\t\t\t<\/span>\n\t\t\t\t\t<\/a>\n\t\t\t\t<\/div>\n\t\t\t\t\t\t\t\t<\/div>\n\t\t\t\t<\/div>\n\t\t\t\t<\/div>\n\t\t<div class=\"elementor-element elementor-element-f1d1de5 e-con-full e-flex e-con e-child\" data-id=\"f1d1de5\" data-element_type=\"container\" data-e-type=\"container\">\n\t\t\t\t<div class=\"elementor-element elementor-element-0d5c027 elementor-align-justify elementor-widget elementor-widget-button\" data-id=\"0d5c027\" data-element_type=\"widget\" data-e-type=\"widget\" data-widget_type=\"button.default\">\n\t\t\t\t<div class=\"elementor-widget-container\">\n\t\t\t\t\t\t\t\t\t<div class=\"elementor-button-wrapper\">\n\t\t\t\t\t<a class=\"elementor-button elementor-button-link elementor-size-sm elementor-animation-grow\" href=\"https:\/\/smartinternationaltrade.com\/wp-content\/uploads\/2023\/04\/ozel-urunler.pdf\">\n\t\t\t\t\t\t<span class=\"elementor-button-content-wrapper\">\n\t\t\t\t\t\t<span class=\"elementor-button-icon\">\n\t\t\t\t<i aria-hidden=\"true\" class=\"fas fa-external-link-alt\"><\/i>\t\t\t<\/span>\n\t\t\t\t\t\t\t\t\t<span class=\"elementor-button-text\">\u0160peci\u00e1lny katal\u00f3g produktov<\/span>\n\t\t\t\t\t<\/span>\n\t\t\t\t\t<\/a>\n\t\t\t\t<\/div>\n\t\t\t\t\t\t\t\t<\/div>\n\t\t\t\t<\/div>\n\t\t\t\t<\/div>\n\t\t<div class=\"elementor-element elementor-element-752027f e-con-full e-flex e-con e-child\" data-id=\"752027f\" data-element_type=\"container\" data-e-type=\"container\">\n\t\t\t\t<div class=\"elementor-element elementor-element-65b465e elementor-align-justify elementor-widget elementor-widget-button\" data-id=\"65b465e\" data-element_type=\"widget\" data-e-type=\"widget\" data-widget_type=\"button.default\">\n\t\t\t\t<div class=\"elementor-widget-container\">\n\t\t\t\t\t\t\t\t\t<div class=\"elementor-button-wrapper\">\n\t\t\t\t\t<a class=\"elementor-button elementor-size-sm elementor-animation-grow\" role=\"button\">\n\t\t\t\t\t\t<span class=\"elementor-button-content-wrapper\">\n\t\t\t\t\t\t<span class=\"elementor-button-icon\">\n\t\t\t\t<i aria-hidden=\"true\" class=\"fas fa-external-link-alt\"><\/i>\t\t\t<\/span>\n\t\t\t\t\t\t\t\t\t<span class=\"elementor-button-text\">Katal\u00f3g topov<\/span>\n\t\t\t\t\t<\/span>\n\t\t\t\t\t<\/a>\n\t\t\t\t<\/div>\n\t\t\t\t\t\t\t\t<\/div>\n\t\t\t\t<\/div>\n\t\t\t\t<\/div>\n\t\t<div class=\"elementor-element elementor-element-584e0e8 e-con-full e-flex e-con e-child\" data-id=\"584e0e8\" data-element_type=\"container\" data-e-type=\"container\">\n\t\t\t\t<div class=\"elementor-element elementor-element-ce076cc elementor-align-justify elementor-widget elementor-widget-button\" data-id=\"ce076cc\" data-element_type=\"widget\" data-e-type=\"widget\" data-widget_type=\"button.default\">\n\t\t\t\t<div class=\"elementor-widget-container\">\n\t\t\t\t\t\t\t\t\t<div class=\"elementor-button-wrapper\">\n\t\t\t\t\t<a class=\"elementor-button elementor-button-link elementor-size-sm elementor-animation-grow\" href=\"https:\/\/smartinternationaltrade.com\/wp-content\/uploads\/2023\/04\/alt-giyim.pdf\">\n\t\t\t\t\t\t<span class=\"elementor-button-content-wrapper\">\n\t\t\t\t\t\t<span class=\"elementor-button-icon\">\n\t\t\t\t<i aria-hidden=\"true\" class=\"fas fa-external-link-alt\"><\/i>\t\t\t<\/span>\n\t\t\t\t\t\t\t\t\t<span class=\"elementor-button-text\">Spodn\u00fd katal\u00f3g oble\u010denia<\/span>\n\t\t\t\t\t<\/span>\n\t\t\t\t\t<\/a>\n\t\t\t\t<\/div>\n\t\t\t\t\t\t\t\t<\/div>\n\t\t\t\t<\/div>\n\t\t\t\t<\/div>\n\t\t\t\t\t<\/div>\n\t\t\t\t<\/div>\n\t\t\t\t<\/div>","protected":false},"excerpt":{"rendered":"<p>SMART INTERNATIONAL TRADE TEKST\u0130L T\u00fcrkiye\u2019de bulunan, alan\u0131n\u0131n en iyi \u00fcreticileri ile partnerlik yapmaktay\u0131z. Tedarik yeteneklerimizi, m\u00fc\u015fterilerimizin her bir ihtiyac\u0131na y\u00f6nelik en y\u00fcksek standartlar\u0131 elde etmek i\u00e7in kalite garantisi sunan \u00fcreticilerimiz ile bulu\u015fturuyoruz. D\u00fcnyan\u0131n \u00e7e\u015fitli b\u00f6lgelerinde bulunan m\u00fc\u015fterilerimizin her t\u00fcrl\u00fc taleplerini , bir tekstil devi olan \u00fclkemizin dinamiklerini kullanarak kar\u015f\u0131lamaktay\u0131z. \u00d6zellikle \u0130\u015f K\u0131yafetleri , Kurumsal Giyim [&hellip;]<\/p>\n","protected":false},"author":1,"featured_media":0,"parent":135,"menu_order":0,"comment_status":"closed","ping_status":"closed","template":"","meta":{"footnotes":""},"class_list":["post-842","page","type-page","status-publish","hentry"],"_links":{"self":[{"href":"https:\/\/smartinternationaltrade.com\/sk\/wp-json\/wp\/v2\/pages\/842","targetHints":{"allow":["GET"]}}],"collection":[{"href":"https:\/\/smartinternationaltrade.com\/sk\/wp-json\/wp\/v2\/pages"}],"about":[{"href":"https:\/\/smartinternationaltrade.com\/sk\/wp-json\/wp\/v2\/types\/page"}],"author":[{"embeddable":true,"href":"https:\/\/smartinternationaltrade.com\/sk\/wp-json\/wp\/v2\/users\/1"}],"replies":[{"embeddable":true,"href":"https:\/\/smartinternationaltrade.com\/sk\/wp-json\/wp\/v2\/comments?post=842"}],"version-history":[{"count":46,"href":"https:\/\/smartinternationaltrade.com\/sk\/wp-json\/wp\/v2\/pages\/842\/revisions"}],"predecessor-version":[{"id":1743,"href":"https:\/\/smartinternationaltrade.com\/sk\/wp-json\/wp\/v2\/pages\/842\/revisions\/1743"}],"up":[{"embeddable":true,"href":"https:\/\/smartinternationaltrade.com\/sk\/wp-json\/wp\/v2\/pages\/135"}],"wp:attachment":[{"href":"https:\/\/smartinternationaltrade.com\/sk\/wp-json\/wp\/v2\/media?parent=842"}],"curies":[{"name":"wp","href":"https:\/\/api.w.org\/{rel}","templated":true}]}}